{"id":99,"date":"2014-01-06T17:52:31","date_gmt":"2014-01-06T16:52:31","guid":{"rendered":"https:\/\/www.methodologiesrecherchecreation.uqam.ca\/?page_id=99"},"modified":"2014-03-02T16:23:59","modified_gmt":"2014-03-02T15:23:59","slug":"gisele-trudel","status":"publish","type":"page","link":"https:\/\/www.methodologiesrecherchecreation.uqam.ca\/?page_id=99","title":{"rendered":"Gis\u00e8le Trudel"},"content":{"rendered":"<p><a href=\"https:\/\/www.methodologiesrecherchecreation.uqam.ca\/wp-content\/uploads\/2014\/01\/Trudel_Gisele_photoNB.jpg\"><img loading=\"lazy\" decoding=\"async\" class=\"size-full wp-image-256 alignleft\" alt=\"Trudel_Gisele_photoNB\" src=\"https:\/\/www.methodologiesrecherchecreation.uqam.ca\/wp-content\/uploads\/2014\/01\/Trudel_Gisele_photoNB.jpg\" width=\"200\" height=\"200\" srcset=\"https:\/\/www.methodologiesrecherchecreation.uqam.ca\/wp-content\/uploads\/2014\/01\/Trudel_Gisele_photoNB.jpg 200w, https:\/\/www.methodologiesrecherchecreation.uqam.ca\/wp-content\/uploads\/2014\/01\/Trudel_Gisele_photoNB-150x150.jpg 150w\" sizes=\"auto, (max-width: 200px) 100vw, 200px\" \/><\/a>Les projets de <b>Gis\u00e8le Trudel<\/b> portent la signature \u00c6lab, une cellule de recherche artistique qu\u2019elle a fond\u00e9e en 1996 avec le musicien et ing\u00e9nieur du son St\u00e9phane Claude.\u00a0Le duo d\u00e9veloppe une d\u00e9marche artistique rigoureuse, reconnue\u00a0au Canada, en Europe et en Asie, et soutenue \u00e0 maintes reprises par le Conseil des arts du Canada, le Conseil des arts et des lettres du Qu\u00e9bec, le Fonds de recherche du Qu\u00e9bec \u2013 Soci\u00e9t\u00e9 et culture et la fondation Daniel Langlois. Leurs projets de recherche portant sur les relations entre la nature, la technologie et l\u2019information rel\u00e8vent d&rsquo;une \u00e9cologie collaborative liant arts, philosophies processuelles et sciences. Gis\u00e8le Trudel est professeure \u00e0 l\u2019\u00c9cole des arts visuels et m\u00e9diatiques de l\u2019Universit\u00e9 du Qu\u00e9bec \u00e0 Montr\u00e9al, membre d&rsquo;Hexagram et du Grupmuv, et codirectrice d\u2019HexagramCIAM.<\/p>\n<p>&nbsp;<\/p>\n<p><span style=\"text-decoration: underline;\"><span style=\"color: #000000; text-decoration: underline;\"><a href=\"http:\/\/aelab.com\/\"><span style=\"color: #000000; text-decoration: underline;\">aelab.com<\/span><\/a><\/span><\/span><br \/>\n<span style=\"text-decoration: underline;\"><span style=\"color: #000000; text-decoration: underline;\"> <a href=\"http:\/\/hexagramciam.org \"><span style=\"color: #000000; text-decoration: underline;\">hexagramciam.org\u00a0<\/span><\/a><\/span><\/span><br \/>\n<span style=\"text-decoration: underline;\"><span style=\"color: #000000; text-decoration: underline;\"> <a href=\"http:\/\/grupmuv.ca\"><span style=\"color: #000000; text-decoration: underline;\">grupmuv.ca<\/span><\/a><\/span><\/span><\/p>\n<p>&nbsp;<\/p>\n<h1 style=\"text-align: left;\"><span style=\"text-decoration: underline;\"><span style=\"color: #9c26f5; text-decoration: underline;\"><a title=\"4. \u00ab DEMO or Die \u00bb (Negroponte)\" href=\"https:\/\/www.methodologiesrecherchecreation.uqam.ca\/?page_id=571\"><span style=\"color: #9c26f5; text-decoration: underline;\">4. \u00ab DEMO or Die \u00bb (Negroponte)<\/span><\/a><\/span><\/span><\/h1>\n","protected":false},"excerpt":{"rendered":"<p>Les projets de Gis\u00e8le Trudel portent la signature \u00c6lab, une cellule de recherche artistique qu\u2019elle a fond\u00e9e en 1996 avec le musicien et ing\u00e9nieur du son St\u00e9phane Claude.\u00a0Le duo d\u00e9veloppe une d\u00e9marche artistique rigoureuse, reconnue\u00a0au Canada, en Europe et en Asie, et soutenue \u00e0 maintes reprises par le Conseil des arts du Canada, le Conseil [&hellip;]<\/p>\n","protected":false},"author":101011,"featured_media":0,"parent":59,"menu_order":0,"comment_status":"closed","ping_status":"closed","template":"page-templates\/front-page.php","meta":{"footnotes":""},"class_list":["post-99","page","type-page","status-publish","hentry"],"_links":{"self":[{"href":"https:\/\/www.methodologiesrecherchecreation.uqam.ca\/index.php?rest_route=\/wp\/v2\/pages\/99","targetHints":{"allow":["GET"]}}],"collection":[{"href":"https:\/\/www.methodologiesrecherchecreation.uqam.ca\/index.php?rest_route=\/wp\/v2\/pages"}],"about":[{"href":"https:\/\/www.methodologiesrecherchecreation.uqam.ca\/index.php?rest_route=\/wp\/v2\/types\/page"}],"author":[{"embeddable":true,"href":"https:\/\/www.methodologiesrecherchecreation.uqam.ca\/index.php?rest_route=\/wp\/v2\/users\/101011"}],"replies":[{"embeddable":true,"href":"https:\/\/www.methodologiesrecherchecreation.uqam.ca\/index.php?rest_route=%2Fwp%2Fv2%2Fcomments&post=99"}],"version-history":[{"count":21,"href":"https:\/\/www.methodologiesrecherchecreation.uqam.ca\/index.php?rest_route=\/wp\/v2\/pages\/99\/revisions"}],"predecessor-version":[{"id":925,"href":"https:\/\/www.methodologiesrecherchecreation.uqam.ca\/index.php?rest_route=\/wp\/v2\/pages\/99\/revisions\/925"}],"up":[{"embeddable":true,"href":"https:\/\/www.methodologiesrecherchecreation.uqam.ca\/index.php?rest_route=\/wp\/v2\/pages\/59"}],"wp:attachment":[{"href":"https:\/\/www.methodologiesrecherchecreation.uqam.ca\/index.php?rest_route=%2Fwp%2Fv2%2Fmedia&parent=99"}],"curies":[{"name":"wp","href":"https:\/\/api.w.org\/{rel}","templated":true}]}}