{"id":957,"date":"2014-03-10T17:10:17","date_gmt":"2014-03-10T16:10:17","guid":{"rendered":"https:\/\/www.methodologiesrecherchecreation.uqam.ca\/?page_id=957"},"modified":"2014-03-10T17:36:30","modified_gmt":"2014-03-10T16:36:30","slug":"communique","status":"publish","type":"page","link":"https:\/\/www.methodologiesrecherchecreation.uqam.ca\/?page_id=957","title":{"rendered":"Communiqu\u00e9"},"content":{"rendered":"<p><strong>&#8211;\u00a0For English please scroll down\u00a0&#8211;<\/strong><\/p>\n<p style=\"padding-left: 240px;\"><strong style=\"color: #9901fc; text-decoration: underline; font-size: 1.285714286rem; line-height: 1.6;\"><a href=\"https:\/\/www.methodologiesrecherchecreation.uqam.ca\/\" target=\"_blank\"><span style=\"color: #9901fc; text-decoration: underline;\">LA RECHERCHE-CREATION: Territoire d\u2019innovation m\u00e9thodologique<\/span><\/a><\/strong><\/p>\n<div style=\"padding-left: 30px;\">\n<div dir=\"ltr\" style=\"padding-left: 30px;\">\n<div style=\"padding-left: 30px;\">\n<div dir=\"ltr\" style=\"padding-left: 30px;\">\n<div style=\"padding-left: 30px;\">\n<p style=\"padding-left: 90px;\">Ce colloque d\u2019envergure vise \u00e0 r\u00e9aliser un \u00e9tat des lieux des diverses approches m\u00e9thodologiques en\u00a0recherche-cr\u00e9ation. Il confirme la place de Montr\u00e9al en tant que p\u00f4le majeur dans ce domaine. Il permettra la rencontre de plus d\u2019une trentaine de participants, chercheurs et artistes, canadiens et \u00e9trangers. L\u2019\u00e9v\u00e9nement compte sur la collaboration de la Facult\u00e9 des arts, d\u2019Hexagram CIAM et d\u2019Hexagram UQAM.<\/p>\n<p style=\"padding-left: 90px;\">L\u2019\u00e9v\u00e9nement est coorganis\u00e9 par\u00a0<strong>Louise Poissant, Gis\u00e8le Trudel, Jean Dubois, Pierre Gosselin<\/strong>\u00a0et<strong>\u00a0Monique R\u00e9gimbald-Zeiber<\/strong>.<\/p>\n<\/div>\n<div style=\"padding-left: 30px;\">\n<div style=\"padding-left: 30px;\">\n<div style=\"padding-left: 30px;\">\n<p style=\"padding-left: 30px;\">Le colloque accueillera les intervenants suivants :\u00a0<span style=\"color: #9901fc;\">Patrick\u00a0<strong>Beaulieu<\/strong>, Sandeep\u00a0<strong>Bhagwati<\/strong>, Samuel\u00a0<strong>Bianchini<\/strong>, Marie-Claude\u00a0<strong>Bouthillier<\/strong>, Daniel\u00a0<strong>Canty<\/strong>, Serge\u00a0<strong>Cardinal<\/strong>, Alexandre\u00a0<strong>Castonguay<\/strong>, Edmond\u00a0<strong>Couchot<\/strong>, Jean-Marie\u00a0<strong>Dallet<\/strong>, Jean-Simon\u00a0<strong>Desrochers<\/strong>, Andr\u00e9e-Anne\u00a0<strong>Dupuis-Bourret<\/strong>, Sean\u00a0<strong>Ferguson<\/strong>, Sylvie\u00a0<strong>Fortin<\/strong>, Jean-Paul\u00a0<strong>Fourmentraux<\/strong>, Pierre\u00a0<strong>Gosselin<\/strong>, M\u00e9l\u00a0<strong>Hogan<\/strong>, Xavier\u00a0<strong>Lambert<\/strong>, Maria\u00a0<strong>Lantin<\/strong>, Fran\u00e7ois\u00a0<strong>Leblanc<\/strong>, Kevin Yuen-Kit\u00a0<strong>Lo<\/strong>,\u00a0Glen\u00a0<strong>Lowry<\/strong>, Emmanuel\u00a0<strong>Mah\u00e9<\/strong>, Christof\u00a0<strong>Migone<\/strong>, Sally Jane\u00a0<strong>Norman<\/strong>, Louis-Claude\u00a0<strong>Paquin<\/strong>,\u00a0Emanuele\u00a0<strong>Quinz,<\/strong>\u00a0Chris\u00a0<strong>Salter<\/strong>, Carlos Sena\u00a0<strong>Caires<\/strong>, Aaron\u00a0<strong>Sprecher,<\/strong>\u00a0Jean-Marie\u00a0<strong>Van der Maren<\/strong>.\u00a0<\/span><\/p>\n<\/div>\n<\/div>\n<div style=\"padding-left: 30px;\">\n<div style=\"padding-left: 30px;\">\n<p style=\"padding-left: 30px;\">Divers facteurs ont favoris\u00e9 le d\u00e9veloppement du concept de recherche-cr\u00e9ation. Des analyses visant \u00e0 baliser le terrain pour comprendre ce qui concourt au processus de cr\u00e9ation et pour faciliter les collaborations interdisciplinaires \u00e9mergent des pratiques et des recherches artistiques universitaires.<\/p>\n<p style=\"padding-left: 30px;\">\u00c0 l\u2019heure o\u00f9 la recherche se d\u00e9cline en recherche-d\u00e9veloppement, recherche-innovation, recherche-intervention, il devient essentiel de mieux cerner la recherche-cr\u00e9ation. Qu\u2019elle porte sur les mat\u00e9riaux, les techniques et les savoir-faire, ou sur les th\u00e8mes et les id\u00e9es cristallis\u00e9s dans l\u2019\u0153uvre, la recherche-cr\u00e9ation impose ses contraintes et ses proc\u00e9dures. Six sous-th\u00e8mes interconnect\u00e9s permettront de rejoindre les d\u00e9marches les plus inspirantes :<\/p>\n<p style=\"padding-left: 30px;\"><span style=\"text-decoration: underline; color: #9901fc;\"><strong><a title=\"1. La d\u00e9limitation du territoire : sp\u00e9cificit\u00e9 de la recherche-cr\u00e9ation\" href=\"https:\/\/www.methodologiesrecherchecreation.uqam.ca\/?page_id=565\" target=\"_blank\"><span style=\"color: #9901fc; text-decoration: underline;\">1. La d\u00e9limitation du territoire : sp\u00e9cificit\u00e9 de la recherche-cr\u00e9ation<\/span><\/a><\/strong><\/span><br \/>\n<span style=\"text-decoration: underline; color: #9901fc;\"><strong><a title=\"2. Cr\u00e9ation artistique et cognition\" href=\"https:\/\/www.methodologiesrecherchecreation.uqam.ca\/?page_id=567\" target=\"_blank\"><span style=\"color: #9901fc; text-decoration: underline;\">2. Cr\u00e9ation artistique et cognition<\/span><\/a><\/strong><\/span><br \/>\n<span style=\"text-decoration: underline; color: #9901fc;\"><strong><a title=\"3. La recherche-cr\u00e9ation entre th\u00e9orie et pratique\" href=\"https:\/\/www.methodologiesrecherchecreation.uqam.ca\/?page_id=569\" target=\"_blank\"><span style=\"color: #9901fc; text-decoration: underline;\">3.\u00a0La recherche-cr\u00e9ation entre th\u00e9orie et pratique<\/span><\/a><\/strong><\/span><br \/>\n<span style=\"text-decoration: underline; color: #9901fc;\"><strong><a title=\"4. \u00ab DEMO or Die \u00bb (Negroponte)\" href=\"https:\/\/www.methodologiesrecherchecreation.uqam.ca\/?page_id=571\" target=\"_blank\"><span style=\"color: #9901fc; text-decoration: underline;\">4.\u00a0\u00ab DEMO or\u00a0Die \u00bb (Negroponte)<\/span><\/a><\/strong><\/span><br \/>\n<span style=\"text-decoration: underline; color: #9901fc;\"><strong><a title=\"5. Nouvelles approches m\u00e9thodologiques en art\" href=\"https:\/\/www.methodologiesrecherchecreation.uqam.ca\/?page_id=573\" target=\"_blank\"><span style=\"color: #9901fc; text-decoration: underline;\">5. Nouvelles approches m\u00e9thodologiques en art<\/span><\/a><\/strong><\/span><br \/>\n<span style=\"text-decoration: underline; color: #9901fc;\"><strong><a title=\"6. M\u00e9thodes hasardeuses\" href=\"https:\/\/www.methodologiesrecherchecreation.uqam.ca\/?page_id=575\" target=\"_blank\"><span style=\"color: #9901fc; text-decoration: underline;\">6. M\u00e9thodes hasardeuses<\/span><\/a><\/strong><\/span><\/p>\n<p style=\"padding-left: 30px;\">D\u2019autres activit\u00e9s sont programm\u00e9es en marge du colloque, notamment des projections dans le cadre du Festival International du Film sur l\u2019Art\u00a0(FIFA).<\/p>\n<p style=\"padding-left: 30px;\">L\u2019\u00e9v\u00e8nement est rendu possible gr\u00e2ce au soutien du Conseil de recherches en sciences humaines du Canada, d\u2019Hexagram UQAM, d\u2019Hexagram CIAM, du Fonds de\u00a0recherche\u00a0du Qu\u00e9bec &#8211; Soci\u00e9t\u00e9 et culture et de la Fondation canadienne pour l\u2019innovation.<\/p>\n<\/div>\n<p style=\"padding-left: 60px;\">Plus d\u2019informations :\u00a0<span style=\"text-decoration: underline;\"><span style=\"color: #9901fc;\"><strong><a href=\"https:\/\/www.methodologiesrecherchecreation.uqam.ca\/\" target=\"_blank\"><span style=\"color: #9901fc; text-decoration: underline;\">www.<wbr \/>methodologiesrecherchecreation<wbr \/>.uqam.ca<\/span><\/a><\/strong><\/span><\/span><strong><a href=\"https:\/\/www.methodologiesrecherchecreation.uqam.ca\/\" target=\"_blank\"><br \/>\n<\/a><\/strong>\u00c9v\u00e8nement Facebook :\u00a0<span style=\"text-decoration: underline;\"><span style=\"color: #9901fc;\"><strong><a href=\"https:\/\/www.facebook.com\/events\/408526812618316\/?fref=ts\" target=\"_blank\"><span style=\"color: #9901fc; text-decoration: underline;\">https:\/\/www.facebook.com\/<wbr \/>events\/<\/span><\/a><\/strong><\/span><\/span><\/p>\n<div style=\"padding-left: 30px;\">\n<p style=\"padding-left: 30px;\">L\u2019acc\u00e8s au colloque se fait sans inscription et l\u2019entr\u00e9e est gratuite.<\/p>\n<div style=\"padding-left: 30px;\">\n<p><strong><strong>\u2022\u00a0<\/strong><br \/>\nUQAM \u2013 Pavillon C\u0153ur des sciences<br \/>\n<\/strong>Agora Hydro-Qu\u00e9bec, CO-R500<br \/>\n175, avenue du Pr\u00e9sident-Kennedy<br \/>\nMontr\u00e9al (Qu\u00e9bec) H2X3P2<\/p>\n<\/div>\n<\/div>\n<\/div>\n<\/div>\n<div><\/div>\n<\/div>\n<\/div>\n<p style=\"padding-left: 180px;\"><img decoding=\"async\" alt=\"Images int\u00e9gr\u00e9es 4\" src=\"https:\/\/mail.google.com\/mail\/u\/0\/?ui=2&amp;ik=13117ae8bd&amp;view=att&amp;th=1444d1c6c2c0ff46&amp;attid=0.2&amp;disp=emb&amp;realattid=ii_1444d18c5be52b44&amp;zw&amp;atsh=1\" \/><\/p>\n<h6><\/h6>\n<h6><strong>&#8211; ENGLISH &#8211;<\/strong><\/h6>\n<\/div>\n<\/div>\n<div>\n<h2 style=\"padding-left: 240px;\"><span style=\"text-decoration: underline;\"><span style=\"color: #9901fc;\"><a href=\"https:\/\/www.methodologiesrecherchecreation.uqam.ca\/\" target=\"_blank\"><span style=\"color: #9901fc; text-decoration: underline;\">LA RECHERCHE-CREATION: Territoire d\u2019innovation m\u00e9thodologique<\/span><\/a><\/span><\/span><\/h2>\n<\/div>\n<div style=\"padding-left: 30px;\">\n<div dir=\"ltr\" style=\"padding-left: 30px;\">\n<div style=\"padding-left: 30px;\">\n<div dir=\"ltr\" style=\"padding-left: 30px;\">\n<div style=\"padding-left: 30px;\">\n<p style=\"padding-left: 90px;\"><strong>March 19, 20 &amp; 21, 2014<\/strong><br \/>\n<strong>UQAM &#8211; Agora Hydro-Qu\u00e9bec, Pavillon C\u0153ur des sciences (in the science complex)<\/strong><\/p>\n<p style=\"padding-left: 90px;\">This timely and important colloquium aims to take stock of different methodological approaches in research-creation. It confirms the status of Montreal as a major locus in this domain. It will bring together more than thirty participants, researchers and artists, from Canada and abroad. The event is a co-production of the Faculty of Arts, Hexagram | CIAM and Hexagram UQAM.<\/p>\n<p style=\"padding-left: 90px;\">Various factors have enabled the development of the concept of research-creation. Analyses that aim to mark out the terrain and understand what contributes to the process of creation and what facilitates interdisciplinary collaboration, have emerged from praxis and artistic university research.<\/p>\n<p style=\"padding-left: 90px;\">With the current turn in research into research-development, research-innovation, and research-intervention, it is essential to better define research-creation, which entails particular constraints and procedures in terms of materials, technique and know-how, and the way themes and ideas crystallize in artworks. Six interconnected sub-themes will link the most inspiring and recent practices on the subject:<\/p>\n<\/div>\n<div style=\"padding-left: 30px;\">\n<div style=\"padding-left: 30px;\">\n<div style=\"padding-left: 30px;\">\n<p style=\"padding-left: 30px;\"><span style=\"text-decoration: underline;\"><span style=\"color: #9901fc; text-decoration: underline;\"><strong><a title=\"1. La d\u00e9limitation du territoire : sp\u00e9cificit\u00e9 de la recherche-cr\u00e9ation\" href=\"https:\/\/www.methodologiesrecherchecreation.uqam.ca\/?page_id=565\" target=\"_blank\"><span style=\"color: #9901fc; text-decoration: underline;\">1. La d\u00e9limitation du territoire : sp\u00e9cificit\u00e9 de la recherche-cr\u00e9ation<\/span><\/a><\/strong><\/span><\/span><br \/>\n<span style=\"text-decoration: underline;\"><span style=\"color: #9901fc; text-decoration: underline;\"><strong><a title=\"2. Cr\u00e9ation artistique et cognition\" href=\"https:\/\/www.methodologiesrecherchecreation.uqam.ca\/?page_id=567\" target=\"_blank\"><span style=\"color: #9901fc; text-decoration: underline;\">2. Cr\u00e9ation artistique et cognition<\/span><\/a><\/strong><\/span><\/span><br \/>\n<span style=\"text-decoration: underline;\"><span style=\"color: #9901fc; text-decoration: underline;\"><strong><a title=\"3. La recherche-cr\u00e9ation entre th\u00e9orie et pratique\" href=\"https:\/\/www.methodologiesrecherchecreation.uqam.ca\/?page_id=569\" target=\"_blank\"><span style=\"color: #9901fc; text-decoration: underline;\">3.\u00a0La recherche-cr\u00e9ation entre th\u00e9orie et pratique<\/span><\/a><\/strong><\/span><\/span><br \/>\n<span style=\"text-decoration: underline;\"><span style=\"color: #9901fc; text-decoration: underline;\"><strong><a title=\"4. \u00ab DEMO or Die \u00bb (Negroponte)\" href=\"https:\/\/www.methodologiesrecherchecreation.uqam.ca\/?page_id=571\" target=\"_blank\"><span style=\"color: #9901fc; text-decoration: underline;\">4.\u00a0\u00ab DEMO or\u00a0Die \u00bb (Negroponte)<\/span><\/a><\/strong><\/span><\/span><br \/>\n<span style=\"text-decoration: underline;\"><span style=\"color: #9901fc; text-decoration: underline;\"><strong><a title=\"5. Nouvelles approches m\u00e9thodologiques en art\" href=\"https:\/\/www.methodologiesrecherchecreation.uqam.ca\/?page_id=573\" target=\"_blank\"><span style=\"color: #9901fc; text-decoration: underline;\">5. Nouvelles approches m\u00e9thodologiques en art<\/span><\/a><\/strong><\/span><\/span><br \/>\n<span style=\"text-decoration: underline;\"><span style=\"color: #9901fc; text-decoration: underline;\"><strong><a title=\"6. M\u00e9thodes hasardeuses\" href=\"https:\/\/www.methodologiesrecherchecreation.uqam.ca\/?page_id=575\" target=\"_blank\"><span style=\"color: #9901fc; text-decoration: underline;\">6. M\u00e9thodes hasardeuses<\/span><\/a><\/strong><\/span><\/span><\/p>\n<\/div>\n<div style=\"padding-left: 30px;\">\n<p style=\"padding-left: 30px;\">Events associated with the colloquium include, notably, screenings under the auspices of the International Festival of Films on Art (FIFA).<\/p>\n<p style=\"padding-left: 30px;\">The event is co-organized by \u00a0<strong>Louise Poissant, Gis\u00e8le Trudel, Jean Dubois, Pierre Gosselin<\/strong>\u00a0and<strong>\u00a0Monique R\u00e9gimbald-Zeiber<\/strong>.<\/p>\n<\/div>\n<div style=\"padding-left: 30px;\">\n<p style=\"padding-left: 30px;\">The colloquium is pleased to welcome the following participants:\u00a0\u00a0<span style=\"color: #9901fc;\">Patrick\u00a0<strong>Beaulie<wbr \/>u<\/strong>, Sandeep\u00a0<strong>Bhagwati<\/strong>, Samuel\u00a0<strong>Bianchini<\/strong>, Marie-Claude\u00a0<strong>Bouthillier<\/strong>, Daniel\u00a0<strong>Canty<\/strong>, Serge\u00a0<strong>Cardinal<\/strong>, Alexandre\u00a0<strong>Castonguay<\/strong>, Edmond\u00a0<strong>Couchot<\/strong>, Jean-Marie\u00a0<strong>Dallet<\/strong>, Jean-Simon\u00a0<strong>Desrochers<\/strong>, Andr\u00e9e-Anne\u00a0<strong>Dupuis-Bourret<\/strong>, Sean\u00a0<strong>Ferguson<\/strong>, Sylvie\u00a0<strong>Fortin<\/strong>, Jean-Paul\u00a0<strong>Fourmentraux<\/strong>, Pierre\u00a0<strong>Gosselin<\/strong>, M\u00e9l\u00a0<strong>Hogan<\/strong>, Xavier\u00a0<strong>Lambert<\/strong>, Maria\u00a0<strong>Lantin<\/strong>, Fran\u00e7ois\u00a0<strong>Leblanc<\/strong>, Kevin Yuen-Kit\u00a0<strong>Lo<\/strong>,\u00a0Glen\u00a0<strong>Lowry<\/strong>, Emmanuel\u00a0<strong>Mah\u00e9<\/strong>, Christof\u00a0<strong>Migone<\/strong>, Sally Jane\u00a0<strong>Norman<\/strong>, Louis-Claude\u00a0<strong>Paquin<\/strong>,\u00a0Emanuele\u00a0<strong><wbr \/>Quinz,<\/strong>\u00a0Chris\u00a0<strong>Salter<\/strong>, Carlos Sena\u00a0<strong>Caires<\/strong>, Aaron\u00a0<strong>Sprecher,<\/strong>\u00a0Jean-Marie\u00a0<strong>Van der Maren<\/strong>.<\/span><\/p>\n<\/div>\n<p style=\"padding-left: 60px;\">This event is made possible by the generous support of the Social Sciences and Humanities Research Council, Hexagram UQAM, Hexagram | CIAM, the Fonds de Recherche du Qu\u00e9bec &#8211; Soci\u00e9t\u00e9 et Culture, and the Canada Foundation for Innovation.<\/p>\n<\/div>\n<p style=\"padding-left: 90px;\">For more information:\u00a0<span style=\"text-decoration: underline;\"><span style=\"color: #9901fc;\"><strong><a href=\"https:\/\/www.methodologiesrecherchecreation.uqam.ca\/\" target=\"_blank\"><span style=\"color: #9901fc; text-decoration: underline;\">www.<wbr \/>methodologiesrecherchecreation<wbr \/>.uqam.ca<\/span><\/a><\/strong><\/span><\/span><strong><a href=\"https:\/\/www.methodologiesrecherchecreation.uqam.ca\/\" target=\"_blank\"><br \/>\n<\/a><\/strong>Facebook event page:\u00a0<span style=\"text-decoration: underline; color: #9901fc;\"><strong><a href=\"https:\/\/www.facebook.com\/events\/408526812618316\/?fref=ts\" target=\"_blank\"><span style=\"color: #9901fc; text-decoration: underline;\">https:\/\/www.facebook.<wbr \/>com\/events\/<\/span><\/a><\/strong><\/span><\/p>\n<div style=\"padding-left: 60px;\">\n<p style=\"padding-left: 30px;\">No registration is required for the colloquium and entry is free.<\/p>\n<p style=\"padding-left: 30px;\">The colloquium will be held mostly in French.<\/p>\n<p style=\"padding-left: 30px;\"><strong><strong>\u2022\u00a0<\/strong><br \/>\nUQAM \u2013 Pavillon C\u0153ur des sciences<br \/>\n<\/strong>Agora Hydro-Qu\u00e9bec, CO-R500<br \/>\n175, avenue du Pr\u00e9sident-Kennedy<br \/>\nMontr\u00e9al (Qu\u00e9bec) H2X3P2<\/p>\n<\/div>\n<\/div>\n<div style=\"padding-left: 30px;\"><\/div>\n<\/div>\n<\/div>\n<p style=\"padding-left: 180px;\"><img decoding=\"async\" alt=\"Images int\u00e9gr\u00e9es 4\" src=\"https:\/\/mail.google.com\/mail\/u\/0\/?ui=2&amp;ik=13117ae8bd&amp;view=att&amp;th=144acd221c9498aa&amp;attid=0.1&amp;disp=emb&amp;realattid=ii_1444d18c5be52b44&amp;zw&amp;atsh=1\" \/><\/p>\n<\/div>\n<\/div>\n","protected":false},"excerpt":{"rendered":"<p>&#8211;\u00a0For English please scroll down\u00a0&#8211; LA RECHERCHE-CREATION: Territoire d\u2019innovation m\u00e9thodologique Ce colloque d\u2019envergure vise \u00e0 r\u00e9aliser un \u00e9tat des lieux des diverses approches m\u00e9thodologiques en\u00a0recherche-cr\u00e9ation. Il confirme la place de Montr\u00e9al en tant que p\u00f4le majeur dans ce domaine. Il permettra la rencontre de plus d\u2019une trentaine de participants, chercheurs et artistes, canadiens et \u00e9trangers. [&hellip;]<\/p>\n","protected":false},"author":101011,"featured_media":0,"parent":0,"menu_order":0,"comment_status":"closed","ping_status":"closed","template":"page-templates\/front-page.php","meta":{"footnotes":""},"class_list":["post-957","page","type-page","status-publish","hentry"],"_links":{"self":[{"href":"https:\/\/www.methodologiesrecherchecreation.uqam.ca\/index.php?rest_route=\/wp\/v2\/pages\/957","targetHints":{"allow":["GET"]}}],"collection":[{"href":"https:\/\/www.methodologiesrecherchecreation.uqam.ca\/index.php?rest_route=\/wp\/v2\/pages"}],"about":[{"href":"https:\/\/www.methodologiesrecherchecreation.uqam.ca\/index.php?rest_route=\/wp\/v2\/types\/page"}],"author":[{"embeddable":true,"href":"https:\/\/www.methodologiesrecherchecreation.uqam.ca\/index.php?rest_route=\/wp\/v2\/users\/101011"}],"replies":[{"embeddable":true,"href":"https:\/\/www.methodologiesrecherchecreation.uqam.ca\/index.php?rest_route=%2Fwp%2Fv2%2Fcomments&post=957"}],"version-history":[{"count":14,"href":"https:\/\/www.methodologiesrecherchecreation.uqam.ca\/index.php?rest_route=\/wp\/v2\/pages\/957\/revisions"}],"predecessor-version":[{"id":960,"href":"https:\/\/www.methodologiesrecherchecreation.uqam.ca\/index.php?rest_route=\/wp\/v2\/pages\/957\/revisions\/960"}],"wp:attachment":[{"href":"https:\/\/www.methodologiesrecherchecreation.uqam.ca\/index.php?rest_route=%2Fwp%2Fv2%2Fmedia&parent=957"}],"curies":[{"name":"wp","href":"https:\/\/api.w.org\/{rel}","templated":true}]}}