{"id":847,"date":"2014-02-17T21:45:53","date_gmt":"2014-02-17T20:45:53","guid":{"rendered":"https:\/\/www.methodologiesrecherchecreation.uqam.ca\/?page_id=847"},"modified":"2014-03-18T14:49:30","modified_gmt":"2014-03-18T13:49:30","slug":"21-mars","status":"publish","type":"page","link":"https:\/\/www.methodologiesrecherchecreation.uqam.ca\/?page_id=847","title":{"rendered":"21 mars"},"content":{"rendered":"<p style=\"padding-left: 90px;\"><strong>8h30 \u00a0\u2014\u00a0Accueil<\/strong><\/p>\n<p style=\"padding-left: 90px;\"><strong>9h00\u00a0\u2014 <span style=\"text-decoration: underline;\"><span style=\"color: #9c26f6;\"><a title=\"5. Nouvelles approches m\u00e9thodologiques en art\" href=\"https:\/\/www.methodologiesrecherchecreation.uqam.ca\/?page_id=573\" target=\"_blank\"><span style=\"color: #9c26f6; text-decoration: underline;\">Nouvelles\u00a0approches\u00a0m\u00e9thodologiques\u00a0en\u00a0art<\/span><\/a><\/span><\/span><\/strong><br \/>\n<span style=\"color: #000000;\">Mod\u00e9ration : <a title=\"Joanne Lalonde\" href=\"https:\/\/www.methodologiesrecherchecreation.uqam.ca\/?page_id=695\" target=\"_blank\"><span style=\"color: #000000;\">Joanne Lalonde<\/span><\/a>\u00a0(Universit\u00e9 du Qu\u00e9bec \u00e0 Montr\u00e9al<\/span><\/p>\n<p style=\"padding-left: 90px;\"><span style=\"color: #000000;\">\u2022\u00a0<a title=\"Jean-Marie Dallet\" href=\"https:\/\/www.methodologiesrecherchecreation.uqam.ca\/?page_id=361\" target=\"_blank\"><span style=\"color: #000000;\">Jean-Marie Dallet<\/span><\/a> (Universit\u00e9 Paris 8) &#8211; Le laboratoire SLIDERS_lab\u00a0: des allers-retours entre percept et concept<\/span><br \/>\n<span style=\"color: #000000;\">\u2022\u00a0<a title=\"Jean-Paul Fourmentraux\" href=\"https:\/\/www.methodologiesrecherchecreation.uqam.ca\/?page_id=374\" target=\"_blank\"><span style=\"color: #000000;\">Jean Paul Fourmentraux<\/span><\/a> (Universit\u00e9 de Lille et \u00c9cole des hautes \u00e9tudes en sciences sociales de Paris) &#8211; Artistes de laboratoire. Recherche et cr\u00e9ation \u00e0 l\u2019\u00e8re num\u00e9rique<\/span><br \/>\n<span style=\"color: #000000;\">\u2022\u00a0<a title=\"Carlos Sena Caires\" href=\"https:\/\/www.methodologiesrecherchecreation.uqam.ca\/?page_id=425\" target=\"_blank\"><span style=\"color: #000000;\">Carlos Sena Caires<\/span><\/a> (Universit\u00e9 catholique portugaise) &#8211; La recherche-cr\u00e9ation en art num\u00e9rique et interactif au CITAR<\/span><br \/>\n<span style=\"color: #000000;\">\u2022\u00a0<a title=\"Maria Lantin\" href=\"https:\/\/www.methodologiesrecherchecreation.uqam.ca\/?page_id=455\" target=\"_blank\"><span style=\"color: #000000;\">Maria Lantin<\/span><\/a>\u00a0&amp; <\/span><span style=\"color: #000000;\"><a title=\"Glen Lowry\" href=\"https:\/\/www.methodologiesrecherchecreation.uqam.ca\/?page_id=901\" target=\"_blank\"><span style=\"color: #000000;\">Glen Lowry<\/span><\/a> <\/span>(E<span style=\"color: #000000;\">mily Carr University) \u2013 Research Creation: Flaws and Promise<\/span><br \/>\n<span style=\"color: #000000;\">\u2022\u00a0<a title=\"Aaron Sprecher\" href=\"https:\/\/www.methodologiesrecherchecreation.uqam.ca\/?page_id=428\" target=\"_blank\"><span style=\"color: #000000;\">Aaron Sprecher<\/span><\/a> et <a title=\"Fran\u00e7ois Leblanc\" href=\"https:\/\/www.methodologiesrecherchecreation.uqam.ca\/?page_id=382\" target=\"_blank\"><span style=\"color: #000000;\">Fran\u00e7ois Leblanc<\/span><\/a> (Universit\u00e9 McGill) &#8211; VOXELS : design et optimisation \u00e0 l\u2019\u00e8re de l\u2019impression 3D<\/span><\/p>\n<p style=\"padding-left: 90px;\"><strong>11h30 \u2014 Pl\u00e9ni\u00e8re<\/strong><\/p>\n<p style=\"padding-left: 90px;\"><strong>12h00\u00a0\u2014\u00a0Pause repas<\/strong><\/p>\n<p style=\"padding-left: 90px;\"><strong>14h00 \u2014\u00a0<span style=\"text-decoration: underline;\"><span style=\"color: #9c26f6;\"><a title=\"6. M\u00e9thodes hasardeuses\" href=\"https:\/\/www.methodologiesrecherchecreation.uqam.ca\/?page_id=575\" target=\"_blank\"><span style=\"color: #9c26f6; text-decoration: underline;\">M\u00e9thodes\u00a0hasardeuses<\/span><\/a><\/span><\/span><\/strong><br \/>\n<span style=\"color: #000000;\">Mod\u00e9ration : <a title=\"Jean Dubois\" href=\"https:\/\/www.methodologiesrecherchecreation.uqam.ca\/?page_id=97\" target=\"_blank\"><span style=\"color: #000000;\">Jean Dubois<\/span><\/a> (Universit\u00e9 du Qu\u00e9bec \u00e0 Montr\u00e9al)<\/span><\/p>\n<p style=\"padding-left: 90px;\"><span style=\"color: #000000;\">\u2022\u00a0<a title=\"Christof Migone\" href=\"https:\/\/www.methodologiesrecherchecreation.uqam.ca\/?page_id=417\" target=\"_blank\"><span style=\"color: #000000;\">Christof Migone<\/span><\/a> (University of Western Ontario) &#8211; How To Not Do Dot No To How<\/span><br \/>\n<span style=\"color: #000000;\">\u2022\u00a0<a title=\"Marie-Claude Bouthillier\" href=\"https:\/\/www.methodologiesrecherchecreation.uqam.ca\/?page_id=347\" target=\"_blank\"><span style=\"color: #000000;\">Marie-Claude Bouthillier<\/span><\/a> (artiste) &#8211; Flanchement et pictomancie<\/span><br \/>\n<span style=\"color: #000000;\">\u2022\u00a0<a title=\"Andr\u00e9e-Anne Dupuis-Bourret\" href=\"https:\/\/www.methodologiesrecherchecreation.uqam.ca\/?page_id=367\" target=\"_blank\"><span style=\"color: #000000;\">Andr\u00e9e-Anne Dupuis-Bourret<\/span><\/a> (Universit\u00e9 du Qu\u00e9bec \u00e0 Montr\u00e9al) \u2013 Approche stochastique de l&rsquo;installation modulaire imprim\u00e9e<\/span><br \/>\n<span style=\"color: #000000;\">\u2022\u00a0<a title=\"Daniel Canty\" href=\"https:\/\/www.methodologiesrecherchecreation.uqam.ca\/?page_id=353\" target=\"_blank\"><span style=\"color: #000000;\">Daniel Canty<\/span><\/a> (\u00e9crivain et artiste) et <a title=\"Patrick Beaulieu\" href=\"https:\/\/www.methodologiesrecherchecreation.uqam.ca\/?page_id=314\" target=\"_blank\"><span style=\"color: #000000;\">Patrick Beaulieu<\/span><\/a> (artiste) &#8211; Jours de chance : trois odyss\u00e9es transfronti\u00e8res \u00e0 travers l\u2019Am\u00e9rique<\/span><\/p>\n<p style=\"padding-left: 90px;\"><strong>15h30 \u2014\u00a0Pl\u00e9ni\u00e8re<\/strong><\/p>\n<p style=\"padding-left: 90px;\"><strong>17h00\u00a0\u2014\u00a0Mot de cl\u00f4ture de Louise Poissant<\/strong><\/p>\n<p style=\"padding-left: 90px;\"><strong>18h30<\/strong>\u00a0<strong>\u00a0\u2014\u00a0Projections dans le cadre\u00a0du Festival International du Film sur\u00a0l&rsquo;Art (FIFA)<\/strong> &#8211;\u00a0<span style=\"color: #333333;\"><a href=\"http:\/\/www.artfifa.com\/fr\/programmation\/grille-horaire\/salle\/universite_du_quebec_a_montreal_-_salle_1\" target=\"_blank\"><span style=\"color: #333333;\">UQAM Salle 1\u00a0(70min.)<\/span><\/a><\/span><\/p>\n<p style=\"padding-left: 90px;\">\n","protected":false},"excerpt":{"rendered":"<p>8h30 \u00a0\u2014\u00a0Accueil 9h00\u00a0\u2014 Nouvelles\u00a0approches\u00a0m\u00e9thodologiques\u00a0en\u00a0art Mod\u00e9ration : Joanne Lalonde\u00a0(Universit\u00e9 du Qu\u00e9bec \u00e0 Montr\u00e9al \u2022\u00a0Jean-Marie Dallet (Universit\u00e9 Paris 8) &#8211; Le laboratoire SLIDERS_lab\u00a0: des allers-retours entre percept et concept \u2022\u00a0Jean Paul Fourmentraux (Universit\u00e9 de Lille et \u00c9cole des hautes \u00e9tudes en sciences sociales de Paris) &#8211; Artistes de laboratoire. Recherche et cr\u00e9ation \u00e0 l\u2019\u00e8re num\u00e9rique \u2022\u00a0Carlos Sena [&hellip;]<\/p>\n","protected":false},"author":101011,"featured_media":0,"parent":0,"menu_order":0,"comment_status":"closed","ping_status":"closed","template":"page-templates\/front-page.php","meta":{"footnotes":""},"class_list":["post-847","page","type-page","status-publish","hentry"],"_links":{"self":[{"href":"https:\/\/www.methodologiesrecherchecreation.uqam.ca\/index.php?rest_route=\/wp\/v2\/pages\/847","targetHints":{"allow":["GET"]}}],"collection":[{"href":"https:\/\/www.methodologiesrecherchecreation.uqam.ca\/index.php?rest_route=\/wp\/v2\/pages"}],"about":[{"href":"https:\/\/www.methodologiesrecherchecreation.uqam.ca\/index.php?rest_route=\/wp\/v2\/types\/page"}],"author":[{"embeddable":true,"href":"https:\/\/www.methodologiesrecherchecreation.uqam.ca\/index.php?rest_route=\/wp\/v2\/users\/101011"}],"replies":[{"embeddable":true,"href":"https:\/\/www.methodologiesrecherchecreation.uqam.ca\/index.php?rest_route=%2Fwp%2Fv2%2Fcomments&post=847"}],"version-history":[{"count":11,"href":"https:\/\/www.methodologiesrecherchecreation.uqam.ca\/index.php?rest_route=\/wp\/v2\/pages\/847\/revisions"}],"predecessor-version":[{"id":1045,"href":"https:\/\/www.methodologiesrecherchecreation.uqam.ca\/index.php?rest_route=\/wp\/v2\/pages\/847\/revisions\/1045"}],"wp:attachment":[{"href":"https:\/\/www.methodologiesrecherchecreation.uqam.ca\/index.php?rest_route=%2Fwp%2Fv2%2Fmedia&parent=847"}],"curies":[{"name":"wp","href":"https:\/\/api.w.org\/{rel}","templated":true}]}}