{"id":845,"date":"2014-02-17T21:45:11","date_gmt":"2014-02-17T20:45:11","guid":{"rendered":"https:\/\/www.methodologiesrecherchecreation.uqam.ca\/?page_id=845"},"modified":"2014-03-18T14:42:06","modified_gmt":"2014-03-18T13:42:06","slug":"20-mars","status":"publish","type":"page","link":"https:\/\/www.methodologiesrecherchecreation.uqam.ca\/?page_id=845","title":{"rendered":"20 mars"},"content":{"rendered":"<p style=\"padding-left: 90px;\"><strong>8h30 \u2014\u00a0Accueil<\/strong><\/p>\n<p style=\"padding-left: 90px;\"><strong>9h00 \u2014\u00a0<span style=\"text-decoration: underline;\"><span style=\"color: #9c26f6;\"><a title=\"3. La recherche-cr\u00e9ation entre th\u00e9orie et pratique\" href=\"https:\/\/www.methodologiesrecherchecreation.uqam.ca\/?page_id=569\"><span style=\"color: #9c26f6; text-decoration: underline;\">La\u00a0recherche-cr\u00e9ation\u00a0entre th\u00e9orie et pratique<\/span><\/a><\/span><\/span><\/strong><br \/>\n<span style=\"color: #000000;\">Mod\u00e9ration : <a title=\"Yves Jubinville\" href=\"https:\/\/www.methodologiesrecherchecreation.uqam.ca\/?page_id=700\"><span style=\"color: #000000;\">Yves Jubinville\u00a0<\/span><\/a>(Universit\u00e9 du Qu\u00e9bec \u00e0 Montr\u00e9al)<\/span><\/p>\n<p style=\"padding-left: 90px;\"><span style=\"color: #000000;\">\u2022\u00a0<a title=\"Sean Ferguson\" href=\"https:\/\/www.methodologiesrecherchecreation.uqam.ca\/?page_id=370\"><span style=\"color: #000000;\">Sean Ferguson<\/span><\/a> (Universit\u00e9 McGill) &#8211; Culture shock: navigating expectations in interdisciplinary research-creation projects.<\/span><br \/>\n<span style=\"color: #000000;\">\u2022 <a title=\"Emmanuel Mah\u00e9\" href=\"https:\/\/www.methodologiesrecherchecreation.uqam.ca\/?page_id=415\"><span style=\"color: #000000;\">Emmanuel Mah\u00e9<\/span><\/a> (EnsadLab, \u00c9cole nationale sup\u00e9rieure des Arts D\u00e9coratifs, Universit\u00e9s de Rennes 2 et de Paris 8) &#8211; Doctorat Sciences, Arts, Cr\u00e9ation, Recherche : exp\u00e9rimentation ou mod\u00e9lisation ?\u00a0<\/span><br \/>\n<span style=\"color: #000000;\">\u2022 <a title=\"Louis-Claude Paquin\" href=\"https:\/\/www.methodologiesrecherchecreation.uqam.ca\/?page_id=457\"><span style=\"color: #000000;\">Louis-Claude Paquin<\/span><\/a>\u00a0(Universit\u00e9 du Qu\u00e9bec \u00e0 Montr\u00e9al) &#8211; Les cycles heuristiques\u00a0: une m\u00e9thodologie de recherche-cr\u00e9ation\u00a0<\/span><br \/>\n<span style=\"color: #000000;\">\u2022 \u00a0<a title=\"Emanuele Quinz\" href=\"https:\/\/www.methodologiesrecherchecreation.uqam.ca\/?page_id=421\"><span style=\"color: #000000;\">Emanuele Quinz<\/span><\/a> (Universit\u00e9 Paris 8 et Ecole Nationale Sup\u00e9rieure des Arts D\u00e9coratifs) &#8211; La \u00ab\u00a0condition de recherche\u00a0\u00bb.\u00a0L\u2019art programm\u00e9 et le design critique\u00a0: deux m\u00e9thodologies paradoxales<\/span><br \/>\n<span style=\"color: #000000;\">\u2022 \u00a0<a title=\"Samuel Bianchini\" href=\"https:\/\/www.methodologiesrecherchecreation.uqam.ca\/?page_id=453\"><span style=\"color: #000000;\">Samuel Bianchini<\/span><\/a> (EnsadLab, \u00c9cole nationale sup\u00e9rieure des Arts D\u00e9coratifs) &#8211; Dispositifs : recherche instrumentale et publications non-textuelles<\/span><\/p>\n<p style=\"padding-left: 90px;\"><strong>11h30\u00a0\u2014 Pl\u00e9ni\u00e8re<\/strong><\/p>\n<p style=\"padding-left: 90px;\"><strong>12h00 \u2014\u00a0Pause repas<\/strong><\/p>\n<p style=\"padding-left: 90px;\"><strong>14h00 \u2014\u00a0<span style=\"text-decoration: underline;\"><span style=\"color: #9c26f6;\"><a title=\"4. \u00ab DEMO or Die \u00bb (Negroponte)\" href=\"https:\/\/www.methodologiesrecherchecreation.uqam.ca\/?page_id=571\"><span style=\"color: #9c26f6; text-decoration: underline;\">\u00ab\u00a0DEMO\u00a0or\u00a0Die\u00a0\u00bb (Negroponte)<\/span><\/a><\/span><\/span><\/strong><br \/>\n<span style=\"color: #000000;\">Mod\u00e9ration : <a title=\"Gis\u00e8le Trudel\" href=\"https:\/\/www.methodologiesrecherchecreation.uqam.ca\/?page_id=99\"><span style=\"color: #000000;\">Gis\u00e8le Trudel<\/span><\/a> (Universit\u00e9 du Qu\u00e9bec \u00e0 Montr\u00e9al &#8211; Codirectrice Hexagram | CIAM)<\/span><\/p>\n<p style=\"padding-left: 90px;\"><span style=\"color: #000000;\">\u2022\u00a0<a title=\"Sandeep Bhagwati\" href=\"https:\/\/www.methodologiesrecherchecreation.uqam.ca\/?page_id=451\"><span style=\"color: #000000;\">Sandeep Bhagwati<\/span><\/a> (Universit\u00e9 Concordia) \u2013 AGNI &#8211; an iterative methodology for research-creation<\/span><br \/>\n<span style=\"color: #000000;\">\u2022 \u00a0<a title=\"Sally Jane Norman\" href=\"https:\/\/www.methodologiesrecherchecreation.uqam.ca\/?page_id=466\"><span style=\"color: #000000;\">Sally Jane Norman<\/span><\/a> (University of Sussex) \u2013 Killer apps \u2013 dead media \u2013 live art?\u00a0<\/span><br \/>\n<span style=\"color: #000000;\">\u2022 \u00a0<a title=\"Alexandre Castonguay\" href=\"https:\/\/www.methodologiesrecherchecreation.uqam.ca\/?page_id=357\"><span style=\"color: #000000;\">Alexandre Castonguay<\/span><\/a>\u00a0(Universit\u00e9 du Qu\u00e9bec \u00e0 Montr\u00e9al) &#8211; Les m\u00e9thodologies du Libre et de la Culture Libre et leurs applications dans la recherche et la gouvernance : une communication en mode de proposition.\u00a0<\/span><br \/>\n<span style=\"color: #000000;\">\u2022\u00a0<a title=\"Kevin Yuen-Kit Lo\" href=\"https:\/\/www.methodologiesrecherchecreation.uqam.ca\/?page_id=413\"><span style=\"color: #000000;\">Kevin Yuen-Kit Lo<\/span><\/a> (Artivistic.org) &#8211; Promiscuous Infrastructures<\/span><br \/>\n<span style=\"color: #000000;\">\u2022 <a title=\"M\u00e9l Hogan\" href=\"https:\/\/www.methodologiesrecherchecreation.uqam.ca\/?page_id=410\"><span style=\"color: #000000;\">M\u00e9l Hogan<\/span><\/a> (University of Colorado \u2013 Boulder) &#8211; An Archive of Process<\/span><\/p>\n<p style=\"padding-left: 90px;\"><span style=\"color: #000000;\"><strong>16h30\u00a0\u2014\u00a0Pl\u00e9ni\u00e8re<\/strong><\/span><\/p>\n<p style=\"padding-left: 90px;\"><strong>17h00 \u2014\u00a0Fin<\/strong><\/p>\n<p style=\"padding-left: 90px;\"><strong>17h-19h \u2014\u00a0Soir\u00e9e de d\u00e9voilement du Printemps Num\u00e9rique<\/strong> &#8211;<span style=\"color: #333333;\"> <a href=\"http:\/\/www.macm.org\/nous-joindre\/\" target=\"_blank\"><span style=\"color: #333333;\">Mus\u00e9e d&rsquo;Art Contemporain de Montr\u00e9al (MACM)<\/span><\/a><\/span><\/p>\n","protected":false},"excerpt":{"rendered":"<p>8h30 \u2014\u00a0Accueil 9h00 \u2014\u00a0La\u00a0recherche-cr\u00e9ation\u00a0entre th\u00e9orie et pratique Mod\u00e9ration : Yves Jubinville\u00a0(Universit\u00e9 du Qu\u00e9bec \u00e0 Montr\u00e9al) \u2022\u00a0Sean Ferguson (Universit\u00e9 McGill) &#8211; Culture shock: navigating expectations in interdisciplinary research-creation projects. \u2022 Emmanuel Mah\u00e9 (EnsadLab, \u00c9cole nationale sup\u00e9rieure des Arts D\u00e9coratifs, Universit\u00e9s de Rennes 2 et de Paris 8) &#8211; Doctorat Sciences, Arts, Cr\u00e9ation, Recherche : exp\u00e9rimentation ou [&hellip;]<\/p>\n","protected":false},"author":101011,"featured_media":0,"parent":0,"menu_order":0,"comment_status":"closed","ping_status":"closed","template":"page-templates\/front-page.php","meta":{"footnotes":""},"class_list":["post-845","page","type-page","status-publish","hentry"],"_links":{"self":[{"href":"https:\/\/www.methodologiesrecherchecreation.uqam.ca\/index.php?rest_route=\/wp\/v2\/pages\/845","targetHints":{"allow":["GET"]}}],"collection":[{"href":"https:\/\/www.methodologiesrecherchecreation.uqam.ca\/index.php?rest_route=\/wp\/v2\/pages"}],"about":[{"href":"https:\/\/www.methodologiesrecherchecreation.uqam.ca\/index.php?rest_route=\/wp\/v2\/types\/page"}],"author":[{"embeddable":true,"href":"https:\/\/www.methodologiesrecherchecreation.uqam.ca\/index.php?rest_route=\/wp\/v2\/users\/101011"}],"replies":[{"embeddable":true,"href":"https:\/\/www.methodologiesrecherchecreation.uqam.ca\/index.php?rest_route=%2Fwp%2Fv2%2Fcomments&post=845"}],"version-history":[{"count":11,"href":"https:\/\/www.methodologiesrecherchecreation.uqam.ca\/index.php?rest_route=\/wp\/v2\/pages\/845\/revisions"}],"predecessor-version":[{"id":1042,"href":"https:\/\/www.methodologiesrecherchecreation.uqam.ca\/index.php?rest_route=\/wp\/v2\/pages\/845\/revisions\/1042"}],"wp:attachment":[{"href":"https:\/\/www.methodologiesrecherchecreation.uqam.ca\/index.php?rest_route=%2Fwp%2Fv2%2Fmedia&parent=845"}],"curies":[{"name":"wp","href":"https:\/\/api.w.org\/{rel}","templated":true}]}}