{"id":841,"date":"2014-02-17T21:43:16","date_gmt":"2014-02-17T20:43:16","guid":{"rendered":"https:\/\/www.methodologiesrecherchecreation.uqam.ca\/?page_id=841"},"modified":"2014-03-18T14:36:23","modified_gmt":"2014-03-18T13:36:23","slug":"19-mars","status":"publish","type":"page","link":"https:\/\/www.methodologiesrecherchecreation.uqam.ca\/?page_id=841","title":{"rendered":"19 mars"},"content":{"rendered":"<p style=\"padding-left: 90px;\"><strong>8h30 \u2014\u00a0Accueil<\/strong><\/p>\n<p style=\"padding-left: 90px;\"><strong>8h45 \u2014\u00a0Mot d\u2019ouverture de Louise Poissant<\/strong> (Universit\u00e9 du Qu\u00e9bec \u00e0 Montr\u00e9al)<br \/>\n<strong>8h55<strong>\u00a0\u2014 Mot de\u00a0<\/strong>Denise P\u00e9russe<\/strong>, Analyste \u00e0 la planification et \u00e0 la gestion strat\u00e9gique (Fonds de Recherche Qu\u00e9bec, Soci\u00e9t\u00e9 et Culture)<\/p>\n<p style=\"padding-left: 90px;\"><strong>9h00 \u2014\u00a0<span style=\"text-decoration: underline;\"><span style=\"color: #9c26f6; text-decoration: underline;\"><a title=\"1. La d\u00e9limitation du territoire : sp\u00e9cificit\u00e9 de la recherche-cr\u00e9ation\" href=\"https:\/\/www.methodologiesrecherchecreation.uqam.ca\/?page_id=565\"><span style=\"color: #9c26f6; text-decoration: underline;\">La\u00a0d\u00e9limitation\u00a0du\u00a0territoire\u00a0: Sp\u00e9cificit\u00e9 de la recherche cr\u00e9ation<\/span><\/a><\/span><\/span><\/strong><br \/>\n<span style=\"color: #000000;\">Mod\u00e9ration : <a title=\"Monique R\u00e9gimbald-Zeiber\" href=\"https:\/\/www.methodologiesrecherchecreation.uqam.ca\/?page_id=165\"><span style=\"color: #000000;\">Monique R\u00e9gimbald\u2013Zeiber<\/span><\/a>\u00a0(Universit\u00e9 du Qu\u00e9bec \u00e0 Montr\u00e9al)<\/span><\/p>\n<p style=\"padding-left: 90px;\"><span style=\"color: #000000;\">\u2022\u00a0<a title=\"Jean-Marie Van der Maren\" href=\"https:\/\/www.methodologiesrecherchecreation.uqam.ca\/?page_id=430\"><span style=\"color: #000000;\">Jean-Marie Van der Maren <\/span><\/a>(Universit\u00e9 de Montr\u00e9al) &#8211; Quelles formes de recherche quand les arts deviennent universitaires ?<\/span><br \/>\n<span style=\"color: #000000;\"> \u2022\u00a0<a title=\"Serge Cardinal\" href=\"https:\/\/www.methodologiesrecherchecreation.uqam.ca\/?page_id=355\" target=\"_blank\"><span style=\"color: #000000;\">Serge Cardinal<\/span><\/a> (Universit\u00e9 de Montr\u00e9al) &#8211; L\u2019ekphrasis\u00a0: un mode de recherche-cr\u00e9ation<\/span><br \/>\n<span style=\"color: #000000;\"> \u2022\u00a0<a title=\"Sylvie Fortin\" href=\"https:\/\/www.methodologiesrecherchecreation.uqam.ca\/?page_id=372\"><span style=\"color: #000000;\">Sylvie Fortin<\/span><\/a> et <a title=\"Pierre Gosselin\" href=\"https:\/\/www.methodologiesrecherchecreation.uqam.ca\/?page_id=376\"><span style=\"color: #000000;\">Pierre Gosselin<\/span><\/a> (Universit\u00e9 du Qu\u00e9bec \u00e0 Montr\u00e9al) &#8211; Vers une d\u00e9limitation de la recherche-cr\u00e9ation<\/span><\/p>\n<p style=\"padding-left: 90px;\"><strong>11h30 \u2014\u00a0Pl\u00e9ni\u00e8re<\/strong><\/p>\n<p style=\"padding-left: 90px;\"><strong>12h00 \u2014\u00a0Pause repas<\/strong><\/p>\n<p style=\"padding-left: 90px;\"><strong>14h00 \u2014\u00a0<span style=\"text-decoration: underline;\"><span style=\"color: #9c26f6; text-decoration: underline;\"><a title=\"2. Cr\u00e9ation artistique et cognition\" href=\"https:\/\/www.methodologiesrecherchecreation.uqam.ca\/?page_id=567\"><span style=\"color: #9c26f6; text-decoration: underline;\">Cr\u00e9ation\u00a0artistique\u00a0et\u00a0cognition<\/span><\/a><\/span><\/span><\/strong><br \/>\n<span style=\"color: #000000;\">Mod\u00e9ration : <a title=\"Jocelyne Lupien\" href=\"https:\/\/www.methodologiesrecherchecreation.uqam.ca\/?page_id=809\"><span style=\"color: #000000;\">Jocelyne Lupien<\/span><\/a> (Universit\u00e9 du Qu\u00e9bec \u00e0 Montr\u00e9al)<\/span><\/p>\n<p style=\"padding-left: 90px;\"><span style=\"color: #000000;\">\u2022\u00a0<a title=\"Xavier Lambert\" href=\"https:\/\/www.methodologiesrecherchecreation.uqam.ca\/?page_id=380\"><span style=\"color: #000000;\">Xavier Lambert<\/span><\/a>\u00a0(Universit\u00e9 de Toulouse Le Mirail) &#8211; L\u2019art au feu du r\u00e9el\u00a0: cr\u00e9ation et cognition<\/span><br \/>\n<span style=\"color: #000000;\"> \u2022\u00a0<a title=\"Edmond Couchot\" href=\"https:\/\/www.methodologiesrecherchecreation.uqam.ca\/?page_id=359\"><span style=\"color: #000000;\">Edmont Couchot<\/span><\/a> (Universit\u00e9 Paris 8) &#8211; Recherche-cr\u00e9ation : un changement de paradigme dans la relation art-science<\/span><br \/>\n<span style=\"color: #000000;\"> \u2022\u00a0<a title=\"Chris Salter\" href=\"https:\/\/www.methodologiesrecherchecreation.uqam.ca\/?page_id=423\"><span style=\"color: #000000;\">Chris Salter <\/span><\/a>(Universit\u00e9 Concordia) &#8211; Alien Agency or How to Do Ethnographies of the Non-Human<\/span><br \/>\n<span style=\"color: #000000;\"> \u2022\u00a0<a title=\"Jean-Simon DesRochers\" href=\"https:\/\/www.methodologiesrecherchecreation.uqam.ca\/?page_id=363\"><span style=\"color: #000000;\">Jean-Simon Desrochers<\/span><\/a> (\u00c9crivain) &#8211; Le texte est un autre : empathie, exotopie, dialogue dans le processus de cr\u00e9ation<\/span><\/p>\n<p style=\"padding-left: 90px;\"><strong>16h30 \u2014\u00a0Pl\u00e9ni\u00e8re<\/strong><\/p>\n<p style=\"padding-left: 90px;\"><strong>17h00\u00a0\u2014\u00a0Fin<\/strong><\/p>\n<p style=\"padding-left: 90px;\"><strong>17h45 \u2014\u00a0Cocktail \u00e0 la<span style=\"text-decoration: underline; color: #333333;\"> <span style=\"text-decoration: underline;\"><a href=\"https:\/\/sat.qc.ca\/fr\/contact\" target=\"_blank\"><span style=\"color: #333333; text-decoration: underline;\">Soci\u00e9t\u00e9 des Arts Technologiques<\/span><\/a><\/span><\/span><\/strong> &#8211; Ouvert \u00e0 tous<\/p>\n","protected":false},"excerpt":{"rendered":"<p>8h30 \u2014\u00a0Accueil 8h45 \u2014\u00a0Mot d\u2019ouverture de Louise Poissant (Universit\u00e9 du Qu\u00e9bec \u00e0 Montr\u00e9al) 8h55\u00a0\u2014 Mot de\u00a0Denise P\u00e9russe, Analyste \u00e0 la planification et \u00e0 la gestion strat\u00e9gique (Fonds de Recherche Qu\u00e9bec, Soci\u00e9t\u00e9 et Culture) 9h00 \u2014\u00a0La\u00a0d\u00e9limitation\u00a0du\u00a0territoire\u00a0: Sp\u00e9cificit\u00e9 de la recherche cr\u00e9ation Mod\u00e9ration : Monique R\u00e9gimbald\u2013Zeiber\u00a0(Universit\u00e9 du Qu\u00e9bec \u00e0 Montr\u00e9al) \u2022\u00a0Jean-Marie Van der Maren (Universit\u00e9 de Montr\u00e9al) [&hellip;]<\/p>\n","protected":false},"author":101011,"featured_media":0,"parent":0,"menu_order":0,"comment_status":"closed","ping_status":"closed","template":"page-templates\/front-page.php","meta":{"footnotes":""},"class_list":["post-841","page","type-page","status-publish","hentry"],"_links":{"self":[{"href":"https:\/\/www.methodologiesrecherchecreation.uqam.ca\/index.php?rest_route=\/wp\/v2\/pages\/841","targetHints":{"allow":["GET"]}}],"collection":[{"href":"https:\/\/www.methodologiesrecherchecreation.uqam.ca\/index.php?rest_route=\/wp\/v2\/pages"}],"about":[{"href":"https:\/\/www.methodologiesrecherchecreation.uqam.ca\/index.php?rest_route=\/wp\/v2\/types\/page"}],"author":[{"embeddable":true,"href":"https:\/\/www.methodologiesrecherchecreation.uqam.ca\/index.php?rest_route=\/wp\/v2\/users\/101011"}],"replies":[{"embeddable":true,"href":"https:\/\/www.methodologiesrecherchecreation.uqam.ca\/index.php?rest_route=%2Fwp%2Fv2%2Fcomments&post=841"}],"version-history":[{"count":25,"href":"https:\/\/www.methodologiesrecherchecreation.uqam.ca\/index.php?rest_route=\/wp\/v2\/pages\/841\/revisions"}],"predecessor-version":[{"id":1037,"href":"https:\/\/www.methodologiesrecherchecreation.uqam.ca\/index.php?rest_route=\/wp\/v2\/pages\/841\/revisions\/1037"}],"wp:attachment":[{"href":"https:\/\/www.methodologiesrecherchecreation.uqam.ca\/index.php?rest_route=%2Fwp%2Fv2%2Fmedia&parent=841"}],"curies":[{"name":"wp","href":"https:\/\/api.w.org\/{rel}","templated":true}]}}