{"id":809,"date":"2014-02-14T19:47:21","date_gmt":"2014-02-14T18:47:21","guid":{"rendered":"https:\/\/www.methodologiesrecherchecreation.uqam.ca\/?page_id=809"},"modified":"2014-02-17T22:55:33","modified_gmt":"2014-02-17T21:55:33","slug":"jocelyne-lupien","status":"publish","type":"page","link":"https:\/\/www.methodologiesrecherchecreation.uqam.ca\/?page_id=809","title":{"rendered":"Jocelyne Lupien"},"content":{"rendered":"<p><b><a href=\"https:\/\/www.methodologiesrecherchecreation.uqam.ca\/wp-content\/uploads\/2014\/02\/Lupien_Jocelyne-nb.jpg\"><img loading=\"lazy\" decoding=\"async\" class=\"alignleft size-full wp-image-810\" alt=\"Lupien_Jocelyne nb\" src=\"https:\/\/www.methodologiesrecherchecreation.uqam.ca\/wp-content\/uploads\/2014\/02\/Lupien_Jocelyne-nb.jpg\" width=\"200\" height=\"200\" srcset=\"https:\/\/www.methodologiesrecherchecreation.uqam.ca\/wp-content\/uploads\/2014\/02\/Lupien_Jocelyne-nb.jpg 200w, https:\/\/www.methodologiesrecherchecreation.uqam.ca\/wp-content\/uploads\/2014\/02\/Lupien_Jocelyne-nb-150x150.jpg 150w\" sizes=\"auto, (max-width: 200px) 100vw, 200px\" \/><\/a>Jocelyne Lupien <\/b>est professeure au D\u00e9partement d\u2019histoire de l\u2019art de l\u2019Universit\u00e9 du Qu\u00e9bec \u00e0 Montr\u00e9al. D\u00e9tentrice d\u2019un doctorat en s\u00e9miotique visuelle, elle s\u2019int\u00e9resse \u00e0 la dimension polysensorielle de la production et de la r\u00e9ception de l\u2019art. Depuis la fin des ann\u00e9es quatre-vingt, elle a publi\u00e9, au Qu\u00e9bec, en Europe et aux Etats-Unis, des textes sur l\u2019art contemporain dans des catalogues d\u2019expositions, des livres et des p\u00e9riodiques culturels.<\/p>\n<p>&nbsp;<\/p>\n<p>&nbsp;<\/p>\n<h1><span style=\"text-decoration: underline;\"><span style=\"color: #9c26f6;\"><a title=\"2. Cr\u00e9ation artistique et cognition\" href=\"https:\/\/www.methodologiesrecherchecreation.uqam.ca\/?page_id=567\"><span style=\"color: #9c26f6; text-decoration: underline;\">2. Cr\u00e9ation artistique et cognition<\/span><\/a><\/span><\/span><\/h1>\n","protected":false},"excerpt":{"rendered":"<p>Jocelyne Lupien est professeure au D\u00e9partement d\u2019histoire de l\u2019art de l\u2019Universit\u00e9 du Qu\u00e9bec \u00e0 Montr\u00e9al. D\u00e9tentrice d\u2019un doctorat en s\u00e9miotique visuelle, elle s\u2019int\u00e9resse \u00e0 la dimension polysensorielle de la production et de la r\u00e9ception de l\u2019art. Depuis la fin des ann\u00e9es quatre-vingt, elle a publi\u00e9, au Qu\u00e9bec, en Europe et aux Etats-Unis, des textes sur [&hellip;]<\/p>\n","protected":false},"author":101011,"featured_media":0,"parent":0,"menu_order":0,"comment_status":"closed","ping_status":"closed","template":"page-templates\/front-page.php","meta":{"footnotes":""},"class_list":["post-809","page","type-page","status-publish","hentry"],"_links":{"self":[{"href":"https:\/\/www.methodologiesrecherchecreation.uqam.ca\/index.php?rest_route=\/wp\/v2\/pages\/809","targetHints":{"allow":["GET"]}}],"collection":[{"href":"https:\/\/www.methodologiesrecherchecreation.uqam.ca\/index.php?rest_route=\/wp\/v2\/pages"}],"about":[{"href":"https:\/\/www.methodologiesrecherchecreation.uqam.ca\/index.php?rest_route=\/wp\/v2\/types\/page"}],"author":[{"embeddable":true,"href":"https:\/\/www.methodologiesrecherchecreation.uqam.ca\/index.php?rest_route=\/wp\/v2\/users\/101011"}],"replies":[{"embeddable":true,"href":"https:\/\/www.methodologiesrecherchecreation.uqam.ca\/index.php?rest_route=%2Fwp%2Fv2%2Fcomments&post=809"}],"version-history":[{"count":3,"href":"https:\/\/www.methodologiesrecherchecreation.uqam.ca\/index.php?rest_route=\/wp\/v2\/pages\/809\/revisions"}],"predecessor-version":[{"id":895,"href":"https:\/\/www.methodologiesrecherchecreation.uqam.ca\/index.php?rest_route=\/wp\/v2\/pages\/809\/revisions\/895"}],"wp:attachment":[{"href":"https:\/\/www.methodologiesrecherchecreation.uqam.ca\/index.php?rest_route=%2Fwp%2Fv2%2Fmedia&parent=809"}],"curies":[{"name":"wp","href":"https:\/\/api.w.org\/{rel}","templated":true}]}}