{"id":8,"date":"2013-12-01T01:04:45","date_gmt":"2013-12-01T00:04:45","guid":{"rendered":"https:\/\/www.methodologiesrecherchecreation.uqam.ca\/?page_id=8"},"modified":"2014-03-27T20:11:43","modified_gmt":"2014-03-27T19:11:43","slug":"communications","status":"publish","type":"page","link":"https:\/\/www.methodologiesrecherchecreation.uqam.ca\/","title":{"rendered":"Colloque"},"content":{"rendered":"<h2 style=\"text-align: left; padding-left: 240px;\"><span style=\"color: #9900ff;\">Visionner les vid\u00e9os de l&rsquo;\u00e9v\u00e8nement : \u00a0 \u00a0 \u00a0<\/span><\/h2>\n<h3 style=\"padding-left: 240px;\"><span style=\"color: #9900ff;\"><span style=\"color: #9900ff;\"><a href=\"https:\/\/www.methodologiesrecherchecreation.uqam.ca\/?page_id=1062\"><img loading=\"lazy\" decoding=\"async\" alt=\"Colloque_RechCrea2014_youtube\" src=\"https:\/\/www.methodologiesrecherchecreation.uqam.ca\/wp-content\/uploads\/2013\/12\/Colloque_RechCrea2014_youtube-300x168.jpg\" width=\"300\" height=\"168\" \/><\/a>\u00a0\u00a0<\/span><\/span><\/h3>\n<h2 style=\"padding-left: 240px;\"><span style=\"color: #9900ff;\">et les photos :<\/span><\/h2>\n<h3 style=\"padding-left: 240px;\"><a href=\"https:\/\/www.methodologiesrecherchecreation.uqam.ca\/?page_id=1112\"><img loading=\"lazy\" decoding=\"async\" alt=\"Colloque_RechCrea2014_IMG_4081-3W\" src=\"https:\/\/www.methodologiesrecherchecreation.uqam.ca\/wp-content\/uploads\/2014\/03\/Colloque_RechCrea2014_IMG_4081-3W-300x200.jpg\" width=\"300\" height=\"200\" \/><\/a><\/h3>\n<h3 style=\"padding-left: 240px;\">\u2022<\/h3>\n<p style=\"padding-left: 240px;\">Ce colloque vise \u00e0 r\u00e9aliser un \u00e9tat des lieux des diverses approches m\u00e9thodologiques en recherche-cr\u00e9ation. Une trentaine de participants, chercheurs, artistes, canadiens et provenant de l\u2019international y participeront.<\/p>\n<p style=\"padding-left: 240px;\">Divers facteurs ont favoris\u00e9 le d\u00e9veloppement du concept de recherche-cr\u00e9ation. Des analyses visant \u00e0 baliser le terrain pour comprendre ce qui concourt au processus de cr\u00e9ation et pour faciliter les collaborations interdisciplinaires \u00e9mergent des pratiques et des recherches artistiques universitaires.<\/p>\n<p style=\"padding-left: 240px;\">\u00c0 l\u2019heure o\u00f9 la recherche se d\u00e9cline en recherche-d\u00e9veloppement, recherche-innovation, recherche-intervention, il devient essentiel de mieux cerner la recherche-cr\u00e9ation. Qu\u2019elle porte sur les mat\u00e9riaux, les techniques et les savoir-faire, ou sur les th\u00e8mes et les id\u00e9es cristallis\u00e9s dans l\u2019\u0153uvre, la recherche-cr\u00e9ation impose ses contraintes et ses proc\u00e9dures.<\/p>\n<p style=\"padding-left: 240px;\">Six sous-th\u00e8mes interconnect\u00e9s nous permettront de rejoindre les d\u00e9marches les plus inspirantes :<\/p>\n<h2 style=\"padding-left: 240px;\"><span style=\"text-decoration: underline; color: #9900ff;\"><span style=\"text-decoration: underline;\"><a title=\"1. La d\u00e9limitation du territoire : sp\u00e9cificit\u00e9 de la recherche-cr\u00e9ation\" href=\"https:\/\/www.methodologiesrecherchecreation.uqam.ca\/?page_id=565\"><span style=\"text-decoration: underline; color: #9900ff;\">1. La d\u00e9limitation du territoire : sp\u00e9cificit\u00e9 de la recherche-cr\u00e9ation<\/span><\/a><\/span><\/span><\/h2>\n<h2 style=\"padding-left: 240px;\"><span style=\"text-decoration: underline; color: #9900ff;\"><span style=\"text-decoration: underline;\"><strong><a title=\"2. Cr\u00e9ation artistique et cognition\" href=\"https:\/\/www.methodologiesrecherchecreation.uqam.ca\/?page_id=567\"><span style=\"text-decoration: underline; color: #9900ff;\">2. Cr\u00e9ation artistique et cognition<\/span><\/a><\/strong><\/span><\/span><\/h2>\n<h2 style=\"padding-left: 240px;\"><span style=\"text-decoration: underline; color: #9900ff;\"><span style=\"text-decoration: underline;\"><a title=\"3. La recherche-cr\u00e9ation entre th\u00e9orie et pratique\" href=\"https:\/\/www.methodologiesrecherchecreation.uqam.ca\/?page_id=569\"><span style=\"text-decoration: underline; color: #9900ff;\">3.\u00a0La recherche-cr\u00e9ation entre th\u00e9orie et pratique<\/span><\/a><\/span><\/span><\/h2>\n<h2 style=\"padding-left: 240px;\"><span style=\"text-decoration: underline; color: #9900ff;\"><span style=\"text-decoration: underline;\"><a title=\"4. \u00ab DEMO or Die \u00bb (Negroponte)\" href=\"https:\/\/www.methodologiesrecherchecreation.uqam.ca\/?page_id=571\"><span style=\"text-decoration: underline; color: #9900ff;\">4.\u00a0\u00ab DEMO or\u00a0Die \u00bb (Negroponte)<\/span><\/a><\/span><\/span><\/h2>\n<h2 style=\"padding-left: 240px;\"><span style=\"text-decoration: underline; color: #9900ff;\"><span style=\"text-decoration: underline;\"><a title=\"5. Typologie des nouvelles approches m\u00e9thodologiques en art\" href=\"https:\/\/www.methodologiesrecherchecreation.uqam.ca\/?page_id=573\"><span style=\"text-decoration: underline; color: #9900ff;\"><strong>5. Nouvelles approches m\u00e9thodologiques en art<\/strong><\/span><\/a><\/span><\/span><\/h2>\n<h2 style=\"padding-left: 240px;\"><span style=\"text-decoration: underline; color: #9900ff;\"><span style=\"text-decoration: underline;\"><strong><a title=\"6. M\u00e9thodes hasardeuses\" href=\"https:\/\/www.methodologiesrecherchecreation.uqam.ca\/?page_id=575\"><span style=\"text-decoration: underline; color: #9900ff;\">6. M\u00e9thodes hasardeuses<\/span><\/a><\/strong><\/span><\/span><\/h2>\n<p style=\"padding-left: 240px;\">D\u2019autres activit\u00e9s sont programm\u00e9es en marge du colloque, notamment des projections dans le cadre du Festival International du Film sur l&rsquo;Art\u00a0(FIFA).<\/p>\n<p style=\"padding-left: 240px;\">\u2022<\/p>\n<p style=\"padding-left: 240px;\"><span style=\"text-decoration: underline;\"><span style=\"color: #9900ff; text-decoration: underline;\"><strong><a title=\"Communiqu\u00e9\" href=\"https:\/\/www.methodologiesrecherchecreation.uqam.ca\/?page_id=957\"><span style=\"color: #9900ff; text-decoration: underline;\">Communiqu\u00e9 de presse<\/span><\/a><\/strong><\/span><\/span><br \/>\n<span style=\"text-decoration: underline;\"><span style=\"color: #9900ff; text-decoration: underline;\"><strong><a title=\"Communiqu\u00e9\" href=\"https:\/\/www.methodologiesrecherchecreation.uqam.ca\/?page_id=957\"><span style=\"color: #9900ff; text-decoration: underline;\">Press release<\/span><\/a><\/strong><\/span><\/span><\/p>\n","protected":false},"excerpt":{"rendered":"<p>Visionner les vid\u00e9os de l&rsquo;\u00e9v\u00e8nement : \u00a0 \u00a0 \u00a0 \u00a0\u00a0 et les photos : \u2022 Ce colloque vise \u00e0 r\u00e9aliser un \u00e9tat des lieux des diverses approches m\u00e9thodologiques en recherche-cr\u00e9ation. Une trentaine de participants, chercheurs, artistes, canadiens et provenant de l\u2019international y participeront. Divers facteurs ont favoris\u00e9 le d\u00e9veloppement du concept de recherche-cr\u00e9ation. Des analyses [&hellip;]<\/p>\n","protected":false},"author":101011,"featured_media":0,"parent":0,"menu_order":0,"comment_status":"closed","ping_status":"closed","template":"page-templates\/front-page.php","meta":{"footnotes":""},"class_list":["post-8","page","type-page","status-publish","hentry"],"_links":{"self":[{"href":"https:\/\/www.methodologiesrecherchecreation.uqam.ca\/index.php?rest_route=\/wp\/v2\/pages\/8","targetHints":{"allow":["GET"]}}],"collection":[{"href":"https:\/\/www.methodologiesrecherchecreation.uqam.ca\/index.php?rest_route=\/wp\/v2\/pages"}],"about":[{"href":"https:\/\/www.methodologiesrecherchecreation.uqam.ca\/index.php?rest_route=\/wp\/v2\/types\/page"}],"author":[{"embeddable":true,"href":"https:\/\/www.methodologiesrecherchecreation.uqam.ca\/index.php?rest_route=\/wp\/v2\/users\/101011"}],"replies":[{"embeddable":true,"href":"https:\/\/www.methodologiesrecherchecreation.uqam.ca\/index.php?rest_route=%2Fwp%2Fv2%2Fcomments&post=8"}],"version-history":[{"count":52,"href":"https:\/\/www.methodologiesrecherchecreation.uqam.ca\/index.php?rest_route=\/wp\/v2\/pages\/8\/revisions"}],"predecessor-version":[{"id":1404,"href":"https:\/\/www.methodologiesrecherchecreation.uqam.ca\/index.php?rest_route=\/wp\/v2\/pages\/8\/revisions\/1404"}],"wp:attachment":[{"href":"https:\/\/www.methodologiesrecherchecreation.uqam.ca\/index.php?rest_route=%2Fwp%2Fv2%2Fmedia&parent=8"}],"curies":[{"name":"wp","href":"https:\/\/api.w.org\/{rel}","templated":true}]}}