{"id":700,"date":"2014-02-02T20:43:43","date_gmt":"2014-02-02T19:43:43","guid":{"rendered":"https:\/\/www.methodologiesrecherchecreation.uqam.ca\/?page_id=700"},"modified":"2014-02-02T22:05:10","modified_gmt":"2014-02-02T21:05:10","slug":"yves-jubinville","status":"publish","type":"page","link":"https:\/\/www.methodologiesrecherchecreation.uqam.ca\/?page_id=700","title":{"rendered":"Yves Jubinville"},"content":{"rendered":"<p><b><a href=\"https:\/\/www.methodologiesrecherchecreation.uqam.ca\/wp-content\/uploads\/2014\/02\/Jubinville_Yves_nb.jpg\"><img loading=\"lazy\" decoding=\"async\" class=\"alignleft size-full wp-image-697\" alt=\"Jubinville_Yves_nb\" src=\"https:\/\/www.methodologiesrecherchecreation.uqam.ca\/wp-content\/uploads\/2014\/02\/Jubinville_Yves_nb.jpg\" width=\"200\" height=\"200\" srcset=\"https:\/\/www.methodologiesrecherchecreation.uqam.ca\/wp-content\/uploads\/2014\/02\/Jubinville_Yves_nb.jpg 200w, https:\/\/www.methodologiesrecherchecreation.uqam.ca\/wp-content\/uploads\/2014\/02\/Jubinville_Yves_nb-150x150.jpg 150w\" sizes=\"auto, (max-width: 200px) 100vw, 200px\" \/><\/a>Yves Jubinville<\/b> est professeur en \u00e9tudes th\u00e9\u00e2trales \u00e0 l\u2019\u00c9cole sup\u00e9rieure de th\u00e9\u00e2tre de l\u2019UQAM. Il dirige actuellement le programme de doctorat en \u00e9tudes et pratiques des arts dans cette m\u00eame universit\u00e9. Chercheur au Centre de recherche interuniversitaire sur les lettres et la culture qu\u00e9b\u00e9coises (CRILCQ), ses champs de recherche sont la dramaturgie contemporaine et la sociologie et l\u2019historiographie th\u00e9\u00e2trales. Il travaille notamment \u00e0 l\u2019\u00e9laboration d\u2019une synth\u00e8se historique du th\u00e9\u00e2tre qu\u00e9b\u00e9cois depuis 1945 dans le cadre d\u2019un groupe de recherche r\u00e9unissant des chercheurs de plusieurs universit\u00e9s. Il est enfin directeur de <i>L\u2019Annuaire th\u00e9\u00e2tral<\/i> et coresponsable du Centre de recherches th\u00e9\u00e2trales (CERT).<\/p>\n<p>&nbsp;<\/p>\n<h1><span style=\"text-decoration: underline;\"><span style=\"color: #9c26f5;\"><a title=\"3. La recherche-cr\u00e9ation entre th\u00e9orie et pratique\" href=\"https:\/\/www.methodologiesrecherchecreation.uqam.ca\/?page_id=569\" target=\"_blank\"><span style=\"color: #9c26f5; text-decoration: underline;\">3. La recherche-cr\u00e9ation entre th\u00e9orie et pratique<\/span><\/a><\/span><\/span><\/h1>\n","protected":false},"excerpt":{"rendered":"<p>Yves Jubinville est professeur en \u00e9tudes th\u00e9\u00e2trales \u00e0 l\u2019\u00c9cole sup\u00e9rieure de th\u00e9\u00e2tre de l\u2019UQAM. Il dirige actuellement le programme de doctorat en \u00e9tudes et pratiques des arts dans cette m\u00eame universit\u00e9. Chercheur au Centre de recherche interuniversitaire sur les lettres et la culture qu\u00e9b\u00e9coises (CRILCQ), ses champs de recherche sont la dramaturgie contemporaine et la [&hellip;]<\/p>\n","protected":false},"author":101011,"featured_media":0,"parent":0,"menu_order":0,"comment_status":"closed","ping_status":"closed","template":"","meta":{"footnotes":""},"class_list":["post-700","page","type-page","status-publish","hentry"],"_links":{"self":[{"href":"https:\/\/www.methodologiesrecherchecreation.uqam.ca\/index.php?rest_route=\/wp\/v2\/pages\/700","targetHints":{"allow":["GET"]}}],"collection":[{"href":"https:\/\/www.methodologiesrecherchecreation.uqam.ca\/index.php?rest_route=\/wp\/v2\/pages"}],"about":[{"href":"https:\/\/www.methodologiesrecherchecreation.uqam.ca\/index.php?rest_route=\/wp\/v2\/types\/page"}],"author":[{"embeddable":true,"href":"https:\/\/www.methodologiesrecherchecreation.uqam.ca\/index.php?rest_route=\/wp\/v2\/users\/101011"}],"replies":[{"embeddable":true,"href":"https:\/\/www.methodologiesrecherchecreation.uqam.ca\/index.php?rest_route=%2Fwp%2Fv2%2Fcomments&post=700"}],"version-history":[{"count":2,"href":"https:\/\/www.methodologiesrecherchecreation.uqam.ca\/index.php?rest_route=\/wp\/v2\/pages\/700\/revisions"}],"predecessor-version":[{"id":784,"href":"https:\/\/www.methodologiesrecherchecreation.uqam.ca\/index.php?rest_route=\/wp\/v2\/pages\/700\/revisions\/784"}],"wp:attachment":[{"href":"https:\/\/www.methodologiesrecherchecreation.uqam.ca\/index.php?rest_route=%2Fwp%2Fv2%2Fmedia&parent=700"}],"curies":[{"name":"wp","href":"https:\/\/api.w.org\/{rel}","templated":true}]}}