{"id":575,"date":"2014-01-28T18:37:35","date_gmt":"2014-01-28T17:37:35","guid":{"rendered":"https:\/\/www.methodologiesrecherchecreation.uqam.ca\/?page_id=575"},"modified":"2014-02-25T23:51:46","modified_gmt":"2014-02-25T22:51:46","slug":"6-methodes-hasardeuses","status":"publish","type":"page","link":"https:\/\/www.methodologiesrecherchecreation.uqam.ca\/?page_id=575","title":{"rendered":"6. M\u00e9thodes hasardeuses"},"content":{"rendered":"<p style=\"padding-left: 30px;\">L\u2019art d\u00e9coule souvent de r\u00e9actions impr\u00e9visibles, al\u00e9atoires, inattendues ou accidentelles. On parle aussi de s\u00e9renpidit\u00e9 pour d\u00e9signer les d\u00e9couvertes li\u00e9es au hasard. Plusieurs artistes tendent maintenant \u00e0 int\u00e9grer volontairement des aspects hasardeux dans leurs m\u00e9thodes.<\/p>\n<p style=\"padding-left: 30px;\">Mod\u00e9ration :<span style=\"text-decoration: underline;\"><strong><span style=\"color: #000000;\"> <a title=\"Jean Dubois\" href=\"https:\/\/www.methodologiesrecherchecreation.uqam.ca\/?page_id=97\" target=\"_blank\"><span style=\"color: #000000; text-decoration: underline;\">Jean Dubois<\/span><\/a><\/span><\/strong><\/span><\/p>\n<p style=\"text-align: justify; padding-left: 240px;\"><span style=\"color: #9c26f6;\">\u2022<\/span><\/p>\n<h2 style=\"padding-left: 240px;\"><span style=\"color: #9d02ff;\">How To Not Do Dot No To How<\/span><\/h2>\n<p style=\"padding-left: 240px;\"><span style=\"text-decoration: underline;\"><strong><span style=\"color: #000000; text-decoration: underline;\"><a title=\"Christof Migone\" href=\"https:\/\/www.methodologiesrecherchecreation.uqam.ca\/?page_id=417\" target=\"_blank\"><span style=\"color: #000000; text-decoration: underline;\">Christof Migone<\/span><\/a><\/span><\/strong><\/span><\/p>\n<p style=\"padding-left: 240px;\">Comment se d\u00e9faire d&rsquo;un faire qui pr\u00e9tend que l&rsquo;\u0153uvre pourrait s&rsquo;actualiser sans son d\u00e9s\u0153uvrement concomitant? Comment nuancer improvisation et composition, accident et structure, sensation et logique? Comment avancer une probl\u00e9matique sans avoir \u00e0 r\u00e9soudre le probl\u00e8me, mais en suivant une d\u00e9marche qui permet de l&rsquo;approfondir, le compliquer, l&rsquo;accentuer? Comment trouver du s\u00e9rieux \u00e0 travers le jeu, l&rsquo;humour, le d\u00e9raisonnable, le pervers? Comment suivre un parcours h\u00e9t\u00e9roclite parsem\u00e9 de projets artistiques,\u00a0curatoriaux\u00a0et p\u00e9dagogiques sans se perdre mais en s&rsquo;engageant avec conviction dans une confusion des cr\u00e9neaux\u00a0g\u00e9n\u00e9ratrice? Comment amplifier le tautologique dans la formule recherche-cr\u00e9ation pour enfin dissiper la diff\u00e9rence entre processus et r\u00e9sultat, sans pour autant la dissoudre enti\u00e8rement? Comment fonctionner en mode d&rsquo;incitations et provocations en \u00e9vitant l&rsquo;in\u00e9vitable enclin r\u00e9ductif? Comment fournir un r\u00e9sum\u00e9 qui en cent mots et quelques sugg\u00e8re des contradictions, des fuites, des propositions sans propos?<\/p>\n<p style=\"padding-left: 240px;\"><span style=\"line-height: 1.714285714; font-size: 1rem; color: #9d02ff;\">\u2022<\/span><\/p>\n<h2 style=\"padding-left: 240px;\"><span style=\"color: #9d02ff;\">Flanchement et pictomancie<\/span><\/h2>\n<p style=\"padding-left: 240px;\"><span style=\"color: #000000;\"><strong><span style=\"text-decoration: underline;\"><a title=\"Marie-Claude Bouthillier\" href=\"https:\/\/www.methodologiesrecherchecreation.uqam.ca\/?page_id=347\" target=\"_blank\"><span style=\"color: #000000; text-decoration: underline;\">Marie-Claude Bouthillier<\/span><\/a><\/span><\/strong><\/span><\/p>\n<p style=\"padding-left: 240px;\">Ma pratique interdisciplinaire prend la forme de tableaux, d\u2019environnements picturaux et d\u2019\u0153uvres collaboratives. En peinture, ma technique et ma m\u00e9thode de travail s\u2019appuient sur la r\u00e9sistance et\/ou le \u00ab\u00a0flanchement\u00a0\u00bb de la mati\u00e8re\u00a0: autant du c\u00f4t\u00e9 du support que du m\u00e9dium. J\u2019entends par \u00ab\u00a0flanchement\u00a0\u00bb l\u2019aptitude du mat\u00e9riau \u00e0 c\u00e9der, faiblir, ployer,\u00a0entra\u00eenant le d\u00e9bordement et la bavure. Il s\u2019agit de la tendance de la mati\u00e8re \u00e0 se conduire selon sa nature contre ma volont\u00e9.<\/p>\n<p style=\"padding-left: 240px;\">La repr\u00e9sentation de l\u2019artiste dans la litt\u00e9rature ainsi que les jeux de cartes sont d\u2019autres motifs importants de ma d\u00e9marche. Avec ces jeux, j\u2019accomplis pour un invit\u00e9 complice un rituel calqu\u00e9 sur la consultation traditionnelle de cartomancie. Pour le colloque, je propose de faire une pr\u00e9sentation du jeu de cartes <i>Vie d\u2019artiste<\/i>, expliquant sa cr\u00e9ation ainsi que les m\u00e9thodes oraculaires par lesquelles il est mis en \u0153uvre.<\/p>\n<p style=\"padding-left: 240px;\"><span style=\"color: #9d02ff;\">\u2022<\/span><\/p>\n<h2 style=\"padding-left: 240px;\"><span style=\"color: #9d02ff;\">Approche stochastique de l&rsquo;installation modulaire imprim\u00e9e<\/span><\/h2>\n<p style=\"padding-left: 240px;\"><span style=\"text-decoration: underline; color: #000000;\"><strong><a title=\"Andr\u00e9e-Anne Dupuis-Bourret\" href=\"https:\/\/www.methodologiesrecherchecreation.uqam.ca\/?page_id=367\" target=\"_blank\"><span style=\"color: #000000; text-decoration: underline;\">Andr\u00e9e-Anne Dupuis-Bourret<\/span><\/a><\/strong><\/span><\/p>\n<p style=\"padding-left: 240px;\">Lors de ses r\u00e9centes expositions,\u00a0Andr\u00e9e-Anne Dupuis Bourret a\u00a0pr\u00e9sent\u00e9\u00a0des installations\u00a0<i>in situ <\/i>compos\u00e9es majoritairement de papiers imprim\u00e9s, pli\u00e9s et assembl\u00e9s. \u00c0 partir d&rsquo;une s\u00e9rie de modules qui se multiplient et prolif\u00e8rent, elle cr\u00e9e diverses reconfigurations. En concordance avec la technique d&rsquo;impression s\u00e9rigraphique qu&rsquo;elle emploie, son approche se caract\u00e9rise par la combinaison de processus syst\u00e9matiques et al\u00e9atoires de cr\u00e9ation. \u00c0 l&rsquo;image d&rsquo;un programme g\u00e9n\u00e9rant des trames stochastiques, l&rsquo;int\u00e9gration de proc\u00e9d\u00e9s m\u00e9caniques et artisanaux produit des variations d\u00e9finissant le seuil exp\u00e9rientiel des possibles de l&rsquo;\u0153uvre. Dans cette optique, sa pratique ne pr\u00e9sente pas d&rsquo;objet d\u00e9termin\u00e9, mais un processus \u00e9volutif et hasardeux, suivant son propre rythme.<\/p>\n<p style=\"padding-left: 240px;\"><span style=\"color: #9d02ff;\">\u2022<\/span><\/p>\n<h2 style=\"padding-left: 240px;\"><span style=\"color: #9d02ff;\">Jours de chance\u00a0: trois odyss\u00e9es transfronti\u00e8res \u00e0 travers l\u2019Am\u00e9rique<\/span><\/h2>\n<p style=\"padding-left: 240px;\"><span style=\"text-decoration: underline; color: #000000;\"><strong><a title=\"Daniel Canty\" href=\"https:\/\/www.methodologiesrecherchecreation.uqam.ca\/?page_id=353\" target=\"_blank\"><span style=\"color: #000000; text-decoration: underline;\">Daniel Canty<\/span><\/a><\/strong><\/span> et <span style=\"text-decoration: underline;\"><strong><a title=\"Patrick Beaulieu\" href=\"https:\/\/www.methodologiesrecherchecreation.uqam.ca\/?page_id=314\" target=\"_blank\"><span style=\"color: #000000; text-decoration: underline;\">Patrick Beaulieu<\/span><\/a><\/strong><\/span><\/p>\n<p style=\"padding-left: 240px;\">De 2007 \u00e0 2012, Patrick Beaulieu et Daniel Canty, agents transfronti\u00e8res, ont pist\u00e9 la migration annuelle des papillons monarques gr\u00e2ce \u00e0 la\u00a0<i>Monarca Mobile<\/i>, brinquebalant camion postal transfigur\u00e9 pour l\u2019occasion <span style=\"color: #000000;\">(<span style=\"text-decoration: underline;\"><a href=\"http:\/\/www.vectormonarca.com\/fr\/index.php\" target=\"_blank\"><span style=\"color: #000000; text-decoration: underline;\">www.vectormonarca.com)<\/span><\/a><\/span>,<\/span> se sont\u00a0abandonn\u00e9s aux courants a\u00e9riens \u00e0 bord de la\u00a0<i>Blue Rider<\/i>, beau\u00a0<i>pick-up\u00a0<\/i>bleu ciel \u00e9quip\u00e9 d\u2019une manche \u00e0 air et d\u2019une girouette (<span style=\"text-decoration: underline;\"><span style=\"color: #000000; text-decoration: underline;\"><a href=\"http:\/\/venturyodyssey.com\/\" target=\"_blank\"><span style=\"color: #000000; text-decoration: underline;\">venturyodyssey.com<\/span><\/a>)<\/span><\/span>, et ont pist\u00e9 les chemins du hasard dans la<i>\u00a0Magic Dart<\/i>, bolide d\u2019une blancheur d\u00e9sertique, au capot coiff\u00e9 d\u2019une roue de fortune constell\u00e9 des symboles d\u2019un\u00a0<i>I Ching\u00a0<\/i>western (<span style=\"text-decoration: underline;\"><span style=\"color: #000000; text-decoration: underline;\"><a href=\"http:\/\/vegasodyssey.com\/\" target=\"_blank\"><span style=\"color: #000000; text-decoration: underline;\">vegasodyssey.com)<\/span><\/a><\/span><\/span>. Papillon, vent, hasard\u00a0: guides animaux, \u00e9l\u00e9mentaires, spirituels. Par trois fois, les agents transfronti\u00e8res ont trac\u00e9 \u00e0 travers l\u2019Am\u00e9rique en s\u2019abandonnant \u00e0 des forces qui les d\u00e9passe. L\u2019un a compos\u00e9 des images, l\u2019autres des textes. Ensemble, ils ont fait \u0153uvre de science na\u00efve. Ont souhait\u00e9 que le hasard des routes soit garant de la vie des \u0153uvres. Il y a eu des expositions. Il y aura des livres. Nos aventuriers partageront aujourd\u2019hui le r\u00e9cit de quelques-uns de ces jours chanceux, dans une Am\u00e9rique o\u00f9 on ne peut se rendre qu\u2019en pr\u00eatant foi \u00e0 ce qui arrive au bon endroit, au bon moment.<\/p>\n<p style=\"padding-left: 240px;\">\n","protected":false},"excerpt":{"rendered":"<p>L\u2019art d\u00e9coule souvent de r\u00e9actions impr\u00e9visibles, al\u00e9atoires, inattendues ou accidentelles. On parle aussi de s\u00e9renpidit\u00e9 pour d\u00e9signer les d\u00e9couvertes li\u00e9es au hasard. Plusieurs artistes tendent maintenant \u00e0 int\u00e9grer volontairement des aspects hasardeux dans leurs m\u00e9thodes. Mod\u00e9ration : Jean Dubois \u2022 How To Not Do Dot No To How Christof Migone Comment se d\u00e9faire d&rsquo;un faire [&hellip;]<\/p>\n","protected":false},"author":101011,"featured_media":0,"parent":8,"menu_order":0,"comment_status":"closed","ping_status":"closed","template":"page-templates\/front-page.php","meta":{"footnotes":""},"class_list":["post-575","page","type-page","status-publish","hentry"],"_links":{"self":[{"href":"https:\/\/www.methodologiesrecherchecreation.uqam.ca\/index.php?rest_route=\/wp\/v2\/pages\/575","targetHints":{"allow":["GET"]}}],"collection":[{"href":"https:\/\/www.methodologiesrecherchecreation.uqam.ca\/index.php?rest_route=\/wp\/v2\/pages"}],"about":[{"href":"https:\/\/www.methodologiesrecherchecreation.uqam.ca\/index.php?rest_route=\/wp\/v2\/types\/page"}],"author":[{"embeddable":true,"href":"https:\/\/www.methodologiesrecherchecreation.uqam.ca\/index.php?rest_route=\/wp\/v2\/users\/101011"}],"replies":[{"embeddable":true,"href":"https:\/\/www.methodologiesrecherchecreation.uqam.ca\/index.php?rest_route=%2Fwp%2Fv2%2Fcomments&post=575"}],"version-history":[{"count":12,"href":"https:\/\/www.methodologiesrecherchecreation.uqam.ca\/index.php?rest_route=\/wp\/v2\/pages\/575\/revisions"}],"predecessor-version":[{"id":840,"href":"https:\/\/www.methodologiesrecherchecreation.uqam.ca\/index.php?rest_route=\/wp\/v2\/pages\/575\/revisions\/840"}],"up":[{"embeddable":true,"href":"https:\/\/www.methodologiesrecherchecreation.uqam.ca\/index.php?rest_route=\/wp\/v2\/pages\/8"}],"wp:attachment":[{"href":"https:\/\/www.methodologiesrecherchecreation.uqam.ca\/index.php?rest_route=%2Fwp%2Fv2%2Fmedia&parent=575"}],"curies":[{"name":"wp","href":"https:\/\/api.w.org\/{rel}","templated":true}]}}