{"id":569,"date":"2014-01-28T18:36:40","date_gmt":"2014-01-28T17:36:40","guid":{"rendered":"https:\/\/www.methodologiesrecherchecreation.uqam.ca\/?page_id=569"},"modified":"2014-02-25T23:51:46","modified_gmt":"2014-02-25T22:51:46","slug":"3-la-recherche-creation-entre-theorie-et-pratique","status":"publish","type":"page","link":"https:\/\/www.methodologiesrecherchecreation.uqam.ca\/?page_id=569","title":{"rendered":"3. La recherche-cr\u00e9ation entre th\u00e9orie et pratique"},"content":{"rendered":"<p style=\"padding-left: 30px;\">Recherche et cr\u00e9ation se nourrissent dans un mouvement d\u2019interp\u00e9n\u00e9tration continu. Toute une r\u00e9flexion \u00e9merge actuellement autour de la practice ou de la performance as research. Ces approches et la th\u00e9orie s\u00e9diment\u00e9e dans les \u0153uvres renouvellent les liens entre recherche et cr\u00e9ation.<\/p>\n<p style=\"padding-left: 30px;\">Mod\u00e9ration : <span style=\"text-decoration: underline;\"><span style=\"color: #000000; text-decoration: underline;\"><a title=\"Yves Jubinville\" href=\"https:\/\/www.methodologiesrecherchecreation.uqam.ca\/?page_id=700\" target=\"_blank\"><span style=\"color: #000000; text-decoration: underline;\"><strong>Yves Jubinville<\/strong><\/span><\/a><\/span><\/span><\/p>\n<p style=\"text-align: justify; padding-left: 240px;\"><span style=\"color: #9c26f6;\">\u2022<\/span><\/p>\n<h2 style=\"padding-left: 240px;\"><span style=\"color: #9d02ff;\">Culture shock: navigating expectations in interdisciplinary research-creation projects<\/span><\/h2>\n<p style=\"padding-left: 240px;\"><span style=\"text-decoration: underline;\"><span style=\"color: #000000; text-decoration: underline;\"><strong><a title=\"Sean Ferguson\" href=\"https:\/\/www.methodologiesrecherchecreation.uqam.ca\/?page_id=370\" target=\"_blank\"><span style=\"color: #000000; text-decoration: underline;\">Sean Ferguson<\/span><\/a><\/strong><\/span><\/span><\/p>\n<p style=\"padding-left: 240px;\">One of the great advantages of interdisciplinary collaboration is the variety of perspectives that participants from different backgrounds and disciplines can bring to a project. This great strength can also cause challenges, however, when expectations don&rsquo;t align. The motivations and reward structures of artists, scientists, engineers and other researchers can vary widely; this is only amplified when participants include both those from the professional milieu and those from the academic environment. Among other things, radically differing methodologies can create major roadblocks for advancing a project. It is therefore key that members of an interdisciplinary team attempt to understand the differing cultures of their collaborators. This is easier said than done, but efforts in this direction can yield positive results and can avoid potentially disastrous conflicts and misunderstandings.<\/p>\n<p style=\"padding-left: 240px;\"><span style=\"line-height: 1.714285714; font-size: 1rem; color: #9d02ff;\">\u2022<\/span><\/p>\n<h2 style=\"padding-left: 240px;\"><span style=\"color: #9d02ff;\">Doctorat \u00ab Sciences Arts Cr\u00e9ation &amp; Recherche \u00bb : exp\u00e9rimentation ou mod\u00e9lisation ?<\/span><\/h2>\n<p style=\"padding-left: 240px;\"><span style=\"text-decoration: underline;\"><span style=\"color: #000000; text-decoration: underline;\"><strong><a title=\"Emmanuel Mah\u00e9\" href=\"https:\/\/www.methodologiesrecherchecreation.uqam.ca\/?page_id=415\" target=\"_blank\"><span style=\"color: #000000; text-decoration: underline;\">Emmanuel Mah\u00e9<\/span><\/a><\/strong><\/span><\/span><\/p>\n<p style=\"padding-left: 240px;\">Le programme doctoral Sciences, Arts, Cr\u00e9ation, Recherche (SACRe) de Paris Sciences et Lettres\u00a0(PSL) existe depuis 2012. Les doctorants sont majoritairement des plasticiens, metteurs en sc\u00e8ne, r\u00e9alisateurs, compositeurs de musique ou designers. Ce doctorat consiste \u00e0 d\u00e9velopper et \u00e0 promouvoir une <i>recherche par la pratique <\/i>portant sur les diff\u00e9rents arts, combin\u00e9e avec des approches th\u00e9oriques elles-m\u00eames appuy\u00e9es sur la connaissance des conditions de cette pratique. Ce positionnement implique plusieurs types de rapprochements : avec les sciences fondamentales pour produire de nouvelles connaissances et de nouvelles pratiques de recherche ; avec les sciences exp\u00e9rimentales pour cr\u00e9er et tester des dispositifs communs ; avec les sciences humaines et sociales pour documenter ou confronter ces processus m\u00eames de coop\u00e9ration.<\/p>\n<p style=\"padding-left: 240px;\">Observateur-participant \u00e0 double-titre de la cr\u00e9ation de ce nouveau doctorat (comme codirecteur du programme doctoral et comme chercheur en sciences humaines et sociales), Emmanuel Mah\u00e9 propose de pr\u00e9senter le programme doctoral et, surtout, de soumettre \u00e0 la discussion les principales questions qu\u2019une telle \u00ab\u00a0exp\u00e9rimentation\u00a0\u00bb soul\u00e8ve dans diff\u00e9rents domaines (institutionnels, artistiques et scientifiques).<\/p>\n<p style=\"padding-left: 240px;\"><span style=\"color: #000000;\"><span style=\"text-decoration: underline;\"><span style=\"font-size: 1rem; line-height: 1.714285714;\"><a href=\"http:\/\/www.univ-psl.fr\" target=\"_blank\"><span style=\"color: #000000; text-decoration: underline;\">Paris Sciences et Lettres<\/span><\/a><br \/>\n<\/span><\/span><span style=\"line-height: 1.714285714; font-size: 1rem;\"><span style=\"text-decoration: underline;\"><a href=\"http:\/\/www.univ-psl.fr\/default\/EN\/all\/sacre_fr\/\" target=\"_blank\"><span style=\"color: #000000; text-decoration: underline;\">Doctorat SACre<\/span><\/a><\/span><br \/>\n<\/span><\/span><\/p>\n<p style=\"padding-left: 240px;\"><span style=\"color: #000000;\">\u2022<span style=\"line-height: 1.714285714; font-size: 1rem;\">\u00a0<\/span><\/span><\/p>\n<h2 style=\"padding-left: 240px;\"><span style=\"color: #9d02ff;\">Les cycles heuristiques\u00a0: une m\u00e9thodologie de recherche-cr\u00e9ation<\/span><\/h2>\n<p style=\"padding-left: 240px;\"><span style=\"text-decoration: underline;\"><span style=\"color: #000000; text-decoration: underline;\"><strong><a title=\"Louis-Claude Paquin\" href=\"https:\/\/www.methodologiesrecherchecreation.uqam.ca\/?page_id=457\" target=\"_blank\"><span style=\"color: #000000; text-decoration: underline;\">Louis-Claude Paquin<\/span><\/a><\/strong><\/span><\/span><\/p>\n<p style=\"padding-left: 240px;\">Pour les \u00e9tudiants engag\u00e9s dans la r\u00e9alisation d\u2019une th\u00e8se doctorale de cr\u00e9ation, deux \u00e9tapes s\u2019av\u00e8rent tr\u00e8s souvent p\u00e9nibles, voire anxiog\u00e8nes\u00a0: d\u00e9terminer sa probl\u00e9matique et choisir une m\u00e9thodologie de recherche-cr\u00e9ation. Il s\u2019agit du moment cl\u00e9 de la conciliation entre l\u2019aspect recherche et l\u2019aspect cr\u00e9ation du projet. La pire strat\u00e9gie consiste en des probl\u00e9matiques et des m\u00e9thodologies diff\u00e9rentes pour chacun des aspects ; \u00ab\u00a0l\u2019entretoisement\u00a0\u00bb propos\u00e9 comme id\u00e9al par Jean Lancri (2006) s\u2019av\u00e8re alors impossible \u00e0 r\u00e9aliser. Par ailleurs, les approches m\u00e9thodologiques actuellement utilis\u00e9es, telles que\u00a0l\u2019ethnographie, l\u2019herm\u00e9neutique ou l\u2019heuristique sont emprunt\u00e9es \u00e0 la recherche en sciences humaines et demandent une adaptation au contexte particulier de la recherche-cr\u00e9ation. La pr\u00e9sente contribution propose une adaptation de l\u2019heuristique, un des premiers mod\u00e8les de la cr\u00e9ativit\u00e9, comptant quatre phases\u00a0: la pr\u00e9paration, l\u2019incubation, l\u2019illumination et la v\u00e9rification, propos\u00e9 initialement par Graham Wallas (1926), formul\u00e9 en m\u00e9thodologie par Clark Moustakas (1990) et adapt\u00e9 par Peter Craig (1978). La d\u00e9marche de recherche-cr\u00e9ation propos\u00e9e proc\u00e8de par cycles heuristiques successifs, chacun d\u2019eux, initi\u00e9 par une question ou un probl\u00e8me li\u00e9 \u00e0 la cr\u00e9ation, comporte une phase d\u2019exploration et de production en atelier pouvant donner lieu \u00e0 une pr\u00e9sentation publique. S\u2019enclenche ensuite une phase de compr\u00e9hension o\u00f9 les d\u00e9couvertes effectu\u00e9es sont cadr\u00e9es par rapport \u00e0 des discours conceptuels ainsi que des \u0153uvres apparent\u00e9es pertinentes. Le cycle se termine par l\u2019\u00e9criture d\u2019une synth\u00e8se qui articule les d\u00e9couvertes et leur compr\u00e9hension au projet et, le cas \u00e9ch\u00e9ant, par la formulation d\u2019une question ou l\u2019identification d\u2019un probl\u00e8me qui fera l\u2019objet d\u2019un prochain cycle heuristique et ainsi de suite jusqu\u2019\u00e0 ce que les objectifs du projet soient atteints. La pr\u00e9sentation sera illustr\u00e9e par une th\u00e8se cr\u00e9ation en cours.<\/p>\n<p style=\"padding-left: 240px;\"><span style=\"line-height: 1.714285714; font-size: 1rem; color: #808080;\">Craig, Peter Erik. (1978). <em>The Heart of the teacher : a heuristic study of the inner world of teaching.<\/em>\u00a0 \u00a0\u00a0<\/span><\/p>\n<p style=\"padding-left: 240px;\"><span style=\"color: #808080;\">Lancri, Jean. (2006). Comment la nuit travaille en \u00e9toile et pourquoi ? Dans\u00a0 Pierre Gosselin et \u00c9ric Le Coguiec (dir.), <i>La recherche cr\u00e9ation pour une compr\u00e9hension de la recherche en pratique artistique, <\/i>(p. 9-20). Qu\u00e9bec: Presses de l&rsquo;Universit\u00e9 du Qu\u00e9bec. <span style=\"text-decoration: underline;\"><a href=\"http:\/\/site.ebrary.com\/id\/10226224\" target=\"_blank\"><span style=\"color: #808080; text-decoration: underline;\">En ligne.<\/span><\/a><\/span><\/span><\/p>\n<p style=\"padding-left: 240px;\"><span style=\"color: #808080;\">Moustakas, Clark E. (1990). <i>Heuristic research : design, methodology, and applications<\/i>. Newbury Park: Sage Publications.<\/span><\/p>\n<p style=\"padding-left: 240px;\"><span style=\"color: #808080;\">Wallas, Graham. (1926). <i>The art of thought<\/i>. New York: Harcourt, Brace and Company.<\/span><\/p>\n<p style=\"padding-left: 240px;\"><span style=\"color: #9d02ff;\">\u2022<\/span><\/p>\n<h2 style=\"padding-left: 240px;\"><span style=\"color: #9d02ff;\">La \u00ab\u00a0condition de recherche\u00a0\u00bb.\u00a0L\u2019art programm\u00e9 et le design critique\u00a0: deux m\u00e9thodologies paradoxales<\/span><\/h2>\n<p style=\"padding-left: 240px;\"><span style=\"text-decoration: underline;\"><span style=\"color: #000000; text-decoration: underline;\"><strong><a title=\"Emanuele Quinz\" href=\"https:\/\/www.methodologiesrecherchecreation.uqam.ca\/?page_id=421\" target=\"_blank\"><span style=\"color: #000000; text-decoration: underline;\">Emanuele Quinz<\/span><\/a><\/strong><\/span><\/span><\/p>\n<p style=\"padding-left: 240px;\"><span style=\"line-height: 1.714285714; font-size: 1rem;\">En analysant le mouvement de l\u2019Arte Programmata (1958-1968), le critique Carlo Giulio Argan en rassemble les\u00a0strat\u00e9gies sous le terme de \u00ab\u00a0condition de recherche\u00a0\u00bb, qui indique \u00ab\u00a0la capacit\u00e9 de l\u2019art de poser et r\u00e9soudre des probl\u00e8mes\u00a0\u00bb\u00a0: l\u2019art, au lieu de se fixer comme un syst\u00e8me clos de valeurs, cherche un nouveau positionnement exp\u00e9rimental. Dans cette perspective, qui d\u00e9place l\u2019attention du r\u00e9sultat au processus, l\u2019art approche les sciences, pour y puiser \u00e0 la fois des mod\u00e8les m\u00e9thodologiques et des horizons th\u00e9oriques capables de fonder des nouvelles pratiques\u00a0: l\u2019\u0153uvre n\u2019est plus un objet fini, mais un dispositif qui permet de v\u00e9rifier une hypoth\u00e8se. Et le spectateur n\u2019est plus un observateur distant, mais il devient \u00ab\u00a0technicien\u00a0\u00bb (Gianni Colombo), l\u2019agent qui met en acte l\u2019exp\u00e9rience \u2013 dans un processus qui se veut objectif et non subjectif.<\/span><\/p>\n<p style=\"padding-left: 240px;\">Ce mod\u00e8le, qui propose le paradoxe d\u2019un\u00a0<i>art<\/i>\u00a0<i>v\u00e9rifiable<\/i>, sera confront\u00e9 \u00e0 celui, un peu \u00e9loign\u00e9 mais \u00e9galement paradoxal, du Critical Design anglais des ann\u00e9es 2000, qui d\u00e9place l\u2019axe du design de la\u00a0<i>fonction<\/i>\u00a0\u00e0 la\u00a0<i>dysfonction.\u00a0<\/i>L\u2019objectif<i>\u00a0<\/i>est de questionner les potentiels de ces m\u00e9thodologies, dans leurs diversit\u00e9s et dans leurs similarit\u00e9s inattendues \u2014 pour une d\u00e9finition de la cr\u00e9ation comme une exp\u00e9rimentation\u00a0<i>critique<\/i>.<\/p>\n<p style=\"padding-left: 240px;\"><span style=\"color: #9d02ff;\">\u2022<\/span><\/p>\n<h2 style=\"padding-left: 240px;\"><span style=\"color: #9d02ff;\"><b>Dispositifs : recherche instrumentale et publications non-textuelles<\/b><\/span><\/h2>\n<p style=\"padding-left: 240px;\"><span style=\"text-decoration: underline;\"><span style=\"color: #000000; text-decoration: underline;\"><strong><a title=\"Samuel Bianchini\" href=\"https:\/\/www.methodologiesrecherchecreation.uqam.ca\/?page_id=453\" target=\"_blank\"><span style=\"color: #000000; text-decoration: underline;\">Samuel Bianchini<\/span><\/a><\/strong><\/span><\/span><\/p>\n<p style=\"padding-left: 240px;\">La recherche en art nous incite \u00e0 nous concentrer sur des probl\u00e9matiques relevant des moyens de repr\u00e9sentation plut\u00f4t que des seules finalit\u00e9s artistiques. Cette recherche ne pourrait-elle pas, alors, \u00eatre focalis\u00e9e sur l&rsquo;instrumentation, ou, pour employer un terme particuli\u00e8rement important dans les arts contemporains, sur les dispositifs? La cr\u00e9ation serait ainsi autant un catalyseur pour cette recherche instrumentale qu&rsquo;une forme d&rsquo;oblit\u00e9ration de celle-ci. D\u00e9partageant les r\u00f4les mutuels entre recherche et cr\u00e9ation, cette approche ouvre des perspectives pour la m\u00e9thodologie et l&rsquo;organisation de la recherche \u2013 en particulier dans le rapport du collectif \u00e0 l&rsquo;autorit\u00e9 artistique singuli\u00e8re \u2013 tout autant que pour les modes de valorisation et d&rsquo;\u00e9valuation de cette recherche. Car, si la publication textuelle reste l&rsquo;apanage de la recherche acad\u00e9mique, pour une recherche instrumentale en prise avec la cr\u00e9ation contemporaine d&rsquo;autres modalit\u00e9s peuvent \u00eatre explor\u00e9es et promues (\u00ab\u00a0d\u00e9mo\u00a0\u00bb, \u00ab\u00a0art testing\u00a0\u00bb, transfert, \u2026), en particulier si l&rsquo;on consid\u00e8re la publication dans son sens le plus fondamental : \u00ab\u00a0rendre public\u00a0\u00bb.<\/p>\n<p>&nbsp;<\/p>\n","protected":false},"excerpt":{"rendered":"<p>Recherche et cr\u00e9ation se nourrissent dans un mouvement d\u2019interp\u00e9n\u00e9tration continu. Toute une r\u00e9flexion \u00e9merge actuellement autour de la practice ou de la performance as research. Ces approches et la th\u00e9orie s\u00e9diment\u00e9e dans les \u0153uvres renouvellent les liens entre recherche et cr\u00e9ation. Mod\u00e9ration : Yves Jubinville \u2022 Culture shock: navigating expectations in interdisciplinary research-creation projects Sean [&hellip;]<\/p>\n","protected":false},"author":101011,"featured_media":0,"parent":8,"menu_order":0,"comment_status":"closed","ping_status":"closed","template":"page-templates\/front-page.php","meta":{"footnotes":""},"class_list":["post-569","page","type-page","status-publish","hentry"],"_links":{"self":[{"href":"https:\/\/www.methodologiesrecherchecreation.uqam.ca\/index.php?rest_route=\/wp\/v2\/pages\/569","targetHints":{"allow":["GET"]}}],"collection":[{"href":"https:\/\/www.methodologiesrecherchecreation.uqam.ca\/index.php?rest_route=\/wp\/v2\/pages"}],"about":[{"href":"https:\/\/www.methodologiesrecherchecreation.uqam.ca\/index.php?rest_route=\/wp\/v2\/types\/page"}],"author":[{"embeddable":true,"href":"https:\/\/www.methodologiesrecherchecreation.uqam.ca\/index.php?rest_route=\/wp\/v2\/users\/101011"}],"replies":[{"embeddable":true,"href":"https:\/\/www.methodologiesrecherchecreation.uqam.ca\/index.php?rest_route=%2Fwp%2Fv2%2Fcomments&post=569"}],"version-history":[{"count":24,"href":"https:\/\/www.methodologiesrecherchecreation.uqam.ca\/index.php?rest_route=\/wp\/v2\/pages\/569\/revisions"}],"predecessor-version":[{"id":836,"href":"https:\/\/www.methodologiesrecherchecreation.uqam.ca\/index.php?rest_route=\/wp\/v2\/pages\/569\/revisions\/836"}],"up":[{"embeddable":true,"href":"https:\/\/www.methodologiesrecherchecreation.uqam.ca\/index.php?rest_route=\/wp\/v2\/pages\/8"}],"wp:attachment":[{"href":"https:\/\/www.methodologiesrecherchecreation.uqam.ca\/index.php?rest_route=%2Fwp%2Fv2%2Fmedia&parent=569"}],"curies":[{"name":"wp","href":"https:\/\/api.w.org\/{rel}","templated":true}]}}