{"id":457,"date":"2014-01-23T23:31:12","date_gmt":"2014-01-23T22:31:12","guid":{"rendered":"https:\/\/www.methodologiesrecherchecreation.uqam.ca\/?page_id=457"},"modified":"2014-03-14T16:40:31","modified_gmt":"2014-03-14T15:40:31","slug":"louis-claude-paquin-2","status":"publish","type":"page","link":"https:\/\/www.methodologiesrecherchecreation.uqam.ca\/?page_id=457","title":{"rendered":"Louis-Claude Paquin"},"content":{"rendered":"<p><strong><a href=\"https:\/\/www.methodologiesrecherchecreation.uqam.ca\/wp-content\/uploads\/2014\/01\/Paquin_Louis-Claude_nb.jpg\"><img loading=\"lazy\" decoding=\"async\" class=\"alignleft size-full wp-image-322\" alt=\"Paquin_Louis-Claude_nb\" src=\"https:\/\/www.methodologiesrecherchecreation.uqam.ca\/wp-content\/uploads\/2014\/01\/Paquin_Louis-Claude_nb.jpg\" width=\"200\" height=\"200\" srcset=\"https:\/\/www.methodologiesrecherchecreation.uqam.ca\/wp-content\/uploads\/2014\/01\/Paquin_Louis-Claude_nb.jpg 200w, https:\/\/www.methodologiesrecherchecreation.uqam.ca\/wp-content\/uploads\/2014\/01\/Paquin_Louis-Claude_nb-150x150.jpg 150w\" sizes=\"auto, (max-width: 200px) 100vw, 200px\" \/><\/a>Louis-Claude Paquin<\/strong> est professeur \u00e0 l\u2019\u00c9cole des m\u00e9dias de l\u2019Universit\u00e9 du Qu\u00e9bec \u00e0 Montr\u00e9al\u00a0depuis 1994. Ses recherches et son enseignement actuels portent sur les aspects\u00a0\u00e9pist\u00e9mologiques, cognitifs et m\u00e9thodologiques de la recherche-cr\u00e9ation artistique et\u00a0m\u00e9diatique. Il a d\u00e9velopp\u00e9 la recherche-cr\u00e9ation en multim\u00e9dia interactif \u00e0 la ma\u00eetrise en\u00a0communication en 1995 qui a \u00e9t\u00e9 \u00e9largie au m\u00e9dia exp\u00e9rimental en 2005 et a dirig\u00e9 plus de 60\u00a0m\u00e9moires cr\u00e9ation. Ses recherches ant\u00e9rieures ont port\u00e9 sur la rh\u00e9torique et l\u2019algorithmie des\u00a0m\u00e9dias interactifs et ses travaux pratiques ont port\u00e9 sur la visualisation et la navigation\u00a0dynamique dans des espaces informationnels en 3D et les syst\u00e8mes d\u2019informations\u00a0collaboratifs, entre autres pour faire de la veille.<\/p>\n<p>&nbsp;<\/p>\n<h2><span style=\"text-decoration: underline;\"><span style=\"color: #9c26f5;\"><a title=\"3. La recherche-cr\u00e9ation entre th\u00e9orie et pratique\" href=\"https:\/\/www.methodologiesrecherchecreation.uqam.ca\/?page_id=569\"><span style=\"color: #9c26f5; text-decoration: underline;\">&gt; Les cycles heuristiques\u00a0: une m\u00e9thodologie de recherche-cr\u00e9ation<\/span><\/a><\/span><\/span><\/h2>\n","protected":false},"excerpt":{"rendered":"<p>Louis-Claude Paquin est professeur \u00e0 l\u2019\u00c9cole des m\u00e9dias de l\u2019Universit\u00e9 du Qu\u00e9bec \u00e0 Montr\u00e9al\u00a0depuis 1994. Ses recherches et son enseignement actuels portent sur les aspects\u00a0\u00e9pist\u00e9mologiques, cognitifs et m\u00e9thodologiques de la recherche-cr\u00e9ation artistique et\u00a0m\u00e9diatique. Il a d\u00e9velopp\u00e9 la recherche-cr\u00e9ation en multim\u00e9dia interactif \u00e0 la ma\u00eetrise en\u00a0communication en 1995 qui a \u00e9t\u00e9 \u00e9largie au m\u00e9dia exp\u00e9rimental en [&hellip;]<\/p>\n","protected":false},"author":101011,"featured_media":0,"parent":7,"menu_order":0,"comment_status":"closed","ping_status":"closed","template":"page-templates\/front-page.php","meta":{"footnotes":""},"class_list":["post-457","page","type-page","status-publish","hentry"],"_links":{"self":[{"href":"https:\/\/www.methodologiesrecherchecreation.uqam.ca\/index.php?rest_route=\/wp\/v2\/pages\/457","targetHints":{"allow":["GET"]}}],"collection":[{"href":"https:\/\/www.methodologiesrecherchecreation.uqam.ca\/index.php?rest_route=\/wp\/v2\/pages"}],"about":[{"href":"https:\/\/www.methodologiesrecherchecreation.uqam.ca\/index.php?rest_route=\/wp\/v2\/types\/page"}],"author":[{"embeddable":true,"href":"https:\/\/www.methodologiesrecherchecreation.uqam.ca\/index.php?rest_route=\/wp\/v2\/users\/101011"}],"replies":[{"embeddable":true,"href":"https:\/\/www.methodologiesrecherchecreation.uqam.ca\/index.php?rest_route=%2Fwp%2Fv2%2Fcomments&post=457"}],"version-history":[{"count":6,"href":"https:\/\/www.methodologiesrecherchecreation.uqam.ca\/index.php?rest_route=\/wp\/v2\/pages\/457\/revisions"}],"predecessor-version":[{"id":1000,"href":"https:\/\/www.methodologiesrecherchecreation.uqam.ca\/index.php?rest_route=\/wp\/v2\/pages\/457\/revisions\/1000"}],"up":[{"embeddable":true,"href":"https:\/\/www.methodologiesrecherchecreation.uqam.ca\/index.php?rest_route=\/wp\/v2\/pages\/7"}],"wp:attachment":[{"href":"https:\/\/www.methodologiesrecherchecreation.uqam.ca\/index.php?rest_route=%2Fwp%2Fv2%2Fmedia&parent=457"}],"curies":[{"name":"wp","href":"https:\/\/api.w.org\/{rel}","templated":true}]}}