{"id":453,"date":"2014-01-23T23:23:47","date_gmt":"2014-01-23T22:23:47","guid":{"rendered":"https:\/\/www.methodologiesrecherchecreation.uqam.ca\/?page_id=453"},"modified":"2014-03-14T16:48:58","modified_gmt":"2014-03-14T15:48:58","slug":"samuel-bianchini","status":"publish","type":"page","link":"https:\/\/www.methodologiesrecherchecreation.uqam.ca\/?page_id=453","title":{"rendered":"Samuel Bianchini"},"content":{"rendered":"<p><b><a href=\"https:\/\/www.methodologiesrecherchecreation.uqam.ca\/wp-content\/uploads\/2014\/01\/SamuelBianchini_L_nb.jpg\"><img loading=\"lazy\" decoding=\"async\" class=\"alignleft size-full wp-image-339\" alt=\"SamuelBianchini_L_nb\" src=\"https:\/\/www.methodologiesrecherchecreation.uqam.ca\/wp-content\/uploads\/2014\/01\/SamuelBianchini_L_nb.jpg\" width=\"200\" height=\"200\" srcset=\"https:\/\/www.methodologiesrecherchecreation.uqam.ca\/wp-content\/uploads\/2014\/01\/SamuelBianchini_L_nb.jpg 200w, https:\/\/www.methodologiesrecherchecreation.uqam.ca\/wp-content\/uploads\/2014\/01\/SamuelBianchini_L_nb-150x150.jpg 150w\" sizes=\"auto, (max-width: 200px) 100vw, 200px\" \/><\/a>Samuel Bianchini<\/b> est artiste et enseignant-chercheur. Il vit et travaille \u00e0 Paris. Ses \u0153uvres sont r\u00e9guli\u00e8rement expos\u00e9es en France et \u00e0 l&rsquo;\u00e9tranger. Samuel Bianchini a entrepris un travail th\u00e9orique qui donne lieu \u00e0 de fr\u00e9quentes publications\u00a0: \u00c9ditions du Centre Pompidou, \u00c9ditions Jean-Michel Place, MIT Press, Hermes, Les presses du r\u00e9el, Burozo\u00efque (o\u00f9 il a dirig\u00e9 <i>Recherche &amp; Cr\u00e9ation. Art, technologie, p\u00e9dagogie, innovation<\/i>, Montrouge, 2009), etc. Apr\u00e8s avoir soutenu sa th\u00e8se de doctorat au Palais de Tokyo, il est aujourd&rsquo;hui enseignant-chercheur (ma\u00eetre de conf\u00e9rences) \u00e0 l&rsquo;\u00c9cole nationale sup\u00e9rieure des Arts D\u00e9coratifs (Paris) o\u00f9 il dirige le programme de recherche sur les <i>Dispositifs interactifs et performatifs<\/i>.<\/p>\n<p>&nbsp;<\/p>\n<p><span style=\"text-decoration: underline;\"><span style=\"color: #000000; text-decoration: underline;\"><a href=\"http:\/\/www.dispotheque.org\" target=\"_blank\"><span style=\"color: #000000; text-decoration: underline;\">dispotheque.org<\/span><\/a><\/span><\/span><br \/>\n<span style=\"text-decoration: underline;\"><span style=\"color: #000000; text-decoration: underline;\"> <a href=\"http:\/\/diip.ensadlab.fr\" target=\"_blank\"><span style=\"color: #000000; text-decoration: underline;\">diip.ensadlab.fr<\/span><\/a><\/span><\/span><br \/>\n<span style=\"text-decoration: underline;\"><span style=\"color: #000000; text-decoration: underline;\"> <a href=\"http:\/\/www.ilanengelgallery.com\" target=\"_blank\"><span style=\"color: #000000; text-decoration: underline;\">ilanengelgallery.com<\/span><\/a><\/span><\/span><br \/>\n<a href=\"http:\/\/www.micheledidier.com\/\" target=\"_blank\"><span style=\"text-decoration: underline;\"><span style=\"color: #000000; text-decoration: underline;\"> <span style=\"color: #000000; text-decoration: underline;\">micheledidier.com<\/span><\/span><\/span><\/a><br \/>\n<span style=\"text-decoration: underline;\"><span style=\"color: #000000; text-decoration: underline;\"> <a href=\"http:\/\/www.artbookmagazine.com\/\" target=\"_blank\"><span style=\"color: #000000; text-decoration: underline;\">artbookmagazine.com<\/span><\/a><\/span><\/span><\/p>\n<h2><\/h2>\n<p>&nbsp;<\/p>\n<h2><span style=\"text-decoration: underline;\"><span style=\"color: #9c26f5; text-decoration: underline;\"><a title=\"3. La recherche-cr\u00e9ation entre th\u00e9orie et pratique\" href=\"https:\/\/www.methodologiesrecherchecreation.uqam.ca\/?page_id=569\"><span style=\"color: #9c26f5; text-decoration: underline;\"><b>&gt; Dispositifs : recherche instrumentale et publications non-textuelles<\/b><\/span><\/a><\/span><\/span><\/h2>\n","protected":false},"excerpt":{"rendered":"<p>Samuel Bianchini est artiste et enseignant-chercheur. Il vit et travaille \u00e0 Paris. Ses \u0153uvres sont r\u00e9guli\u00e8rement expos\u00e9es en France et \u00e0 l&rsquo;\u00e9tranger. Samuel Bianchini a entrepris un travail th\u00e9orique qui donne lieu \u00e0 de fr\u00e9quentes publications\u00a0: \u00c9ditions du Centre Pompidou, \u00c9ditions Jean-Michel Place, MIT Press, Hermes, Les presses du r\u00e9el, Burozo\u00efque (o\u00f9 il a dirig\u00e9 [&hellip;]<\/p>\n","protected":false},"author":101011,"featured_media":0,"parent":7,"menu_order":0,"comment_status":"closed","ping_status":"closed","template":"page-templates\/front-page.php","meta":{"footnotes":""},"class_list":["post-453","page","type-page","status-publish","hentry"],"_links":{"self":[{"href":"https:\/\/www.methodologiesrecherchecreation.uqam.ca\/index.php?rest_route=\/wp\/v2\/pages\/453","targetHints":{"allow":["GET"]}}],"collection":[{"href":"https:\/\/www.methodologiesrecherchecreation.uqam.ca\/index.php?rest_route=\/wp\/v2\/pages"}],"about":[{"href":"https:\/\/www.methodologiesrecherchecreation.uqam.ca\/index.php?rest_route=\/wp\/v2\/types\/page"}],"author":[{"embeddable":true,"href":"https:\/\/www.methodologiesrecherchecreation.uqam.ca\/index.php?rest_route=\/wp\/v2\/users\/101011"}],"replies":[{"embeddable":true,"href":"https:\/\/www.methodologiesrecherchecreation.uqam.ca\/index.php?rest_route=%2Fwp%2Fv2%2Fcomments&post=453"}],"version-history":[{"count":13,"href":"https:\/\/www.methodologiesrecherchecreation.uqam.ca\/index.php?rest_route=\/wp\/v2\/pages\/453\/revisions"}],"predecessor-version":[{"id":1004,"href":"https:\/\/www.methodologiesrecherchecreation.uqam.ca\/index.php?rest_route=\/wp\/v2\/pages\/453\/revisions\/1004"}],"up":[{"embeddable":true,"href":"https:\/\/www.methodologiesrecherchecreation.uqam.ca\/index.php?rest_route=\/wp\/v2\/pages\/7"}],"wp:attachment":[{"href":"https:\/\/www.methodologiesrecherchecreation.uqam.ca\/index.php?rest_route=%2Fwp%2Fv2%2Fmedia&parent=453"}],"curies":[{"name":"wp","href":"https:\/\/api.w.org\/{rel}","templated":true}]}}