{"id":430,"date":"2014-01-23T23:12:41","date_gmt":"2014-01-23T22:12:41","guid":{"rendered":"https:\/\/www.methodologiesrecherchecreation.uqam.ca\/?page_id=430"},"modified":"2014-03-14T16:26:57","modified_gmt":"2014-03-14T15:26:57","slug":"jean-marie-van-der-maren","status":"publish","type":"page","link":"https:\/\/www.methodologiesrecherchecreation.uqam.ca\/?page_id=430","title":{"rendered":"Jean-Marie Van der Maren"},"content":{"rendered":"<p><b><a href=\"https:\/\/www.methodologiesrecherchecreation.uqam.ca\/wp-content\/uploads\/2014\/01\/Van_der_Maren_Jean-Marie_nb.jpg\"><img loading=\"lazy\" decoding=\"async\" class=\"alignleft size-full wp-image-326\" alt=\"Van_der_Maren_Jean-Marie_nb\" src=\"https:\/\/www.methodologiesrecherchecreation.uqam.ca\/wp-content\/uploads\/2014\/01\/Van_der_Maren_Jean-Marie_nb.jpg\" width=\"200\" height=\"200\" srcset=\"https:\/\/www.methodologiesrecherchecreation.uqam.ca\/wp-content\/uploads\/2014\/01\/Van_der_Maren_Jean-Marie_nb.jpg 200w, https:\/\/www.methodologiesrecherchecreation.uqam.ca\/wp-content\/uploads\/2014\/01\/Van_der_Maren_Jean-Marie_nb-150x150.jpg 150w\" sizes=\"auto, (max-width: 200px) 100vw, 200px\" \/><\/a>Jean-Marie Van der Maren <\/b>a<b> <\/b>enseign\u00e9 \u00e0 l\u2019Universit\u00e9 de Montr\u00e9al, de 1974 \u00e0 2010, les questions de m\u00e9thodologie de recherche et de communication p\u00e9dagogique en enseignement universitaire. En 1985, il pr\u00e9side \u00e0 la cr\u00e9ation de l\u2019Association pour la recherche qualitative. Il a publi\u00e9 <i>M\u00e9thodes de recherche pour l\u2019\u00e9ducation<\/i> (PUM, 1995) et <i>Recherche appliqu\u00e9e en p\u00e9dagogie<\/i> (De Boeck, 1999, 2003, 2014). Directeur du D\u00e9partement d\u2019administration et fondements de l\u2019\u00e9ducation (2001-2009), il questionne le rapport du discours \u00e0 la r\u00e9alit\u00e9 dans la formulation des savoirs pratiques en s\u2019appuyant sur une analyse ergonomique des m\u00e9tiers et de la formation.<\/p>\n<p>&nbsp;<\/p>\n<h2><span style=\"text-decoration: underline;\"><span style=\"color: #9c26f5;\"><a title=\"1. La d\u00e9limitation du territoire : sp\u00e9cificit\u00e9 de la recherche-cr\u00e9ation\" href=\"https:\/\/www.methodologiesrecherchecreation.uqam.ca\/?page_id=565\"><span style=\"color: #9c26f5;\"><strong>&gt; Quelles formes de recherche quand les arts deviennent universitaires ?<\/strong><\/span><\/a><\/span><\/span><\/h2>\n","protected":false},"excerpt":{"rendered":"<p>Jean-Marie Van der Maren a enseign\u00e9 \u00e0 l\u2019Universit\u00e9 de Montr\u00e9al, de 1974 \u00e0 2010, les questions de m\u00e9thodologie de recherche et de communication p\u00e9dagogique en enseignement universitaire. En 1985, il pr\u00e9side \u00e0 la cr\u00e9ation de l\u2019Association pour la recherche qualitative. Il a publi\u00e9 M\u00e9thodes de recherche pour l\u2019\u00e9ducation (PUM, 1995) et Recherche appliqu\u00e9e en p\u00e9dagogie [&hellip;]<\/p>\n","protected":false},"author":101011,"featured_media":0,"parent":7,"menu_order":0,"comment_status":"closed","ping_status":"closed","template":"page-templates\/front-page.php","meta":{"footnotes":""},"class_list":["post-430","page","type-page","status-publish","hentry"],"_links":{"self":[{"href":"https:\/\/www.methodologiesrecherchecreation.uqam.ca\/index.php?rest_route=\/wp\/v2\/pages\/430","targetHints":{"allow":["GET"]}}],"collection":[{"href":"https:\/\/www.methodologiesrecherchecreation.uqam.ca\/index.php?rest_route=\/wp\/v2\/pages"}],"about":[{"href":"https:\/\/www.methodologiesrecherchecreation.uqam.ca\/index.php?rest_route=\/wp\/v2\/types\/page"}],"author":[{"embeddable":true,"href":"https:\/\/www.methodologiesrecherchecreation.uqam.ca\/index.php?rest_route=\/wp\/v2\/users\/101011"}],"replies":[{"embeddable":true,"href":"https:\/\/www.methodologiesrecherchecreation.uqam.ca\/index.php?rest_route=%2Fwp%2Fv2%2Fcomments&post=430"}],"version-history":[{"count":5,"href":"https:\/\/www.methodologiesrecherchecreation.uqam.ca\/index.php?rest_route=\/wp\/v2\/pages\/430\/revisions"}],"predecessor-version":[{"id":993,"href":"https:\/\/www.methodologiesrecherchecreation.uqam.ca\/index.php?rest_route=\/wp\/v2\/pages\/430\/revisions\/993"}],"up":[{"embeddable":true,"href":"https:\/\/www.methodologiesrecherchecreation.uqam.ca\/index.php?rest_route=\/wp\/v2\/pages\/7"}],"wp:attachment":[{"href":"https:\/\/www.methodologiesrecherchecreation.uqam.ca\/index.php?rest_route=%2Fwp%2Fv2%2Fmedia&parent=430"}],"curies":[{"name":"wp","href":"https:\/\/api.w.org\/{rel}","templated":true}]}}