{"id":421,"date":"2014-01-23T23:09:30","date_gmt":"2014-01-23T22:09:30","guid":{"rendered":"https:\/\/www.methodologiesrecherchecreation.uqam.ca\/?page_id=421"},"modified":"2014-03-14T16:40:58","modified_gmt":"2014-03-14T15:40:58","slug":"emanuele-quinz","status":"publish","type":"page","link":"https:\/\/www.methodologiesrecherchecreation.uqam.ca\/?page_id=421","title":{"rendered":"Emanuele Quinz"},"content":{"rendered":"<p><a href=\"https:\/\/www.methodologiesrecherchecreation.uqam.ca\/wp-content\/uploads\/2014\/01\/Quinz_Emanuele_nb.jpg\"><img loading=\"lazy\" decoding=\"async\" class=\"alignleft size-full wp-image-329\" alt=\"Quinz_Emanuele_nb\" src=\"https:\/\/www.methodologiesrecherchecreation.uqam.ca\/wp-content\/uploads\/2014\/01\/Quinz_Emanuele_nb.jpg\" width=\"200\" height=\"200\" srcset=\"https:\/\/www.methodologiesrecherchecreation.uqam.ca\/wp-content\/uploads\/2014\/01\/Quinz_Emanuele_nb.jpg 200w, https:\/\/www.methodologiesrecherchecreation.uqam.ca\/wp-content\/uploads\/2014\/01\/Quinz_Emanuele_nb-150x150.jpg 150w\" sizes=\"auto, (max-width: 200px) 100vw, 200px\" \/><\/a>Historien de l\u2019art et commissaire d\u2019exposition ind\u00e9pendant, <b>Emanuele Quinz<\/b> est ma\u00eetre de conf\u00e9rences \u00e0 l\u2019Universit\u00e9 Paris 8 et enseignant-chercheur \u00e0 l\u2019EnsadLab de l\u2019\u00c9cole nationale sup\u00e9rieure des Arts D\u00e9coratifs. Titulaire d\u2019un doctorat en esth\u00e9tique, ses recherches explorent les convergences entre les disciplines dans les pratiques artistiques contemporaines\u00a0: des arts plastiques au design, de la musique \u00e0 la danse. Il a dirig\u00e9 plusieurs ouvrages, dont\u00a0<i>Du corps \u00e0 l\u2019avatar\u00a0<\/i>(2000),\u00a0<i>Digital Performance<\/i>\u00a0(2002),\u00a0<i>Interfaces<\/i>\u00a0(2003),\u00a0<i>Le design d\u2019interaction, une introduction<\/i>\u00a0(avec L.\u00a0Marchetti, 2013) et\u00a0<i>Strange Design. Du design des objets au design des comportements<\/i>\u00a0(avec J.\u00a0Dautrey, 2013).<\/p>\n<p>&nbsp;<\/p>\n<h2><span style=\"text-decoration: underline;\"><span style=\"color: #9c26f5;\"><a title=\"3. La recherche-cr\u00e9ation entre th\u00e9orie et pratique\" href=\"https:\/\/www.methodologiesrecherchecreation.uqam.ca\/?page_id=569\"><span style=\"color: #9c26f5; text-decoration: underline;\">&gt; La \u00ab\u00a0condition de recherche\u00a0\u00bb.\u00a0L\u2019art programm\u00e9 et le design critique\u00a0: deux m\u00e9thodologies paradoxales<\/span><\/a><\/span><\/span><\/h2>\n","protected":false},"excerpt":{"rendered":"<p>Historien de l\u2019art et commissaire d\u2019exposition ind\u00e9pendant, Emanuele Quinz est ma\u00eetre de conf\u00e9rences \u00e0 l\u2019Universit\u00e9 Paris 8 et enseignant-chercheur \u00e0 l\u2019EnsadLab de l\u2019\u00c9cole nationale sup\u00e9rieure des Arts D\u00e9coratifs. Titulaire d\u2019un doctorat en esth\u00e9tique, ses recherches explorent les convergences entre les disciplines dans les pratiques artistiques contemporaines\u00a0: des arts plastiques au design, de la musique \u00e0 [&hellip;]<\/p>\n","protected":false},"author":101011,"featured_media":0,"parent":7,"menu_order":0,"comment_status":"closed","ping_status":"closed","template":"page-templates\/front-page.php","meta":{"footnotes":""},"class_list":["post-421","page","type-page","status-publish","hentry"],"_links":{"self":[{"href":"https:\/\/www.methodologiesrecherchecreation.uqam.ca\/index.php?rest_route=\/wp\/v2\/pages\/421","targetHints":{"allow":["GET"]}}],"collection":[{"href":"https:\/\/www.methodologiesrecherchecreation.uqam.ca\/index.php?rest_route=\/wp\/v2\/pages"}],"about":[{"href":"https:\/\/www.methodologiesrecherchecreation.uqam.ca\/index.php?rest_route=\/wp\/v2\/types\/page"}],"author":[{"embeddable":true,"href":"https:\/\/www.methodologiesrecherchecreation.uqam.ca\/index.php?rest_route=\/wp\/v2\/users\/101011"}],"replies":[{"embeddable":true,"href":"https:\/\/www.methodologiesrecherchecreation.uqam.ca\/index.php?rest_route=%2Fwp%2Fv2%2Fcomments&post=421"}],"version-history":[{"count":3,"href":"https:\/\/www.methodologiesrecherchecreation.uqam.ca\/index.php?rest_route=\/wp\/v2\/pages\/421\/revisions"}],"predecessor-version":[{"id":1001,"href":"https:\/\/www.methodologiesrecherchecreation.uqam.ca\/index.php?rest_route=\/wp\/v2\/pages\/421\/revisions\/1001"}],"up":[{"embeddable":true,"href":"https:\/\/www.methodologiesrecherchecreation.uqam.ca\/index.php?rest_route=\/wp\/v2\/pages\/7"}],"wp:attachment":[{"href":"https:\/\/www.methodologiesrecherchecreation.uqam.ca\/index.php?rest_route=%2Fwp%2Fv2%2Fmedia&parent=421"}],"curies":[{"name":"wp","href":"https:\/\/api.w.org\/{rel}","templated":true}]}}