{"id":417,"date":"2014-01-23T23:08:18","date_gmt":"2014-01-23T22:08:18","guid":{"rendered":"https:\/\/www.methodologiesrecherchecreation.uqam.ca\/?page_id=417"},"modified":"2014-03-14T16:59:46","modified_gmt":"2014-03-14T15:59:46","slug":"christof-migone","status":"publish","type":"page","link":"https:\/\/www.methodologiesrecherchecreation.uqam.ca\/?page_id=417","title":{"rendered":"Christof Migone"},"content":{"rendered":"<p><b><a href=\"https:\/\/www.methodologiesrecherchecreation.uqam.ca\/wp-content\/uploads\/2014\/01\/Migone_Christof-_photo_Angus-Rowe-MacPherson_NB.jpg\"><img loading=\"lazy\" decoding=\"async\" class=\"alignleft size-full wp-image-318\" alt=\"Migone_Christof-_photo_Angus-Rowe-MacPherson_NB\" src=\"https:\/\/www.methodologiesrecherchecreation.uqam.ca\/wp-content\/uploads\/2014\/01\/Migone_Christof-_photo_Angus-Rowe-MacPherson_NB.jpg\" width=\"200\" height=\"200\" srcset=\"https:\/\/www.methodologiesrecherchecreation.uqam.ca\/wp-content\/uploads\/2014\/01\/Migone_Christof-_photo_Angus-Rowe-MacPherson_NB.jpg 200w, https:\/\/www.methodologiesrecherchecreation.uqam.ca\/wp-content\/uploads\/2014\/01\/Migone_Christof-_photo_Angus-Rowe-MacPherson_NB-150x150.jpg 150w\" sizes=\"auto, (max-width: 200px) 100vw, 200px\" \/><\/a>Christof Migone<\/b>, artiste, \u00e9crivain, commissaire, enseignant, est professeur en nouveaux m\u00e9dias au D\u00e9partement d&rsquo;art visuels \u00e0 la Western University de London en Ontario. Titulaire d&rsquo;une ma\u00eetrise en beaux-arts du Nova Scotia College of Art and Design, il a \u00e9galement obtenu un doctorat au Department of Performance Studies de la New York University. Il est membre fondateur d&rsquo;Avatar et<i>\u00a0<\/i>en 2006, la Galerie de l\u2019UQAM lui a consacr\u00e9 une exposition r\u00e9trospective. Il a publi\u00e9 deux livres,<i>\u00a0La premi\u00e8re phrase et le dernier mot<\/i>\u00a0et\u00a0<i>Tue<\/i>, chez l&rsquo;\u00e9diteur Le Quartanier. Un livre qui r\u00e9unit ses \u00e9crits sur l&rsquo;art sonore,\u00a0<i>Sonic Somatic: Performances of the Unsound Body<\/i>,\u00a0a \u00e9t\u00e9 publi\u00e9 en 2012 par Errant Bodies Press.<br \/>\n&lt;\/&gt;<br \/>\n&lt;\/&gt;<br \/>\n&lt;\/&gt;<br \/>\n&lt;\/&gt;<\/p>\n<h2><span style=\"text-decoration: underline; color: #9c26f5;\"><a title=\"6. M\u00e9thodes hasardeuses\" href=\"https:\/\/www.methodologiesrecherchecreation.uqam.ca\/?page_id=575\"><span style=\"color: #9c26f5; text-decoration: underline;\">&gt; How To Not Do Dot No To How<\/span><\/a><\/span><\/h2>\n","protected":false},"excerpt":{"rendered":"<p>Christof Migone, artiste, \u00e9crivain, commissaire, enseignant, est professeur en nouveaux m\u00e9dias au D\u00e9partement d&rsquo;art visuels \u00e0 la Western University de London en Ontario. Titulaire d&rsquo;une ma\u00eetrise en beaux-arts du Nova Scotia College of Art and Design, il a \u00e9galement obtenu un doctorat au Department of Performance Studies de la New York University. Il est membre [&hellip;]<\/p>\n","protected":false},"author":101011,"featured_media":0,"parent":7,"menu_order":0,"comment_status":"closed","ping_status":"closed","template":"page-templates\/front-page.php","meta":{"footnotes":""},"class_list":["post-417","page","type-page","status-publish","hentry"],"_links":{"self":[{"href":"https:\/\/www.methodologiesrecherchecreation.uqam.ca\/index.php?rest_route=\/wp\/v2\/pages\/417","targetHints":{"allow":["GET"]}}],"collection":[{"href":"https:\/\/www.methodologiesrecherchecreation.uqam.ca\/index.php?rest_route=\/wp\/v2\/pages"}],"about":[{"href":"https:\/\/www.methodologiesrecherchecreation.uqam.ca\/index.php?rest_route=\/wp\/v2\/types\/page"}],"author":[{"embeddable":true,"href":"https:\/\/www.methodologiesrecherchecreation.uqam.ca\/index.php?rest_route=\/wp\/v2\/users\/101011"}],"replies":[{"embeddable":true,"href":"https:\/\/www.methodologiesrecherchecreation.uqam.ca\/index.php?rest_route=%2Fwp%2Fv2%2Fcomments&post=417"}],"version-history":[{"count":7,"href":"https:\/\/www.methodologiesrecherchecreation.uqam.ca\/index.php?rest_route=\/wp\/v2\/pages\/417\/revisions"}],"predecessor-version":[{"id":1015,"href":"https:\/\/www.methodologiesrecherchecreation.uqam.ca\/index.php?rest_route=\/wp\/v2\/pages\/417\/revisions\/1015"}],"up":[{"embeddable":true,"href":"https:\/\/www.methodologiesrecherchecreation.uqam.ca\/index.php?rest_route=\/wp\/v2\/pages\/7"}],"wp:attachment":[{"href":"https:\/\/www.methodologiesrecherchecreation.uqam.ca\/index.php?rest_route=%2Fwp%2Fv2%2Fmedia&parent=417"}],"curies":[{"name":"wp","href":"https:\/\/api.w.org\/{rel}","templated":true}]}}