{"id":415,"date":"2014-01-23T23:07:37","date_gmt":"2014-01-23T22:07:37","guid":{"rendered":"https:\/\/www.methodologiesrecherchecreation.uqam.ca\/?page_id=415"},"modified":"2014-03-14T16:39:54","modified_gmt":"2014-03-14T15:39:54","slug":"emmanuel-mahe","status":"publish","type":"page","link":"https:\/\/www.methodologiesrecherchecreation.uqam.ca\/?page_id=415","title":{"rendered":"Emmanuel Mah\u00e9"},"content":{"rendered":"<p><a href=\"https:\/\/www.methodologiesrecherchecreation.uqam.ca\/wp-content\/uploads\/2014\/01\/Mah\u00e9_Emmanuel_nb.jpg\"><img loading=\"lazy\" decoding=\"async\" class=\"alignleft size-full wp-image-688\" alt=\"Mah\u00e9_Emmanuel_nb\" src=\"https:\/\/www.methodologiesrecherchecreation.uqam.ca\/wp-content\/uploads\/2014\/01\/Mah\u00e9_Emmanuel_nb.jpg\" width=\"200\" height=\"200\" srcset=\"https:\/\/www.methodologiesrecherchecreation.uqam.ca\/wp-content\/uploads\/2014\/01\/Mah\u00e9_Emmanuel_nb.jpg 200w, https:\/\/www.methodologiesrecherchecreation.uqam.ca\/wp-content\/uploads\/2014\/01\/Mah\u00e9_Emmanuel_nb-150x150.jpg 150w\" sizes=\"auto, (max-width: 200px) 100vw, 200px\" \/><\/a>Chercheur en sciences humaines,<strong> Emmanuel Mah\u00e9<\/strong> est sp\u00e9cialiste des usages \u00e9mergents des technologies de l&rsquo;information et de la communication, notamment dans les domaines du design exploratoire et des arts num\u00e9riques. Docteur en sciences de l&rsquo;information et de la communication, auteur de publications scientifiques, il est charg\u00e9 d&rsquo;enseignement sup\u00e9rieur dans les universit\u00e9s de Rennes 2 et de Paris 8 et est associ\u00e9 au projet Leonardo Abstracts Service (LABS). Il intervient r\u00e9guli\u00e8rement comme conf\u00e9rencier invit\u00e9 dans des colloques et des institutions culturelles (IRCAM, Palais de Tokyo, Im\u00e9ra \u00e0 Marseille, Le Fresnoy, Medialab de Madrid, Dashanzi \u00e0 Beijing, Imal \u00e0 Bruxelles, etc.).<\/p>\n<p>Apr\u00e8s avoir \u00e9t\u00e9 directeur artistique des Rencontres Arts Electroniques\u00a0de Rennes, il entre \u00e0 France T\u00e9l\u00e9com R&amp;D comme doctorant puis comme chercheur en 2001. Il rejoint en 2009 la direction du groupe Orange pour piloter les programmes d\u2019innovation en lien avec des mus\u00e9es (Louvre, Palais de Tokyo, Ch\u00e2teau de Versailles, BnF, etc.).<\/p>\n<p>Depuis octobre 2012, il est directeur de la Recherche de l\u2019\u00c9cole nationale sup\u00e9rieure des Arts D\u00e9coratifs (EnsAD) \u00e0 Paris. Il est actuellement vice-pr\u00e9sident du Labex Arts H2H (Universit\u00e9 Paris 8, Centre Pompidou, Archives nationales), membre du Conseil scientifique et du Comit\u00e9 de pilotage du Labex Industries culturelles et cr\u00e9ation artistique\u00a0(Universit\u00e9 Sorbonne Nouvelle, IRCAV) et membre du Conseil de la recherche de Paris Sciences et Lettres\u00a0(\u00c9cole normale sup\u00e9rieure, CNRS, Coll\u00e8ge de France, Institut Curie, Observatoire de Paris). Il est codirecteur du programme doctoral Sciences, Arts, Cr\u00e9ation, Recherche (SACRe).<\/p>\n<p>Il est par ailleurs cofondateur de la startup D\u00e9calab\u00a0d\u00e9di\u00e9e aux relations entre artistes et entreprises.<\/p>\n<p>&nbsp;<\/p>\n<h2><span style=\"text-decoration: underline;\"><a title=\"3. La recherche-cr\u00e9ation entre th\u00e9orie et pratique\" href=\"https:\/\/www.methodologiesrecherchecreation.uqam.ca\/?page_id=569\"><span style=\"color: #9c26f5; text-decoration: underline;\">&gt; Doctorat \u00ab Sciences Arts Cr\u00e9ation &amp; Recherche \u00bb : exp\u00e9rimentation ou mod\u00e9lisation ?<\/span><\/a><\/span><\/h2>\n","protected":false},"excerpt":{"rendered":"<p>Chercheur en sciences humaines, Emmanuel Mah\u00e9 est sp\u00e9cialiste des usages \u00e9mergents des technologies de l&rsquo;information et de la communication, notamment dans les domaines du design exploratoire et des arts num\u00e9riques. Docteur en sciences de l&rsquo;information et de la communication, auteur de publications scientifiques, il est charg\u00e9 d&rsquo;enseignement sup\u00e9rieur dans les universit\u00e9s de Rennes 2 et [&hellip;]<\/p>\n","protected":false},"author":101011,"featured_media":0,"parent":7,"menu_order":0,"comment_status":"closed","ping_status":"closed","template":"page-templates\/front-page.php","meta":{"footnotes":""},"class_list":["post-415","page","type-page","status-publish","hentry"],"_links":{"self":[{"href":"https:\/\/www.methodologiesrecherchecreation.uqam.ca\/index.php?rest_route=\/wp\/v2\/pages\/415","targetHints":{"allow":["GET"]}}],"collection":[{"href":"https:\/\/www.methodologiesrecherchecreation.uqam.ca\/index.php?rest_route=\/wp\/v2\/pages"}],"about":[{"href":"https:\/\/www.methodologiesrecherchecreation.uqam.ca\/index.php?rest_route=\/wp\/v2\/types\/page"}],"author":[{"embeddable":true,"href":"https:\/\/www.methodologiesrecherchecreation.uqam.ca\/index.php?rest_route=\/wp\/v2\/users\/101011"}],"replies":[{"embeddable":true,"href":"https:\/\/www.methodologiesrecherchecreation.uqam.ca\/index.php?rest_route=%2Fwp%2Fv2%2Fcomments&post=415"}],"version-history":[{"count":4,"href":"https:\/\/www.methodologiesrecherchecreation.uqam.ca\/index.php?rest_route=\/wp\/v2\/pages\/415\/revisions"}],"predecessor-version":[{"id":999,"href":"https:\/\/www.methodologiesrecherchecreation.uqam.ca\/index.php?rest_route=\/wp\/v2\/pages\/415\/revisions\/999"}],"up":[{"embeddable":true,"href":"https:\/\/www.methodologiesrecherchecreation.uqam.ca\/index.php?rest_route=\/wp\/v2\/pages\/7"}],"wp:attachment":[{"href":"https:\/\/www.methodologiesrecherchecreation.uqam.ca\/index.php?rest_route=%2Fwp%2Fv2%2Fmedia&parent=415"}],"curies":[{"name":"wp","href":"https:\/\/api.w.org\/{rel}","templated":true}]}}