{"id":382,"date":"2014-01-23T20:37:35","date_gmt":"2014-01-23T19:37:35","guid":{"rendered":"https:\/\/www.methodologiesrecherchecreation.uqam.ca\/?page_id=382"},"modified":"2014-03-14T16:59:08","modified_gmt":"2014-03-14T15:59:08","slug":"francois-leblanc","status":"publish","type":"page","link":"https:\/\/www.methodologiesrecherchecreation.uqam.ca\/?page_id=382","title":{"rendered":"Fran\u00e7ois Leblanc"},"content":{"rendered":"<p><a href=\"https:\/\/www.methodologiesrecherchecreation.uqam.ca\/wp-content\/uploads\/2014\/01\/Leblanc_Fran\u00e7ois_nb.jpg\"><img loading=\"lazy\" decoding=\"async\" class=\"alignleft size-full wp-image-337\" alt=\"Leblanc_Fran\u00e7ois_nb\" src=\"https:\/\/www.methodologiesrecherchecreation.uqam.ca\/wp-content\/uploads\/2014\/01\/Leblanc_Fran\u00e7ois_nb.jpg\" width=\"200\" height=\"200\" srcset=\"https:\/\/www.methodologiesrecherchecreation.uqam.ca\/wp-content\/uploads\/2014\/01\/Leblanc_Fran\u00e7ois_nb.jpg 200w, https:\/\/www.methodologiesrecherchecreation.uqam.ca\/wp-content\/uploads\/2014\/01\/Leblanc_Fran\u00e7ois_nb-150x150.jpg 150w\" sizes=\"auto, (max-width: 200px) 100vw, 200px\" \/><\/a>Candidat au doctorat, <b>Fran\u00e7ois Leblanc<\/b> est praticien en architecture et enseigne les processus de conception et de fabrication num\u00e9riques \u00e0 l\u2019Universit\u00e9 McGill. Chercheur principal au laboratoire multidisciplinaire de design LIPHE sous la supervision d\u2019Aaron Sprecher, il explore l\u2019optimisation mat\u00e9rielle, la fabrication additive, et les technologies num\u00e9riques \u00e0 travers la recherche-cr\u00e9ation. Titulaire du MEDA 2012, on lui a r\u00e9cemment attribu\u00e9 la prestigieuse bourse Armand-Bombardier-CGS pour le d\u00e9veloppement de nouveaux prototypes architecturaux li\u00e9s \u00e0 la question de l\u2019impression 3D et aux r\u00e9percussions de cette nouvelle technologie sur les m\u00e9thodes de design.<br \/>\n&lt;\/&gt;<br \/>\n&lt;\/&gt;<br \/>\n&lt;\/&gt;<\/p>\n<h2><span style=\"text-decoration: underline; color: #9c26f5;\"><a title=\"5. Typologie des nouvelles approches m\u00e9thodologiques en art\" href=\"https:\/\/www.methodologiesrecherchecreation.uqam.ca\/?page_id=573\"><span style=\"color: #9c26f5; text-decoration: underline;\">&gt; VOXELS : design et optimisation\u00a0\u00e0 l\u2019\u00e8re de l\u2019impression 3D<\/span><\/a><\/span><\/h2>\n","protected":false},"excerpt":{"rendered":"<p>Candidat au doctorat, Fran\u00e7ois Leblanc est praticien en architecture et enseigne les processus de conception et de fabrication num\u00e9riques \u00e0 l\u2019Universit\u00e9 McGill. Chercheur principal au laboratoire multidisciplinaire de design LIPHE sous la supervision d\u2019Aaron Sprecher, il explore l\u2019optimisation mat\u00e9rielle, la fabrication additive, et les technologies num\u00e9riques \u00e0 travers la recherche-cr\u00e9ation. Titulaire du MEDA 2012, on [&hellip;]<\/p>\n","protected":false},"author":101011,"featured_media":0,"parent":7,"menu_order":0,"comment_status":"closed","ping_status":"closed","template":"page-templates\/front-page.php","meta":{"footnotes":""},"class_list":["post-382","page","type-page","status-publish","hentry"],"_links":{"self":[{"href":"https:\/\/www.methodologiesrecherchecreation.uqam.ca\/index.php?rest_route=\/wp\/v2\/pages\/382","targetHints":{"allow":["GET"]}}],"collection":[{"href":"https:\/\/www.methodologiesrecherchecreation.uqam.ca\/index.php?rest_route=\/wp\/v2\/pages"}],"about":[{"href":"https:\/\/www.methodologiesrecherchecreation.uqam.ca\/index.php?rest_route=\/wp\/v2\/types\/page"}],"author":[{"embeddable":true,"href":"https:\/\/www.methodologiesrecherchecreation.uqam.ca\/index.php?rest_route=\/wp\/v2\/users\/101011"}],"replies":[{"embeddable":true,"href":"https:\/\/www.methodologiesrecherchecreation.uqam.ca\/index.php?rest_route=%2Fwp%2Fv2%2Fcomments&post=382"}],"version-history":[{"count":6,"href":"https:\/\/www.methodologiesrecherchecreation.uqam.ca\/index.php?rest_route=\/wp\/v2\/pages\/382\/revisions"}],"predecessor-version":[{"id":1014,"href":"https:\/\/www.methodologiesrecherchecreation.uqam.ca\/index.php?rest_route=\/wp\/v2\/pages\/382\/revisions\/1014"}],"up":[{"embeddable":true,"href":"https:\/\/www.methodologiesrecherchecreation.uqam.ca\/index.php?rest_route=\/wp\/v2\/pages\/7"}],"wp:attachment":[{"href":"https:\/\/www.methodologiesrecherchecreation.uqam.ca\/index.php?rest_route=%2Fwp%2Fv2%2Fmedia&parent=382"}],"curies":[{"name":"wp","href":"https:\/\/api.w.org\/{rel}","templated":true}]}}