{"id":380,"date":"2014-01-23T20:37:35","date_gmt":"2014-01-23T19:37:35","guid":{"rendered":"https:\/\/www.methodologiesrecherchecreation.uqam.ca\/?page_id=380"},"modified":"2014-03-14T16:28:05","modified_gmt":"2014-03-14T15:28:05","slug":"xavier-lambert","status":"publish","type":"page","link":"https:\/\/www.methodologiesrecherchecreation.uqam.ca\/?page_id=380","title":{"rendered":"Xavier Lambert"},"content":{"rendered":"<p><b><a href=\"https:\/\/www.methodologiesrecherchecreation.uqam.ca\/wp-content\/uploads\/2014\/01\/Lambert_Xavier_nb.jpg\"><img loading=\"lazy\" decoding=\"async\" class=\"alignleft size-full wp-image-340\" alt=\"Lambert_Xavier_nb\" src=\"https:\/\/www.methodologiesrecherchecreation.uqam.ca\/wp-content\/uploads\/2014\/01\/Lambert_Xavier_nb.jpg\" width=\"200\" height=\"200\" srcset=\"https:\/\/www.methodologiesrecherchecreation.uqam.ca\/wp-content\/uploads\/2014\/01\/Lambert_Xavier_nb.jpg 200w, https:\/\/www.methodologiesrecherchecreation.uqam.ca\/wp-content\/uploads\/2014\/01\/Lambert_Xavier_nb-150x150.jpg 150w\" sizes=\"auto, (max-width: 200px) 100vw, 200px\" \/><\/a>Xavier Lambert<\/b> est<b> <\/b>professeur des universit\u00e9s en arts plastiques, arts appliqu\u00e9s et membre du<b> <\/b>LARA\/SEPPIA \u00e0 l\u2019Universit\u00e9 de Toulouse Le Mirail. Il<b> <\/b>m\u00e8ne un travail de recherche sur la cr\u00e9ation artistique dans le cadre des technologies contemporaines et plus g\u00e9n\u00e9ralement sur les processus de cr\u00e9ation.<\/p>\n<p>&nbsp;<\/p>\n<p>&nbsp;<\/p>\n<h2><span style=\"text-decoration: underline;\"><span style=\"color: #9c26f5;\"><a title=\"2. Cr\u00e9ation artistique et cognition\" href=\"https:\/\/www.methodologiesrecherchecreation.uqam.ca\/?page_id=567\"><span style=\"color: #9c26f5; text-decoration: underline;\">&gt; L\u2019art au feu du r\u00e9el\u00a0: cr\u00e9ation et cognition<\/span><\/a><\/span><\/span><\/h2>\n","protected":false},"excerpt":{"rendered":"<p>Xavier Lambert est professeur des universit\u00e9s en arts plastiques, arts appliqu\u00e9s et membre du LARA\/SEPPIA \u00e0 l\u2019Universit\u00e9 de Toulouse Le Mirail. Il m\u00e8ne un travail de recherche sur la cr\u00e9ation artistique dans le cadre des technologies contemporaines et plus g\u00e9n\u00e9ralement sur les processus de cr\u00e9ation. &nbsp; &nbsp; &gt; L\u2019art au feu du r\u00e9el\u00a0: cr\u00e9ation et [&hellip;]<\/p>\n","protected":false},"author":101011,"featured_media":0,"parent":7,"menu_order":0,"comment_status":"closed","ping_status":"closed","template":"page-templates\/front-page.php","meta":{"footnotes":""},"class_list":["post-380","page","type-page","status-publish","hentry"],"_links":{"self":[{"href":"https:\/\/www.methodologiesrecherchecreation.uqam.ca\/index.php?rest_route=\/wp\/v2\/pages\/380","targetHints":{"allow":["GET"]}}],"collection":[{"href":"https:\/\/www.methodologiesrecherchecreation.uqam.ca\/index.php?rest_route=\/wp\/v2\/pages"}],"about":[{"href":"https:\/\/www.methodologiesrecherchecreation.uqam.ca\/index.php?rest_route=\/wp\/v2\/types\/page"}],"author":[{"embeddable":true,"href":"https:\/\/www.methodologiesrecherchecreation.uqam.ca\/index.php?rest_route=\/wp\/v2\/users\/101011"}],"replies":[{"embeddable":true,"href":"https:\/\/www.methodologiesrecherchecreation.uqam.ca\/index.php?rest_route=%2Fwp%2Fv2%2Fcomments&post=380"}],"version-history":[{"count":3,"href":"https:\/\/www.methodologiesrecherchecreation.uqam.ca\/index.php?rest_route=\/wp\/v2\/pages\/380\/revisions"}],"predecessor-version":[{"id":995,"href":"https:\/\/www.methodologiesrecherchecreation.uqam.ca\/index.php?rest_route=\/wp\/v2\/pages\/380\/revisions\/995"}],"up":[{"embeddable":true,"href":"https:\/\/www.methodologiesrecherchecreation.uqam.ca\/index.php?rest_route=\/wp\/v2\/pages\/7"}],"wp:attachment":[{"href":"https:\/\/www.methodologiesrecherchecreation.uqam.ca\/index.php?rest_route=%2Fwp%2Fv2%2Fmedia&parent=380"}],"curies":[{"name":"wp","href":"https:\/\/api.w.org\/{rel}","templated":true}]}}