{"id":376,"date":"2014-01-23T20:37:35","date_gmt":"2014-01-23T19:37:35","guid":{"rendered":"https:\/\/www.methodologiesrecherchecreation.uqam.ca\/?page_id=376"},"modified":"2014-03-14T16:26:34","modified_gmt":"2014-03-14T15:26:34","slug":"pierre-gosselin","status":"publish","type":"page","link":"https:\/\/www.methodologiesrecherchecreation.uqam.ca\/?page_id=376","title":{"rendered":"Pierre Gosselin"},"content":{"rendered":"<p><b><a href=\"https:\/\/www.methodologiesrecherchecreation.uqam.ca\/wp-content\/uploads\/2014\/01\/Gosselin_Pierre_NB.jpg\"><img loading=\"lazy\" decoding=\"async\" class=\"alignleft size-full wp-image-334\" alt=\"Gosselin_Pierre_NB\" src=\"https:\/\/www.methodologiesrecherchecreation.uqam.ca\/wp-content\/uploads\/2014\/01\/Gosselin_Pierre_NB.jpg\" width=\"200\" height=\"200\" srcset=\"https:\/\/www.methodologiesrecherchecreation.uqam.ca\/wp-content\/uploads\/2014\/01\/Gosselin_Pierre_NB.jpg 200w, https:\/\/www.methodologiesrecherchecreation.uqam.ca\/wp-content\/uploads\/2014\/01\/Gosselin_Pierre_NB-150x150.jpg 150w\" sizes=\"auto, (max-width: 200px) 100vw, 200px\" \/><\/a><\/b><b>Pierre Gosselin<\/b> est professeur \u00e0 l\u2019\u00c9cole des arts visuels et m\u00e9diatiques de l\u2019Universit\u00e9 du Qu\u00e9bec \u00e0 Montr\u00e9al. Ses travaux de recherche ont d\u2019abord port\u00e9 sur le d\u00e9veloppement d\u2019une didactique de l\u2019enseignement des arts \u00e9clair\u00e9e par sa repr\u00e9sentation de la dynamique de cr\u00e9ation. Il compl\u00e8te actuellement la mod\u00e9lisation d\u2019un r\u00e9f\u00e9rentiel pour le d\u00e9veloppement et l\u2019\u00e9valuation de la comp\u00e9tence \u00e0 cr\u00e9er au coll\u00e8ge et \u00e0 l\u2019universit\u00e9. Son implication dans les s\u00e9minaires de m\u00e9thodologie de la recherche en arts l\u2019am\u00e8ne depuis une quinzaine d\u2019ann\u00e9es \u00e0 travailler au d\u00e9veloppement de modes m\u00e9thodologique pour la recherche-cr\u00e9ation.<\/p>\n<p>&nbsp;<\/p>\n<p>&nbsp;<\/p>\n<h2><span style=\"text-decoration: underline;\"><span style=\"color: #9c26f5;\"><a title=\"1. La d\u00e9limitation du territoire : sp\u00e9cificit\u00e9 de la recherche-cr\u00e9ation\" href=\"https:\/\/www.methodologiesrecherchecreation.uqam.ca\/?page_id=565\"><span style=\"color: #9c26f5; text-decoration: underline;\">&gt; Vers une d\u00e9limitation de la recherche-cr\u00e9ation<\/span><\/a><\/span><\/span><\/h2>\n<p>&nbsp;<\/p>\n<p>&nbsp;<\/p>\n<p>&nbsp;<\/p>\n","protected":false},"excerpt":{"rendered":"<p>Pierre Gosselin est professeur \u00e0 l\u2019\u00c9cole des arts visuels et m\u00e9diatiques de l\u2019Universit\u00e9 du Qu\u00e9bec \u00e0 Montr\u00e9al. Ses travaux de recherche ont d\u2019abord port\u00e9 sur le d\u00e9veloppement d\u2019une didactique de l\u2019enseignement des arts \u00e9clair\u00e9e par sa repr\u00e9sentation de la dynamique de cr\u00e9ation. Il compl\u00e8te actuellement la mod\u00e9lisation d\u2019un r\u00e9f\u00e9rentiel pour le d\u00e9veloppement et l\u2019\u00e9valuation de [&hellip;]<\/p>\n","protected":false},"author":101011,"featured_media":0,"parent":7,"menu_order":0,"comment_status":"closed","ping_status":"closed","template":"page-templates\/front-page.php","meta":{"footnotes":""},"class_list":["post-376","page","type-page","status-publish","hentry"],"_links":{"self":[{"href":"https:\/\/www.methodologiesrecherchecreation.uqam.ca\/index.php?rest_route=\/wp\/v2\/pages\/376","targetHints":{"allow":["GET"]}}],"collection":[{"href":"https:\/\/www.methodologiesrecherchecreation.uqam.ca\/index.php?rest_route=\/wp\/v2\/pages"}],"about":[{"href":"https:\/\/www.methodologiesrecherchecreation.uqam.ca\/index.php?rest_route=\/wp\/v2\/types\/page"}],"author":[{"embeddable":true,"href":"https:\/\/www.methodologiesrecherchecreation.uqam.ca\/index.php?rest_route=\/wp\/v2\/users\/101011"}],"replies":[{"embeddable":true,"href":"https:\/\/www.methodologiesrecherchecreation.uqam.ca\/index.php?rest_route=%2Fwp%2Fv2%2Fcomments&post=376"}],"version-history":[{"count":5,"href":"https:\/\/www.methodologiesrecherchecreation.uqam.ca\/index.php?rest_route=\/wp\/v2\/pages\/376\/revisions"}],"predecessor-version":[{"id":992,"href":"https:\/\/www.methodologiesrecherchecreation.uqam.ca\/index.php?rest_route=\/wp\/v2\/pages\/376\/revisions\/992"}],"up":[{"embeddable":true,"href":"https:\/\/www.methodologiesrecherchecreation.uqam.ca\/index.php?rest_route=\/wp\/v2\/pages\/7"}],"wp:attachment":[{"href":"https:\/\/www.methodologiesrecherchecreation.uqam.ca\/index.php?rest_route=%2Fwp%2Fv2%2Fmedia&parent=376"}],"curies":[{"name":"wp","href":"https:\/\/api.w.org\/{rel}","templated":true}]}}