{"id":374,"date":"2014-01-23T20:37:35","date_gmt":"2014-01-23T19:37:35","guid":{"rendered":"https:\/\/www.methodologiesrecherchecreation.uqam.ca\/?page_id=374"},"modified":"2014-02-02T21:39:19","modified_gmt":"2014-02-02T20:39:19","slug":"jean-paul-fourmentraux","status":"publish","type":"page","link":"https:\/\/www.methodologiesrecherchecreation.uqam.ca\/?page_id=374","title":{"rendered":"Jean-Paul Fourmentraux"},"content":{"rendered":"<p><b><a href=\"https:\/\/www.methodologiesrecherchecreation.uqam.ca\/wp-content\/uploads\/2014\/01\/Fourmentraux_Jean-Paul_nb.jpg\"><img loading=\"lazy\" decoding=\"async\" class=\"alignleft size-full wp-image-321\" alt=\"Fourmentraux_Jean-Paul_nb\" src=\"https:\/\/www.methodologiesrecherchecreation.uqam.ca\/wp-content\/uploads\/2014\/01\/Fourmentraux_Jean-Paul_nb.jpg\" width=\"200\" height=\"200\" srcset=\"https:\/\/www.methodologiesrecherchecreation.uqam.ca\/wp-content\/uploads\/2014\/01\/Fourmentraux_Jean-Paul_nb.jpg 200w, https:\/\/www.methodologiesrecherchecreation.uqam.ca\/wp-content\/uploads\/2014\/01\/Fourmentraux_Jean-Paul_nb-150x150.jpg 150w\" sizes=\"auto, (max-width: 200px) 100vw, 200px\" \/><\/a>Jean-Paul Fourmentraux\u00a0<\/b>est sociologue, ma\u00eetre de conf\u00e9rences habilit\u00e9 \u00e0 diriger des recherches \u00e0\u00a0l&rsquo;Universit\u00e9 de Lille et \u00e0 l\u2019\u00c9cole des hautes \u00e9tudes en sciences sociales de Paris. Il m\u00e8ne aujourd\u2019hui des recherches comparatives sur les interfaces entre production artistique, recherche technologique et innovation sociale. Il est l\u2019auteur des ouvrages\u00a0<i>Art et Internet <\/i>(CNRS \u00c9ditions, 2010),\u00a0<i>Artistes de laboratoires <\/i>(Hermann, 2011),\u00a0<i>Art et Science\u00a0<\/i>[dir.] (CNRS \u00c9ditions, 2012), <i>L\u2019\u0153uvre virale. Net art et culture Hacker<\/i> (La Lettre Vol\u00e9e, 2013).\u00a0<span style=\"line-height: 1.714285714; font-size: 1rem;\">\u00a0<\/span><\/p>\n<p><span style=\"text-decoration: underline;\"><span style=\"color: #000000; text-decoration: underline;\"><a href=\"http:\/\/cral.ehess.fr\/\" target=\"_blank\"><span style=\"color: #000000; text-decoration: underline;\">Centre de recherches sur les arts et le langage<\/span><\/a><\/span><\/span><br \/>\n<span style=\"text-decoration: underline;\"><span style=\"color: #000000; text-decoration: underline;\"><a href=\"http:\/\/www.linkedin.com\/in\/jeanpaulfourmentraux\" target=\"_blank\"> <span style=\"line-height: 1.714285714; font-size: 1rem; color: #000000; text-decoration: underline;\">linkedin\/jeanpaulfourmentraux<\/span><\/a><\/span><\/span><\/p>\n<h2><\/h2>\n<h2><\/h2>\n<h2><span style=\"text-decoration: underline;\"><span style=\"color: #9c26f5;\"><a title=\"5. Typologie des nouvelles approches m\u00e9thodologiques en art\" href=\"https:\/\/www.methodologiesrecherchecreation.uqam.ca\/?page_id=573\" target=\"_blank\"><span style=\"color: #9c26f5; text-decoration: underline;\"><br \/>\n&gt; Recherche et cr\u00e9ation \u00e0 l\u2019\u00e8re num\u00e9rique<\/span><\/a><\/span><\/span><\/h2>\n<h2><\/h2>\n","protected":false},"excerpt":{"rendered":"<p>Jean-Paul Fourmentraux\u00a0est sociologue, ma\u00eetre de conf\u00e9rences habilit\u00e9 \u00e0 diriger des recherches \u00e0\u00a0l&rsquo;Universit\u00e9 de Lille et \u00e0 l\u2019\u00c9cole des hautes \u00e9tudes en sciences sociales de Paris. Il m\u00e8ne aujourd\u2019hui des recherches comparatives sur les interfaces entre production artistique, recherche technologique et innovation sociale. Il est l\u2019auteur des ouvrages\u00a0Art et Internet (CNRS \u00c9ditions, 2010),\u00a0Artistes de laboratoires (Hermann, [&hellip;]<\/p>\n","protected":false},"author":101011,"featured_media":0,"parent":7,"menu_order":0,"comment_status":"closed","ping_status":"closed","template":"page-templates\/front-page.php","meta":{"footnotes":""},"class_list":["post-374","page","type-page","status-publish","hentry"],"_links":{"self":[{"href":"https:\/\/www.methodologiesrecherchecreation.uqam.ca\/index.php?rest_route=\/wp\/v2\/pages\/374","targetHints":{"allow":["GET"]}}],"collection":[{"href":"https:\/\/www.methodologiesrecherchecreation.uqam.ca\/index.php?rest_route=\/wp\/v2\/pages"}],"about":[{"href":"https:\/\/www.methodologiesrecherchecreation.uqam.ca\/index.php?rest_route=\/wp\/v2\/types\/page"}],"author":[{"embeddable":true,"href":"https:\/\/www.methodologiesrecherchecreation.uqam.ca\/index.php?rest_route=\/wp\/v2\/users\/101011"}],"replies":[{"embeddable":true,"href":"https:\/\/www.methodologiesrecherchecreation.uqam.ca\/index.php?rest_route=%2Fwp%2Fv2%2Fcomments&post=374"}],"version-history":[{"count":5,"href":"https:\/\/www.methodologiesrecherchecreation.uqam.ca\/index.php?rest_route=\/wp\/v2\/pages\/374\/revisions"}],"predecessor-version":[{"id":750,"href":"https:\/\/www.methodologiesrecherchecreation.uqam.ca\/index.php?rest_route=\/wp\/v2\/pages\/374\/revisions\/750"}],"up":[{"embeddable":true,"href":"https:\/\/www.methodologiesrecherchecreation.uqam.ca\/index.php?rest_route=\/wp\/v2\/pages\/7"}],"wp:attachment":[{"href":"https:\/\/www.methodologiesrecherchecreation.uqam.ca\/index.php?rest_route=%2Fwp%2Fv2%2Fmedia&parent=374"}],"curies":[{"name":"wp","href":"https:\/\/api.w.org\/{rel}","templated":true}]}}