{"id":372,"date":"2014-01-23T20:37:35","date_gmt":"2014-01-23T19:37:35","guid":{"rendered":"https:\/\/www.methodologiesrecherchecreation.uqam.ca\/?page_id=372"},"modified":"2014-03-14T16:26:12","modified_gmt":"2014-03-14T15:26:12","slug":"sylvie-fortin","status":"publish","type":"page","link":"https:\/\/www.methodologiesrecherchecreation.uqam.ca\/?page_id=372","title":{"rendered":"Sylvie Fortin"},"content":{"rendered":"<p><a href=\"https:\/\/www.methodologiesrecherchecreation.uqam.ca\/wp-content\/uploads\/2014\/01\/fortin_sylvie_nb.jpg\"><img loading=\"lazy\" decoding=\"async\" class=\"alignleft size-full wp-image-335\" alt=\"fortin_sylvie_nb\" src=\"https:\/\/www.methodologiesrecherchecreation.uqam.ca\/wp-content\/uploads\/2014\/01\/fortin_sylvie_nb.jpg\" width=\"200\" height=\"200\" srcset=\"https:\/\/www.methodologiesrecherchecreation.uqam.ca\/wp-content\/uploads\/2014\/01\/fortin_sylvie_nb.jpg 200w, https:\/\/www.methodologiesrecherchecreation.uqam.ca\/wp-content\/uploads\/2014\/01\/fortin_sylvie_nb-150x150.jpg 150w\" sizes=\"auto, (max-width: 200px) 100vw, 200px\" \/><\/a><strong>Sylvie Fortin<\/strong>\u00a0est professeure au D\u00e9partement de danse de l\u2019Universit\u00e9 du Qu\u00e9bec \u00e0 Montr\u00e9al. Ses champs de recherche comprennent les approches critiques et socioculturelles du corps, l\u2019\u00e9ducation somatique aupr\u00e8s de client\u00e8les diverses et la promotion de la sant\u00e9 en art de la sc\u00e8ne. Elle s\u2019int\u00e9resse aux m\u00e9thodologies de recherche-cr\u00e9ation, aux m\u00e9thodologies de recherche post-positiviste en art, et \u00e0 la recherche-action avec des groupes de femmes atteintes de maladies chroniques.\u00a0 Elle co-dirige\u00a0pr\u00e9sentement une \u00e9tude sur le d\u00e9veloppement et l\u2019\u00e9valuation de la comp\u00e9tence \u00e0 cr\u00e9er en art.<\/p>\n<p>&nbsp;<\/p>\n<h2><span style=\"text-decoration: underline;\"><span style=\"color: #9c26f5;\"><a title=\"1. La d\u00e9limitation du territoire : sp\u00e9cificit\u00e9 de la recherche-cr\u00e9ation\" href=\"https:\/\/www.methodologiesrecherchecreation.uqam.ca\/?page_id=565\"><span style=\"color: #9c26f5; text-decoration: underline;\">&gt; Vers une d\u00e9limitation de la recherche-cr\u00e9ation<\/span><\/a><\/span><\/span><\/h2>\n<p>&nbsp;<\/p>\n","protected":false},"excerpt":{"rendered":"<p>Sylvie Fortin\u00a0est professeure au D\u00e9partement de danse de l\u2019Universit\u00e9 du Qu\u00e9bec \u00e0 Montr\u00e9al. Ses champs de recherche comprennent les approches critiques et socioculturelles du corps, l\u2019\u00e9ducation somatique aupr\u00e8s de client\u00e8les diverses et la promotion de la sant\u00e9 en art de la sc\u00e8ne. Elle s\u2019int\u00e9resse aux m\u00e9thodologies de recherche-cr\u00e9ation, aux m\u00e9thodologies de recherche post-positiviste en art, [&hellip;]<\/p>\n","protected":false},"author":101011,"featured_media":0,"parent":7,"menu_order":0,"comment_status":"closed","ping_status":"closed","template":"page-templates\/front-page.php","meta":{"footnotes":""},"class_list":["post-372","page","type-page","status-publish","hentry"],"_links":{"self":[{"href":"https:\/\/www.methodologiesrecherchecreation.uqam.ca\/index.php?rest_route=\/wp\/v2\/pages\/372","targetHints":{"allow":["GET"]}}],"collection":[{"href":"https:\/\/www.methodologiesrecherchecreation.uqam.ca\/index.php?rest_route=\/wp\/v2\/pages"}],"about":[{"href":"https:\/\/www.methodologiesrecherchecreation.uqam.ca\/index.php?rest_route=\/wp\/v2\/types\/page"}],"author":[{"embeddable":true,"href":"https:\/\/www.methodologiesrecherchecreation.uqam.ca\/index.php?rest_route=\/wp\/v2\/users\/101011"}],"replies":[{"embeddable":true,"href":"https:\/\/www.methodologiesrecherchecreation.uqam.ca\/index.php?rest_route=%2Fwp%2Fv2%2Fcomments&post=372"}],"version-history":[{"count":4,"href":"https:\/\/www.methodologiesrecherchecreation.uqam.ca\/index.php?rest_route=\/wp\/v2\/pages\/372\/revisions"}],"predecessor-version":[{"id":991,"href":"https:\/\/www.methodologiesrecherchecreation.uqam.ca\/index.php?rest_route=\/wp\/v2\/pages\/372\/revisions\/991"}],"up":[{"embeddable":true,"href":"https:\/\/www.methodologiesrecherchecreation.uqam.ca\/index.php?rest_route=\/wp\/v2\/pages\/7"}],"wp:attachment":[{"href":"https:\/\/www.methodologiesrecherchecreation.uqam.ca\/index.php?rest_route=%2Fwp%2Fv2%2Fmedia&parent=372"}],"curies":[{"name":"wp","href":"https:\/\/api.w.org\/{rel}","templated":true}]}}