{"id":370,"date":"2014-01-23T20:37:35","date_gmt":"2014-01-23T19:37:35","guid":{"rendered":"https:\/\/www.methodologiesrecherchecreation.uqam.ca\/?page_id=370"},"modified":"2014-03-14T16:39:38","modified_gmt":"2014-03-14T15:39:38","slug":"sean-ferguson","status":"publish","type":"page","link":"https:\/\/www.methodologiesrecherchecreation.uqam.ca\/?page_id=370","title":{"rendered":"Sean Ferguson"},"content":{"rendered":"<p><b><a href=\"https:\/\/www.methodologiesrecherchecreation.uqam.ca\/wp-content\/uploads\/2014\/01\/Ferguson_Sean_nb.jpg\"><img loading=\"lazy\" decoding=\"async\" class=\"alignleft size-full wp-image-324\" alt=\"Ferguson_Sean_nb\" src=\"https:\/\/www.methodologiesrecherchecreation.uqam.ca\/wp-content\/uploads\/2014\/01\/Ferguson_Sean_nb.jpg\" width=\"200\" height=\"200\" srcset=\"https:\/\/www.methodologiesrecherchecreation.uqam.ca\/wp-content\/uploads\/2014\/01\/Ferguson_Sean_nb.jpg 200w, https:\/\/www.methodologiesrecherchecreation.uqam.ca\/wp-content\/uploads\/2014\/01\/Ferguson_Sean_nb-150x150.jpg 150w\" sizes=\"auto, (max-width: 200px) 100vw, 200px\" \/><\/a>Sean Ferguson<\/b> est n\u00e9 dans la lointaine\u00a0collectivit\u00e9 de Fort Vermilion dans le nord de l\u2019Alberta. Il vit \u00e0 Montr\u00e9al\u00a0depuis 1990 et enseigne la\u00a0composition \u00e0 l&rsquo;Universit\u00e9 McGill. Il est co-directeur\u00a0du McGill Digital Composition Studio et a \u00e9t\u00e9 directeur\u00a0du Centre for\u00a0Interdisciplinary Research in Music Media and\u00a0Technology (CIRMMT) de 2009 \u00e0 2011. En mai 2011, il a \u00e9t\u00e9 nomm\u00e9 doyen de l\u2019\u00c9cole\u00a0de musique\u00a0Schulich. Sa musique a \u00e9t\u00e9 jou\u00e9e par des ensembles comme l\u2019Orchestre\u00a0Philharmonique de Radio France, l\u2019Orchestre symphonique de Montr\u00e9al, la\u00a0Soci\u00e9t\u00e9\u00a0de musique contemporaine du Qu\u00e9bec (SMCQ), Les Temps modernes de Lyon, I Musici\u00a0de Montr\u00e9al et l\u2019Ensemble contemporain de\u00a0Montr\u00e9al, entre autres.<\/p>\n<h2><\/h2>\n<h2><span style=\"text-decoration: underline;\"><span style=\"color: #9c26f5; text-decoration: underline;\"><a title=\"3. La recherche-cr\u00e9ation entre th\u00e9orie et pratique\" href=\"https:\/\/www.methodologiesrecherchecreation.uqam.ca\/?page_id=569\"><span style=\"color: #9c26f5; text-decoration: underline;\"><br \/>\n&gt; Culture shock: navigating expectations in interdisciplinary research-creation projects<\/span><\/a><\/span><\/span><\/h2>\n<p>&nbsp;<\/p>\n<p>&nbsp;<\/p>\n<p>&nbsp;<\/p>\n","protected":false},"excerpt":{"rendered":"<p>Sean Ferguson est n\u00e9 dans la lointaine\u00a0collectivit\u00e9 de Fort Vermilion dans le nord de l\u2019Alberta. Il vit \u00e0 Montr\u00e9al\u00a0depuis 1990 et enseigne la\u00a0composition \u00e0 l&rsquo;Universit\u00e9 McGill. Il est co-directeur\u00a0du McGill Digital Composition Studio et a \u00e9t\u00e9 directeur\u00a0du Centre for\u00a0Interdisciplinary Research in Music Media and\u00a0Technology (CIRMMT) de 2009 \u00e0 2011. En mai 2011, il a \u00e9t\u00e9 [&hellip;]<\/p>\n","protected":false},"author":101011,"featured_media":0,"parent":7,"menu_order":0,"comment_status":"closed","ping_status":"closed","template":"page-templates\/front-page.php","meta":{"footnotes":""},"class_list":["post-370","page","type-page","status-publish","hentry"],"_links":{"self":[{"href":"https:\/\/www.methodologiesrecherchecreation.uqam.ca\/index.php?rest_route=\/wp\/v2\/pages\/370","targetHints":{"allow":["GET"]}}],"collection":[{"href":"https:\/\/www.methodologiesrecherchecreation.uqam.ca\/index.php?rest_route=\/wp\/v2\/pages"}],"about":[{"href":"https:\/\/www.methodologiesrecherchecreation.uqam.ca\/index.php?rest_route=\/wp\/v2\/types\/page"}],"author":[{"embeddable":true,"href":"https:\/\/www.methodologiesrecherchecreation.uqam.ca\/index.php?rest_route=\/wp\/v2\/users\/101011"}],"replies":[{"embeddable":true,"href":"https:\/\/www.methodologiesrecherchecreation.uqam.ca\/index.php?rest_route=%2Fwp%2Fv2%2Fcomments&post=370"}],"version-history":[{"count":5,"href":"https:\/\/www.methodologiesrecherchecreation.uqam.ca\/index.php?rest_route=\/wp\/v2\/pages\/370\/revisions"}],"predecessor-version":[{"id":998,"href":"https:\/\/www.methodologiesrecherchecreation.uqam.ca\/index.php?rest_route=\/wp\/v2\/pages\/370\/revisions\/998"}],"up":[{"embeddable":true,"href":"https:\/\/www.methodologiesrecherchecreation.uqam.ca\/index.php?rest_route=\/wp\/v2\/pages\/7"}],"wp:attachment":[{"href":"https:\/\/www.methodologiesrecherchecreation.uqam.ca\/index.php?rest_route=%2Fwp%2Fv2%2Fmedia&parent=370"}],"curies":[{"name":"wp","href":"https:\/\/api.w.org\/{rel}","templated":true}]}}