{"id":361,"date":"2014-01-23T20:37:35","date_gmt":"2014-01-23T19:37:35","guid":{"rendered":"https:\/\/www.methodologiesrecherchecreation.uqam.ca\/?page_id=361"},"modified":"2014-03-14T16:57:00","modified_gmt":"2014-03-14T15:57:00","slug":"jean-marie-dallet","status":"publish","type":"page","link":"https:\/\/www.methodologiesrecherchecreation.uqam.ca\/?page_id=361","title":{"rendered":"Jean-Marie Dallet"},"content":{"rendered":"<p><b><a href=\"https:\/\/www.methodologiesrecherchecreation.uqam.ca\/wp-content\/uploads\/2014\/01\/Dallet_Jean-Marie_nb.jpg\"><img loading=\"lazy\" decoding=\"async\" class=\"alignleft size-full wp-image-327\" alt=\"Dallet_Jean-Marie_nb\" src=\"https:\/\/www.methodologiesrecherchecreation.uqam.ca\/wp-content\/uploads\/2014\/01\/Dallet_Jean-Marie_nb.jpg\" width=\"200\" height=\"200\" srcset=\"https:\/\/www.methodologiesrecherchecreation.uqam.ca\/wp-content\/uploads\/2014\/01\/Dallet_Jean-Marie_nb.jpg 200w, https:\/\/www.methodologiesrecherchecreation.uqam.ca\/wp-content\/uploads\/2014\/01\/Dallet_Jean-Marie_nb-150x150.jpg 150w\" sizes=\"auto, (max-width: 200px) 100vw, 200px\" \/><\/a>Jean-Marie Dallet<\/b> est artiste et enseignant-chercheur \u00e0 l\u2019universit\u00e9 Paris 8. Il est le responsable scientifique du laboratoire d\u2019\u00e9cole d\u2019art SLIDERS_lab qui fait l\u2019objet, depuis 2007, d\u2019un accord-cadre entre le minist\u00e8re de la Culture et de la Communication et le CNRS. Il a expos\u00e9 ses \u0153uvres en France (biennale Artifices, Villette Num\u00e9rique, Cit\u00e9e des sciences et de l\u2019industrie, Le Fresnoy, Biblioth\u00e8que de l\u2019universit\u00e9 Paris 8, Le confort moderne, Bandits-Mages, etc.), en Belgique (biennale Update), au Canada (ISEA), au Japon (biennale ICC), au Br\u00e9sil, etc. Il a dirig\u00e9 l\u2019ouvrage <i>Cin\u00e9ma, interactivit\u00e9 et soci\u00e9t\u00e9<\/i> (Universit\u00e9 de Poitiers-CNRS, 2013).<\/p>\n<p>&nbsp;<\/p>\n<p>&nbsp;<\/p>\n<p><span style=\"text-decoration: underline;\"><span style=\"color: #000000; text-decoration: underline;\"><a href=\"http:\/\/www.dallet.net\" target=\"_blank\"><span style=\"color: #000000; text-decoration: underline;\">dallet.net<\/span><\/a><\/span><\/span><br \/>\n<span style=\"text-decoration: underline;\"><span style=\"color: #000000; text-decoration: underline;\"> <a href=\"http:\/\/www.sliderslab.com\/\" target=\"_blank\"><span style=\"color: #000000; text-decoration: underline;\">sliderslab.com<\/span><\/a><\/span><\/span><br \/>\n<span style=\"text-decoration: underline;\"><span style=\"color: #000000; text-decoration: underline;\"> <a href=\"http:\/\/www.figuresinteractives.com\/\" target=\"_blank\"><span style=\"color: #000000; text-decoration: underline;\">figuresinteractives.com<\/span><\/a><\/span><\/span><\/p>\n<h2><\/h2>\n<p>&nbsp;<\/p>\n<h2><span style=\"text-decoration: underline;\"><a title=\"5. Typologie des nouvelles approches m\u00e9thodologiques en art\" href=\"https:\/\/www.methodologiesrecherchecreation.uqam.ca\/?page_id=573\"><span style=\"color: #9c26f5; text-decoration: underline;\">&gt; Le laboratoire SLIDERS_lab\u00a0: des allers-retours entre percept et concept<\/span><\/a><\/span><\/h2>\n","protected":false},"excerpt":{"rendered":"<p>Jean-Marie Dallet est artiste et enseignant-chercheur \u00e0 l\u2019universit\u00e9 Paris 8. Il est le responsable scientifique du laboratoire d\u2019\u00e9cole d\u2019art SLIDERS_lab qui fait l\u2019objet, depuis 2007, d\u2019un accord-cadre entre le minist\u00e8re de la Culture et de la Communication et le CNRS. Il a expos\u00e9 ses \u0153uvres en France (biennale Artifices, Villette Num\u00e9rique, Cit\u00e9e des sciences et [&hellip;]<\/p>\n","protected":false},"author":101011,"featured_media":0,"parent":7,"menu_order":0,"comment_status":"closed","ping_status":"closed","template":"page-templates\/front-page.php","meta":{"footnotes":""},"class_list":["post-361","page","type-page","status-publish","hentry"],"_links":{"self":[{"href":"https:\/\/www.methodologiesrecherchecreation.uqam.ca\/index.php?rest_route=\/wp\/v2\/pages\/361","targetHints":{"allow":["GET"]}}],"collection":[{"href":"https:\/\/www.methodologiesrecherchecreation.uqam.ca\/index.php?rest_route=\/wp\/v2\/pages"}],"about":[{"href":"https:\/\/www.methodologiesrecherchecreation.uqam.ca\/index.php?rest_route=\/wp\/v2\/types\/page"}],"author":[{"embeddable":true,"href":"https:\/\/www.methodologiesrecherchecreation.uqam.ca\/index.php?rest_route=\/wp\/v2\/users\/101011"}],"replies":[{"embeddable":true,"href":"https:\/\/www.methodologiesrecherchecreation.uqam.ca\/index.php?rest_route=%2Fwp%2Fv2%2Fcomments&post=361"}],"version-history":[{"count":8,"href":"https:\/\/www.methodologiesrecherchecreation.uqam.ca\/index.php?rest_route=\/wp\/v2\/pages\/361\/revisions"}],"predecessor-version":[{"id":1011,"href":"https:\/\/www.methodologiesrecherchecreation.uqam.ca\/index.php?rest_route=\/wp\/v2\/pages\/361\/revisions\/1011"}],"up":[{"embeddable":true,"href":"https:\/\/www.methodologiesrecherchecreation.uqam.ca\/index.php?rest_route=\/wp\/v2\/pages\/7"}],"wp:attachment":[{"href":"https:\/\/www.methodologiesrecherchecreation.uqam.ca\/index.php?rest_route=%2Fwp%2Fv2%2Fmedia&parent=361"}],"curies":[{"name":"wp","href":"https:\/\/api.w.org\/{rel}","templated":true}]}}