{"id":347,"date":"2014-01-21T22:51:08","date_gmt":"2014-01-21T21:51:08","guid":{"rendered":"https:\/\/www.methodologiesrecherchecreation.uqam.ca\/?page_id=347"},"modified":"2014-03-14T17:00:07","modified_gmt":"2014-03-14T16:00:07","slug":"marie-claude-bouthillier","status":"publish","type":"page","link":"https:\/\/www.methodologiesrecherchecreation.uqam.ca\/?page_id=347","title":{"rendered":"Marie-Claude Bouthillier"},"content":{"rendered":"<p><a href=\"https:\/\/www.methodologiesrecherchecreation.uqam.ca\/wp-content\/uploads\/2014\/01\/bouthillier_Marie-Claude_nb.jpg\"><img loading=\"lazy\" decoding=\"async\" class=\"alignleft size-full wp-image-319\" alt=\"bouthillier_Marie-Claude_nb\" src=\"https:\/\/www.methodologiesrecherchecreation.uqam.ca\/wp-content\/uploads\/2014\/01\/bouthillier_Marie-Claude_nb.jpg\" width=\"200\" height=\"200\" srcset=\"https:\/\/www.methodologiesrecherchecreation.uqam.ca\/wp-content\/uploads\/2014\/01\/bouthillier_Marie-Claude_nb.jpg 200w, https:\/\/www.methodologiesrecherchecreation.uqam.ca\/wp-content\/uploads\/2014\/01\/bouthillier_Marie-Claude_nb-150x150.jpg 150w\" sizes=\"auto, (max-width: 200px) 100vw, 200px\" \/><\/a>Depuis la fin des ann\u00e9es 1980, le travail de <b>Marie-Claude Bouthillier<\/b> se retrouve, au Qu\u00e9bec et \u00e0 l\u2019\u00e9tranger, dans des expositions individuelles et collectives.\u00a0Elle a expos\u00e9 depuis 2010 \u00e0 la galerie Optica, \u00e0 La Centrale Galerie Powerhouse, et \u00e0 la Galerie Hugues Charbonneau qui la repr\u00e9sente. Elle a pr\u00e9sent\u00e9 <i>Familles <\/i>au Mus\u00e9e McCord et a particip\u00e9 aux expositions\u00a0<i>Loin des yeux pr\u00e8s du corps <\/i>et <i>Le projet peinture\/The Painting Project<\/i> \u00e0 la Galerie de l\u2019UQAM. Marie-Claude Bouthillier est laur\u00e9ate du Prix Louis-Comtois 2011. Elle d\u00e9tient une ma\u00eetrise de l\u2019Universit\u00e9 du Qu\u00e9bec \u00e0 Montr\u00e9al (1997). Elle vit et travaille \u00e0 Montr\u00e9al.<\/p>\n<div style=\"font-size: 80%;\">Cr\u00e9dit photo: Yan Gigu\u00e8re<\/div>\n<p>&nbsp;<\/p>\n<p>&nbsp;<\/p>\n<h2><span style=\"text-decoration: underline; color: #9c26f5;\"><a title=\"6. M\u00e9thodes hasardeuses\" href=\"https:\/\/www.methodologiesrecherchecreation.uqam.ca\/?page_id=575\"><span style=\"color: #9c26f5; text-decoration: underline;\">&gt; Flanchement et pictomancie<\/span><\/a><\/span><\/h2>\n<p>&nbsp;<\/p>\n","protected":false},"excerpt":{"rendered":"<p>Depuis la fin des ann\u00e9es 1980, le travail de Marie-Claude Bouthillier se retrouve, au Qu\u00e9bec et \u00e0 l\u2019\u00e9tranger, dans des expositions individuelles et collectives.\u00a0Elle a expos\u00e9 depuis 2010 \u00e0 la galerie Optica, \u00e0 La Centrale Galerie Powerhouse, et \u00e0 la Galerie Hugues Charbonneau qui la repr\u00e9sente. Elle a pr\u00e9sent\u00e9 Familles au Mus\u00e9e McCord et a [&hellip;]<\/p>\n","protected":false},"author":101011,"featured_media":0,"parent":7,"menu_order":0,"comment_status":"closed","ping_status":"closed","template":"page-templates\/front-page.php","meta":{"footnotes":""},"class_list":["post-347","page","type-page","status-publish","hentry"],"_links":{"self":[{"href":"https:\/\/www.methodologiesrecherchecreation.uqam.ca\/index.php?rest_route=\/wp\/v2\/pages\/347","targetHints":{"allow":["GET"]}}],"collection":[{"href":"https:\/\/www.methodologiesrecherchecreation.uqam.ca\/index.php?rest_route=\/wp\/v2\/pages"}],"about":[{"href":"https:\/\/www.methodologiesrecherchecreation.uqam.ca\/index.php?rest_route=\/wp\/v2\/types\/page"}],"author":[{"embeddable":true,"href":"https:\/\/www.methodologiesrecherchecreation.uqam.ca\/index.php?rest_route=\/wp\/v2\/users\/101011"}],"replies":[{"embeddable":true,"href":"https:\/\/www.methodologiesrecherchecreation.uqam.ca\/index.php?rest_route=%2Fwp%2Fv2%2Fcomments&post=347"}],"version-history":[{"count":13,"href":"https:\/\/www.methodologiesrecherchecreation.uqam.ca\/index.php?rest_route=\/wp\/v2\/pages\/347\/revisions"}],"predecessor-version":[{"id":1016,"href":"https:\/\/www.methodologiesrecherchecreation.uqam.ca\/index.php?rest_route=\/wp\/v2\/pages\/347\/revisions\/1016"}],"up":[{"embeddable":true,"href":"https:\/\/www.methodologiesrecherchecreation.uqam.ca\/index.php?rest_route=\/wp\/v2\/pages\/7"}],"wp:attachment":[{"href":"https:\/\/www.methodologiesrecherchecreation.uqam.ca\/index.php?rest_route=%2Fwp%2Fv2%2Fmedia&parent=347"}],"curies":[{"name":"wp","href":"https:\/\/api.w.org\/{rel}","templated":true}]}}