{"id":314,"date":"2014-01-21T22:03:14","date_gmt":"2014-01-21T21:03:14","guid":{"rendered":"https:\/\/www.methodologiesrecherchecreation.uqam.ca\/?page_id=314"},"modified":"2014-03-14T17:01:00","modified_gmt":"2014-03-14T16:01:00","slug":"patrick-beaulieu","status":"publish","type":"page","link":"https:\/\/www.methodologiesrecherchecreation.uqam.ca\/?page_id=314","title":{"rendered":"Patrick Beaulieu"},"content":{"rendered":"<p><b><a href=\"https:\/\/www.methodologiesrecherchecreation.uqam.ca\/wp-content\/uploads\/2014\/01\/Beaulieu_Patrick_nb.jpg\"><img loading=\"lazy\" decoding=\"async\" class=\"alignleft size-full wp-image-333\" alt=\"Beaulieu_Patrick_nb\" src=\"https:\/\/www.methodologiesrecherchecreation.uqam.ca\/wp-content\/uploads\/2014\/01\/Beaulieu_Patrick_nb.jpg\" width=\"200\" height=\"200\" srcset=\"https:\/\/www.methodologiesrecherchecreation.uqam.ca\/wp-content\/uploads\/2014\/01\/Beaulieu_Patrick_nb.jpg 200w, https:\/\/www.methodologiesrecherchecreation.uqam.ca\/wp-content\/uploads\/2014\/01\/Beaulieu_Patrick_nb-150x150.jpg 150w\" sizes=\"auto, (max-width: 200px) 100vw, 200px\" \/><\/a><\/b><strong>Patrick Beaulieu<\/strong>\u00a0est artiste multidisciplinaire. Il r\u00e9alise des parcours po\u00e9tiques \u00e0 travers lesquels il r\u00e9v\u00e8le, par le biais d\u2019installations et d\u2019interventions <i>in situ \/ in socius<\/i>, l\u2019essence d\u2019une exp\u00e9rience. Accompagn\u00e9 par les auteurs Daniel Canty et Dauphin Vincent et l\u2019architecte paysagiste Alexis Pernet, il terminait en 2013 une trilogie d\u2019<i>Odyss\u00e9es transfronti\u00e8res<\/i> qui consistait \u00e0 suivre, par voie de terre, la trajectoire a\u00e9rienne de la migration annuelle des papillons monarques (<i>Vector monarca,<\/i> 2007), \u00e0 poursuivre durant 25 jours les vents d\u2019Am\u00e9rique dans une sorte de navigation continentale (<i>Ventury<\/i>, 2010) et \u00e0 s\u2019abandonner au destin et \u00e0 la chance sur les chemins du hasard (<i>Vegas<\/i>, 2012). Les corpus d\u2019\u0153uvres qui \u00e9mergent de ces exp\u00e9riences (vid\u00e9os, photographies, v\u00e9hicules, cartes\u00a0g\u00e9opo\u00e9tiques et collections d&rsquo;objets divers) ont \u00e9t\u00e9 pr\u00e9sent\u00e9s dans divers contextes au Canada et \u00e0 l\u2019\u00e9tranger.<\/p>\n<p>&nbsp;<\/p>\n<h2><span style=\"text-decoration: underline;\"><a title=\"6. M\u00e9thodes hasardeuses\" href=\"https:\/\/www.methodologiesrecherchecreation.uqam.ca\/?page_id=575\"><span style=\"color: #9c26f5; text-decoration: underline;\">&gt; Jours de chance\u00a0: trois odyss\u00e9es transfronti\u00e8res \u00e0 travers l\u2019Am\u00e9rique<\/span><\/a><\/span><\/h2>\n","protected":false},"excerpt":{"rendered":"<p>Patrick Beaulieu\u00a0est artiste multidisciplinaire. Il r\u00e9alise des parcours po\u00e9tiques \u00e0 travers lesquels il r\u00e9v\u00e8le, par le biais d\u2019installations et d\u2019interventions in situ \/ in socius, l\u2019essence d\u2019une exp\u00e9rience. Accompagn\u00e9 par les auteurs Daniel Canty et Dauphin Vincent et l\u2019architecte paysagiste Alexis Pernet, il terminait en 2013 une trilogie d\u2019Odyss\u00e9es transfronti\u00e8res qui consistait \u00e0 suivre, par [&hellip;]<\/p>\n","protected":false},"author":101011,"featured_media":0,"parent":7,"menu_order":0,"comment_status":"closed","ping_status":"closed","template":"page-templates\/front-page.php","meta":{"footnotes":""},"class_list":["post-314","page","type-page","status-publish","hentry"],"_links":{"self":[{"href":"https:\/\/www.methodologiesrecherchecreation.uqam.ca\/index.php?rest_route=\/wp\/v2\/pages\/314","targetHints":{"allow":["GET"]}}],"collection":[{"href":"https:\/\/www.methodologiesrecherchecreation.uqam.ca\/index.php?rest_route=\/wp\/v2\/pages"}],"about":[{"href":"https:\/\/www.methodologiesrecherchecreation.uqam.ca\/index.php?rest_route=\/wp\/v2\/types\/page"}],"author":[{"embeddable":true,"href":"https:\/\/www.methodologiesrecherchecreation.uqam.ca\/index.php?rest_route=\/wp\/v2\/users\/101011"}],"replies":[{"embeddable":true,"href":"https:\/\/www.methodologiesrecherchecreation.uqam.ca\/index.php?rest_route=%2Fwp%2Fv2%2Fcomments&post=314"}],"version-history":[{"count":8,"href":"https:\/\/www.methodologiesrecherchecreation.uqam.ca\/index.php?rest_route=\/wp\/v2\/pages\/314\/revisions"}],"predecessor-version":[{"id":1019,"href":"https:\/\/www.methodologiesrecherchecreation.uqam.ca\/index.php?rest_route=\/wp\/v2\/pages\/314\/revisions\/1019"}],"up":[{"embeddable":true,"href":"https:\/\/www.methodologiesrecherchecreation.uqam.ca\/index.php?rest_route=\/wp\/v2\/pages\/7"}],"wp:attachment":[{"href":"https:\/\/www.methodologiesrecherchecreation.uqam.ca\/index.php?rest_route=%2Fwp%2Fv2%2Fmedia&parent=314"}],"curies":[{"name":"wp","href":"https:\/\/api.w.org\/{rel}","templated":true}]}}