{"id":165,"date":"2014-01-07T14:49:27","date_gmt":"2014-01-07T13:49:27","guid":{"rendered":"https:\/\/www.methodologiesrecherchecreation.uqam.ca\/?page_id=165"},"modified":"2014-03-02T16:23:00","modified_gmt":"2014-03-02T15:23:00","slug":"monique-regimbald-zeiber","status":"publish","type":"page","link":"https:\/\/www.methodologiesrecherchecreation.uqam.ca\/?page_id=165","title":{"rendered":"Monique R\u00e9gimbald-Zeiber"},"content":{"rendered":"<p><a href=\"https:\/\/www.methodologiesrecherchecreation.uqam.ca\/wp-content\/uploads\/2014\/01\/Monique-R\u00e9gimbald-Zeiber.jpg\"><img loading=\"lazy\" decoding=\"async\" class=\"alignleft size-full wp-image-309\" alt=\"Monique R\u00e9gimbald-Zeiber\" src=\"https:\/\/www.methodologiesrecherchecreation.uqam.ca\/wp-content\/uploads\/2014\/01\/Monique-R\u00e9gimbald-Zeiber.jpg\" width=\"200\" height=\"200\" srcset=\"https:\/\/www.methodologiesrecherchecreation.uqam.ca\/wp-content\/uploads\/2014\/01\/Monique-R\u00e9gimbald-Zeiber.jpg 200w, https:\/\/www.methodologiesrecherchecreation.uqam.ca\/wp-content\/uploads\/2014\/01\/Monique-R\u00e9gimbald-Zeiber-150x150.jpg 150w\" sizes=\"auto, (max-width: 200px) 100vw, 200px\" \/><\/a><b>Monique R\u00e9gimbald-Zeiber<\/b> vit et travaille \u00e0 Montr\u00e9al. Tr\u00e8s t\u00f4t elle s\u2019est int\u00e9ress\u00e9e \u00e0 l\u2019\u00e9criture et au politique dans l\u2019art. En 1980 elle obtenait un Ph. D. en litt\u00e9rature qui proposait une lecture crois\u00e9e des \u00e9crits et pratiques picturales de l\u2019Avant-garde russe. En 1992, elle devient professeure \u00e0 l\u2019\u00c9cole des arts visuels et m\u00e9diatiques de l\u2019Universit\u00e9 du Qu\u00e9bec \u00e0 Montr\u00e9al qu\u2019elle dirigera pendant 4 ans. Elle a, depuis une vingtaine d\u2019ann\u00e9es, d\u00e9velopp\u00e9 une recherche qui interroge la construction du regard et de l\u2019histoire, en particulier celle des femmes. Elle le fait\u00a0 dans et par des croisements de peinture et d\u2019\u00e9criture. Ses \u0153uvres font partie de diff\u00e9rentes collections dont celles du Mus\u00e9e national des beaux-arts du Qu\u00e9bec, du Mus\u00e9e d\u2019art contemporain de Montr\u00e9al et de la Galerie de l\u2019UQAM. Elles ont \u00e9t\u00e9 expos\u00e9es au Qu\u00e9bec, au Canada et en Europe.<\/p>\n<p>Elle a \u00e9t\u00e9 vice-doyenne \u00e0 la recherche et \u00e0 la cr\u00e9ation de la Facult\u00e9 des arts de l\u2019UQAM de 2011 \u00e0 2013. Pendant neuf ans, elle a \u00e9t\u00e9 membre du Conseil d\u2019administration du <i>Fonds<\/i> de<i> recherche <\/i>du <i>Qu\u00e9bec &#8211; Soci\u00e9t\u00e9 et culture (FRQSC) <\/i>dont elle a \u00e9t\u00e9 vice-pr\u00e9sidente pendant quatre ans. Elle y a \u0153uvr\u00e9 au d\u00e9veloppement et \u00e0 la d\u00e9fense des programmes d\u00e9di\u00e9s \u00e0 la recherche-cr\u00e9ation.<\/p>\n<p>&nbsp;<\/p>\n<h1><span style=\"text-decoration: underline;\"><span style=\"color: #9c26f5;\"><a title=\"1. La d\u00e9limitation du territoire : sp\u00e9cificit\u00e9 de la recherche-cr\u00e9ation\" href=\"https:\/\/www.methodologiesrecherchecreation.uqam.ca\/?page_id=565\"><span style=\"color: #9c26f5; text-decoration: underline;\">1. La d\u00e9limitation du territoire : sp\u00e9cificit\u00e9 de la recherche-cr\u00e9ation<\/span><\/a><\/span><\/span><\/h1>\n","protected":false},"excerpt":{"rendered":"<p>Monique R\u00e9gimbald-Zeiber vit et travaille \u00e0 Montr\u00e9al. Tr\u00e8s t\u00f4t elle s\u2019est int\u00e9ress\u00e9e \u00e0 l\u2019\u00e9criture et au politique dans l\u2019art. En 1980 elle obtenait un Ph. D. en litt\u00e9rature qui proposait une lecture crois\u00e9e des \u00e9crits et pratiques picturales de l\u2019Avant-garde russe. En 1992, elle devient professeure \u00e0 l\u2019\u00c9cole des arts visuels et m\u00e9diatiques de l\u2019Universit\u00e9 [&hellip;]<\/p>\n","protected":false},"author":101011,"featured_media":0,"parent":59,"menu_order":0,"comment_status":"closed","ping_status":"closed","template":"page-templates\/front-page.php","meta":{"footnotes":""},"class_list":["post-165","page","type-page","status-publish","hentry"],"_links":{"self":[{"href":"https:\/\/www.methodologiesrecherchecreation.uqam.ca\/index.php?rest_route=\/wp\/v2\/pages\/165","targetHints":{"allow":["GET"]}}],"collection":[{"href":"https:\/\/www.methodologiesrecherchecreation.uqam.ca\/index.php?rest_route=\/wp\/v2\/pages"}],"about":[{"href":"https:\/\/www.methodologiesrecherchecreation.uqam.ca\/index.php?rest_route=\/wp\/v2\/types\/page"}],"author":[{"embeddable":true,"href":"https:\/\/www.methodologiesrecherchecreation.uqam.ca\/index.php?rest_route=\/wp\/v2\/users\/101011"}],"replies":[{"embeddable":true,"href":"https:\/\/www.methodologiesrecherchecreation.uqam.ca\/index.php?rest_route=%2Fwp%2Fv2%2Fcomments&post=165"}],"version-history":[{"count":9,"href":"https:\/\/www.methodologiesrecherchecreation.uqam.ca\/index.php?rest_route=\/wp\/v2\/pages\/165\/revisions"}],"predecessor-version":[{"id":924,"href":"https:\/\/www.methodologiesrecherchecreation.uqam.ca\/index.php?rest_route=\/wp\/v2\/pages\/165\/revisions\/924"}],"up":[{"embeddable":true,"href":"https:\/\/www.methodologiesrecherchecreation.uqam.ca\/index.php?rest_route=\/wp\/v2\/pages\/59"}],"wp:attachment":[{"href":"https:\/\/www.methodologiesrecherchecreation.uqam.ca\/index.php?rest_route=%2Fwp%2Fv2%2Fmedia&parent=165"}],"curies":[{"name":"wp","href":"https:\/\/api.w.org\/{rel}","templated":true}]}}