{"id":1062,"date":"2014-03-21T00:01:54","date_gmt":"2014-03-20T23:01:54","guid":{"rendered":"https:\/\/www.methodologiesrecherchecreation.uqam.ca\/?page_id=1062"},"modified":"2014-03-27T20:12:04","modified_gmt":"2014-03-27T19:12:04","slug":"videos","status":"publish","type":"page","link":"https:\/\/www.methodologiesrecherchecreation.uqam.ca\/?page_id=1062","title":{"rendered":"Vid\u00e9os"},"content":{"rendered":"<h2><span style=\"text-decoration: underline; color: #9900ff;\"><span style=\"text-decoration: underline;\"><strong><span style=\"text-decoration: underline;\"><span style=\"text-decoration: underline;\"><a title=\"1. La d\u00e9limitation du territoire : sp\u00e9cificit\u00e9 de la recherche-cr\u00e9ation\" href=\"https:\/\/www.methodologiesrecherchecreation.uqam.ca\/?page_id=565\"><span style=\"color: #9900ff; text-decoration: underline;\">1. La d\u00e9limitation du territoire : Sp\u00e9cificit\u00e9 de la recherche cr\u00e9ation<\/span><\/a><\/span><\/span><\/strong><\/span><\/span><\/h2>\n<p><iframe loading=\"lazy\" src=\"\/\/www.youtube.com\/embed\/LlXYili0T0k?feature=player_detailpage\" height=\"360\" width=\"640\" allowfullscreen=\"\" frameborder=\"0\"><\/iframe><\/p>\n<h2><\/h2>\n<h2><span style=\"text-decoration: underline;\"><span style=\"color: #9900ff;\"><strong><a title=\"2. Cr\u00e9ation artistique et cognition\" href=\"https:\/\/www.methodologiesrecherchecreation.uqam.ca\/?page_id=567\"><span style=\"color: #9900ff; text-decoration: underline;\">2. Cr\u00e9ation artistique et cognition<\/span><\/a><\/strong><\/span><\/span><\/h2>\n<p><iframe loading=\"lazy\" src=\"\/\/www.youtube.com\/embed\/fXxSrv9spsw?feature=player_detailpage\" height=\"360\" width=\"640\" allowfullscreen=\"\" frameborder=\"0\"><\/iframe><\/p>\n<p>&nbsp;<\/p>\n<h2><span style=\"text-decoration: underline;\"><span style=\"color: #9900ff;\"><strong><a title=\"3. La recherche-cr\u00e9ation entre th\u00e9orie et pratique\" href=\"https:\/\/www.methodologiesrecherchecreation.uqam.ca\/?page_id=569\"><span style=\"color: #9900ff; text-decoration: underline;\">3. La recherche-cr\u00e9ation entre th\u00e9orie et pratique<\/span><\/a><\/strong><\/span><\/span><\/h2>\n<p><iframe loading=\"lazy\" src=\"\/\/www.youtube.com\/embed\/aErlj2Gq-Ic?feature=player_detailpage\" height=\"360\" width=\"640\" allowfullscreen=\"\" frameborder=\"0\"><\/iframe><\/p>\n<p><iframe loading=\"lazy\" src=\"\/\/www.youtube.com\/embed\/zzpggFkirNo?feature=player_detailpage\" height=\"360\" width=\"640\" allowfullscreen=\"\" frameborder=\"0\"><\/iframe><\/p>\n<p>&nbsp;<\/p>\n<h2><span style=\"text-decoration: underline;\"><span style=\"color: #9900ff; text-decoration: underline;\"><strong><a title=\"4. \u00ab DEMO or Die \u00bb (Negroponte)\" href=\"https:\/\/www.methodologiesrecherchecreation.uqam.ca\/?page_id=571\"><span style=\"color: #9900ff; text-decoration: underline;\">4. \u00ab Demo or Die \u00bb (Negroponte)<\/span><\/a><\/strong><\/span><\/span><\/h2>\n<h2><iframe loading=\"lazy\" style=\"line-height: 1.714285714; font-size: 1rem;\" src=\"\/\/www.youtube.com\/embed\/0UaxqoGYLh4?feature=player_detailpage\" height=\"360\" width=\"640\" allowfullscreen=\"\" frameborder=\"0\"><\/iframe><\/h2>\n<p><iframe loading=\"lazy\" src=\"\/\/www.youtube.com\/embed\/11J-yNV_pvk?feature=player_detailpage\" height=\"360\" width=\"640\" allowfullscreen=\"\" frameborder=\"0\"><\/iframe><\/p>\n<p>&nbsp;<\/p>\n<h2><span style=\"text-decoration: underline;\"><span style=\"color: #9900ff; text-decoration: underline;\"><strong><a title=\"5. Typologie des nouvelles approches m\u00e9thodologiques en art\" href=\"https:\/\/www.methodologiesrecherchecreation.uqam.ca\/?page_id=573\"><span style=\"color: #9900ff; text-decoration: underline;\">5. Typologie des nouvelles approches m\u00e9thodologiques en art<\/span><\/a><\/strong><\/span><\/span><\/h2>\n<p><iframe loading=\"lazy\" src=\"\/\/www.youtube.com\/embed\/uzyIql2-vUg?feature=player_detailpage\" height=\"360\" width=\"640\" allowfullscreen=\"\" frameborder=\"0\"><\/iframe><\/p>\n<p>&nbsp;<\/p>\n<h2><span style=\"text-decoration: underline;\"><span style=\"color: #9900ff; text-decoration: underline;\"><strong><a title=\"6. M\u00e9thodes hasardeuses\" href=\"https:\/\/www.methodologiesrecherchecreation.uqam.ca\/?page_id=575\"><span style=\"color: #9900ff; text-decoration: underline;\">6. M\u00e9thodes hasardeuses<\/span><\/a><\/strong><\/span><\/span><\/h2>\n<p><iframe loading=\"lazy\" src=\"\/\/www.youtube.com\/embed\/oQm-eR8eQVI?feature=player_detailpage\" height=\"360\" width=\"640\" allowfullscreen=\"\" frameborder=\"0\"><\/iframe><\/p>\n","protected":false},"excerpt":{"rendered":"<p>1. La d\u00e9limitation du territoire : Sp\u00e9cificit\u00e9 de la recherche cr\u00e9ation 2. Cr\u00e9ation artistique et cognition &nbsp; 3. La recherche-cr\u00e9ation entre th\u00e9orie et pratique &nbsp; 4. \u00ab Demo or Die \u00bb (Negroponte) &nbsp; 5. Typologie des nouvelles approches m\u00e9thodologiques en art &nbsp; 6. M\u00e9thodes hasardeuses<\/p>\n","protected":false},"author":101011,"featured_media":0,"parent":0,"menu_order":0,"comment_status":"closed","ping_status":"closed","template":"","meta":{"footnotes":""},"class_list":["post-1062","page","type-page","status-publish","hentry"],"_links":{"self":[{"href":"https:\/\/www.methodologiesrecherchecreation.uqam.ca\/index.php?rest_route=\/wp\/v2\/pages\/1062","targetHints":{"allow":["GET"]}}],"collection":[{"href":"https:\/\/www.methodologiesrecherchecreation.uqam.ca\/index.php?rest_route=\/wp\/v2\/pages"}],"about":[{"href":"https:\/\/www.methodologiesrecherchecreation.uqam.ca\/index.php?rest_route=\/wp\/v2\/types\/page"}],"author":[{"embeddable":true,"href":"https:\/\/www.methodologiesrecherchecreation.uqam.ca\/index.php?rest_route=\/wp\/v2\/users\/101011"}],"replies":[{"embeddable":true,"href":"https:\/\/www.methodologiesrecherchecreation.uqam.ca\/index.php?rest_route=%2Fwp%2Fv2%2Fcomments&post=1062"}],"version-history":[{"count":16,"href":"https:\/\/www.methodologiesrecherchecreation.uqam.ca\/index.php?rest_route=\/wp\/v2\/pages\/1062\/revisions"}],"predecessor-version":[{"id":1405,"href":"https:\/\/www.methodologiesrecherchecreation.uqam.ca\/index.php?rest_route=\/wp\/v2\/pages\/1062\/revisions\/1405"}],"wp:attachment":[{"href":"https:\/\/www.methodologiesrecherchecreation.uqam.ca\/index.php?rest_route=%2Fwp%2Fv2%2Fmedia&parent=1062"}],"curies":[{"name":"wp","href":"https:\/\/api.w.org\/{rel}","templated":true}]}}